{"id":49678,"date":"2025-10-17T06:32:15","date_gmt":"2025-10-17T06:32:15","guid":{"rendered":"https:\/\/fundacionrafanadal.quelinka.es\/?page_id=49678"},"modified":"2026-05-12T13:13:58","modified_gmt":"2026-05-12T13:13:58","slug":"qui-som","status":"publish","type":"page","link":"https:\/\/www.fundacionrafanadal.org\/ca\/qui-som\/","title":{"rendered":"Qui som"},"content":{"rendered":"\n<div class=\"wp-block-columns quienes-somos is-layout-flex wp-container-core-columns-is-layout-ec2e7a44 wp-block-columns-is-layout-flex\" style=\"padding-top:0;padding-bottom:0\" aria-labelledby=\"quienes-somos--title\">\n<div class=\"wp-block-column is-layout-flow wp-block-column-is-layout-flow\">\n<div class=\"wp-block-cover\"><img decoding=\"async\" width=\"900\" height=\"350\" class=\"wp-block-cover__image-background wp-image-27421 size-block-imagen\" alt=\"\" src=\"https:\/\/www.fundacionrafanadal.org\/wp-content\/uploads\/2025\/10\/aliados-1-900x350.jpg\" style=\"object-position:57% 53%\" data-object-fit=\"cover\" data-object-position=\"57% 53%\"\/><span aria-hidden=\"true\" class=\"wp-block-cover__background has-background-dim-0 has-background-dim\"><\/span><div class=\"wp-block-cover__inner-container is-layout-constrained wp-block-cover-is-layout-constrained\">\n<p class=\"has-text-align-center has-large-font-size\"><\/p>\n<\/div><\/div>\n<\/div>\n\n\n\n<div class=\"wp-block-column is-layout-flow wp-block-column-is-layout-flow\">\n<h2 class=\"wp-block-heading\" id=\"quienes-somos--title\">Equip<\/h2>\n\n\n\n<p style=\"padding-top:0px;padding-right:0px;padding-bottom:0px;padding-left:0px\">Posem sempre la persona sempre al centre.<\/p>\n\n\n\n<p>La calidad humana debe estar por encima de todo, y eso hace que en la Fundaci\u00f3n Rafa Nadal La qualitat humana ha d\u2019estar per sobre de tot, i aix\u00f2 fa que a la Fundaci\u00f3 Rafa Nadal siguem un equip comprom\u00e8s, motivat i amb un sentit del prop\u00f2sit compartit.seamos un equipo comprometido, motivado y con un sentido del prop\u00f3sito compartido.<\/p>\n\n\n\n<div class=\"wp-block-buttons is-layout-flex wp-block-buttons-is-layout-flex\">\n<div class=\"wp-block-button\"><a class=\"wp-block-button__link wp-element-button\" href=\"https:\/\/www.fundacionrafanadal.org\/ca\/noticia\/la-fundacion-rafa-nadal-y-la-fundacion-athletic-club-presentan-su-alianza-por-la-proteccion-integral-y-buen-trato-a-la-infancia-en-el-deporte\/equipo\/\">Saber m\u00e9s<\/a><\/div>\n<\/div>\n<\/div>\n<\/div>\n\n\n\n<div class=\"wp-block-columns patronato is-layout-flex wp-container-core-columns-is-layout-ec2e7a44 wp-block-columns-is-layout-flex\" style=\"padding-top:0;padding-bottom:0\" aria-labelledby=\"patronato--title\">\n<div class=\"wp-block-column is-layout-flow wp-block-column-is-layout-flow\">\n<h2 class=\"wp-block-heading\" id=\"patronato--title\">Patronat<\/h2>\n\n\n\n<p>Juntament amb Rafael, el patronat est\u00e0 compost pel seu m\u00e9s estret vincle familiar, aix\u00ed com per destacades personalitats que comparteixen la filosofia i els valors solidaris del tennista.<\/p>\n\n\n\n<div class=\"wp-block-buttons is-layout-flex wp-block-buttons-is-layout-flex\">\n<div class=\"wp-block-button\"><a class=\"wp-block-button__link wp-element-button\" href=\"https:\/\/www.fundacionrafanadal.org\/fundacion\/patronato\/\">Saber m\u00c9s<\/a><\/div>\n<\/div>\n<\/div>\n\n\n\n<div class=\"wp-block-column has-background is-layout-flow wp-block-column-is-layout-flow\" style=\"background-color:#fdf7e8;padding-top:60px;padding-right:20px;padding-bottom:60px;padding-left:20px\">\n\n\r\n<div\r\n\t\tclass=\"align wp-block-ttb-text-typing\"\tid='ttbTextTyping-1'\r\n\tdata-attributes='{&quot;prefixText&quot;:&quot;#&quot;,&quot;typingContents&quot;:[{&quot;text&quot;:&quot;uni\\u00f3n&quot;,&quot;color&quot;:&quot;rgba(144, 107, 19, 1)&quot;},{&quot;text&quot;:&quot;compromiso&quot;,&quot;color&quot;:&quot;rgba(144, 107, 19, 1)&quot;},{&quot;text&quot;:&quot;desarrollo&quot;,&quot;color&quot;:&quot;rgba(144, 107, 19, 1)&quot;},{&quot;text&quot;:&quot;cambio&quot;,&quot;color&quot;:&quot;rgba(144, 107, 19, 1)&quot;}],&quot;suffixText&quot;:&quot; &quot;,&quot;startDelay&quot;:0,&quot;backDelay&quot;:2000,&quot;prefixTypo&quot;:{&quot;fontSize&quot;:{&quot;desktop&quot;:&quot;2.5rem&quot;,&quot;tablet&quot;:&quot;20&quot;,&quot;mobile&quot;:&quot;18&quot;},&quot;fontWeight&quot;:400,&quot;fontVariant&quot;:400,&quot;fontFamily&quot;:&quot;Montserrat&quot;,&quot;fontCategory&quot;:&quot;sans-serif&quot;},&quot;prefixColor&quot;:&quot;rgba(144, 107, 19, 1)&quot;,&quot;typingContentsTypo&quot;:{&quot;fontSize&quot;:{&quot;desktop&quot;:&quot;2.5rem&quot;,&quot;tablet&quot;:&quot;20&quot;,&quot;mobile&quot;:&quot;18&quot;},&quot;fontWeight&quot;:400,&quot;isUploadFont&quot;:false,&quot;fontFamily&quot;:&quot;Montserrat&quot;,&quot;fontCategory&quot;:&quot;sans-serif&quot;,&quot;fontVariant&quot;:&quot;400&quot;},&quot;border&quot;:{&quot;radius&quot;:&quot;0px&quot;,&quot;width&quot;:&quot;0px&quot;,&quot;style&quot;:&quot;solid&quot;,&quot;color&quot;:&quot;#000000&quot;},&quot;align&quot;:&quot;&quot;,&quot;effects&quot;:{&quot;effect&quot;:&quot;matrix&quot;},&quot;themes&quot;:{&quot;theme&quot;:&quot;default&quot;},&quot;terminal&quot;:{&quot;headerText&quot;:&quot;developer@portfolio&quot;},&quot;typeSpeed&quot;:100,&quot;backSpeed&quot;:75,&quot;isShuffle&quot;:false,&quot;isFadeOut&quot;:false,&quot;fadeOutDelay&quot;:500,&quot;isLoop&quot;:true,&quot;loopCount&quot;:0,&quot;isCursor&quot;:true,&quot;cursorChar&quot;:&quot;|&quot;,&quot;textAlign&quot;:&quot;center&quot;,&quot;background&quot;:{&quot;color&quot;:&quot;transparent&quot;},&quot;terminalHeadingBg&quot;:{&quot;color&quot;:&quot;#2b2b3c&quot;},&quot;terminalHeadingTextColor&quot;:&quot;#ccc&quot;,&quot;terminalHeadTypo&quot;:{&quot;fontSize&quot;:{&quot;desktop&quot;:12,&quot;tablet&quot;:12,&quot;mobile&quot;:12}},&quot;isIcon&quot;:true,&quot;iconList&quot;:{&quot;size&quot;:60,&quot;uploadIconUrl&quot;:&quot;https:\\\/\\\/i.ibb.co.com\\\/Y4DRLrNL\\\/deciduous-tree-1f333.png&quot;},&quot;padding&quot;:{&quot;vertical&quot;:&quot;10px&quot;,&quot;horizontal&quot;:&quot;15px&quot;},&quot;content&quot;:&quot;Animated text for animation&quot;,&quot;textAlignment&quot;:&quot;center&quot;,&quot;color&quot;:&quot;#fff&quot;,&quot;repeat&quot;:true,&quot;suffixTypo&quot;:{&quot;fontSize&quot;:{&quot;desktop&quot;:22,&quot;tablet&quot;:20,&quot;mobile&quot;:18}},&quot;suffixColor&quot;:&quot;#333&quot;,&quot;isRandomColor&quot;:true,&quot;isCustomBG&quot;:false,&quot;animatedSize&quot;:{&quot;width&quot;:{&quot;desktop&quot;:&quot;100%&quot;,&quot;tablet&quot;:&quot;&quot;,&quot;mobile&quot;:&quot;&quot;},&quot;height&quot;:{&quot;desktop&quot;:&quot;200px&quot;,&quot;tablet&quot;:&quot;&quot;,&quot;mobile&quot;:&quot;&quot;}},&quot;iconSize&quot;:{&quot;width&quot;:{&quot;desktop&quot;:&quot;60px&quot;,&quot;tablet&quot;:&quot;&quot;,&quot;mobile&quot;:&quot;&quot;}},&quot;attributesForBlocks&quot;:[]}' data-ispremium=''\r\n><\/div><\/div>\n<\/div>\n\n\n\n<div class=\"wp-block-columns rafael-nadal is-layout-flex wp-container-core-columns-is-layout-ec2e7a44 wp-block-columns-is-layout-flex\" style=\"padding-top:0;padding-bottom:0\" aria-labelledby=\"rafael-nadal--title\">\n<div class=\"wp-block-column is-layout-flow wp-block-column-is-layout-flow\">\n<div class=\"wp-block-cover is-light\"><img decoding=\"async\" width=\"900\" height=\"350\" class=\"wp-block-cover__image-background wp-image-27427 size-block-imagen\" alt=\"\" src=\"https:\/\/www.fundacionrafanadal.org\/wp-content\/uploads\/2025\/10\/\u00a9-Rafa-Nadal-Foundation-4-900x350.jpg\" data-object-fit=\"cover\"\/><span aria-hidden=\"true\" class=\"wp-block-cover__background has-background-dim-0 has-background-dim\"><\/span><div class=\"wp-block-cover__inner-container is-layout-constrained wp-block-cover-is-layout-constrained\">\n<p class=\"has-text-align-center has-large-font-size\"><\/p>\n<\/div><\/div>\n<\/div>\n\n\n\n<div class=\"wp-block-column is-layout-flow wp-block-column-is-layout-flow\">\n<h2 class=\"wp-block-heading\" id=\"rafael-nadal--title\">Rafael Nadal<\/h2>\n\n\n\n<p style=\"padding-top:0px;padding-right:0px;padding-bottom:0px;padding-left:0px\">Els projectes m\u00e9s especials de la seva carrera i el que es convertir\u00e0 en el seu llegat solidari s\u00f3n els impulsats per la Fundaci\u00f3 Rafa Nadal a Espanya i l\u2019\u00cdndia.<\/p>\n\n\n\n<p>L\u00b4esport \u00e9s el nostre vehicle d\u00b4intervenci\u00f3.<\/p>\n\n\n\n<div class=\"wp-block-buttons is-layout-flex wp-block-buttons-is-layout-flex\">\n<div class=\"wp-block-button\"><a class=\"wp-block-button__link wp-element-button\" href=\"https:\/\/www.fundacionrafanadal.org\/fundacion\/rafael-nadal\/\">Saber m\u00c9s<\/a><\/div>\n<\/div>\n<\/div>\n<\/div>\n\n\n\n<div class=\"wp-block-cover aliados\" style=\"padding-right:20px;padding-left:20px\" aria-labelledby=\"aliados--title\"><img decoding=\"async\" width=\"1024\" height=\"321\" class=\"wp-block-cover__image-background wp-image-27429 size-large\" alt=\"\" src=\"https:\/\/www.fundacionrafanadal.org\/wp-content\/uploads\/2025\/10\/comunica-transparencia-1024x321.jpg\" data-object-fit=\"cover\" srcset=\"https:\/\/www.fundacionrafanadal.org\/wp-content\/uploads\/2025\/10\/comunica-transparencia-1024x321.jpg 1024w, https:\/\/www.fundacionrafanadal.org\/wp-content\/uploads\/2025\/10\/comunica-transparencia-300x94.jpg 300w, https:\/\/www.fundacionrafanadal.org\/wp-content\/uploads\/2025\/10\/comunica-transparencia-768x241.jpg 768w, https:\/\/www.fundacionrafanadal.org\/wp-content\/uploads\/2025\/10\/comunica-transparencia-1536x482.jpg 1536w, https:\/\/www.fundacionrafanadal.org\/wp-content\/uploads\/2025\/10\/comunica-transparencia-900x283.jpg 900w, https:\/\/www.fundacionrafanadal.org\/wp-content\/uploads\/2025\/10\/comunica-transparencia-44x14.jpg 44w, https:\/\/www.fundacionrafanadal.org\/wp-content\/uploads\/2025\/10\/comunica-transparencia.jpg 1800w\" sizes=\"(max-width: 1024px) 100vw, 1024px\" \/><span aria-hidden=\"true\" class=\"wp-block-cover__background has-black-background-color has-background-dim-30 has-background-dim\"><\/span><div class=\"wp-block-cover__inner-container is-layout-constrained wp-container-core-cover-is-layout-3b0f2f7d wp-block-cover-is-layout-constrained\">\n<div class=\"wp-block-group has-background\" style=\"background-color:#3333331a\"><div class=\"wp-block-group__inner-container is-layout-constrained wp-block-group-is-layout-constrained\">\n<h2 class=\"wp-block-heading has-text-align-center\" id=\"aliados--title\">Aliats<\/h2>\n\n\n\n<p class=\"has-text-align-center has-medium-font-size\"><strong>Hem constru\u00eft col\u00b7laboracions de valor que ens acompanyen en aquest cam\u00ed.<\/strong><\/p>\n\n\n\n<div style=\"height:30px\" aria-hidden=\"true\" class=\"wp-block-spacer\"><\/div>\n\n\n\n<div class=\"wp-block-buttons is-content-justification-center is-layout-flex wp-container-core-buttons-is-layout-a89b3969 wp-block-buttons-is-layout-flex\">\n<div class=\"wp-block-button\"><a class=\"wp-block-button__link has-text-align-center wp-element-button\" href=\"https:\/\/www.fundacionrafanadal.org\/fundacion\/alianzas\/\">Saber m\u00c9s<\/a><\/div>\n<\/div>\n<\/div><\/div>\n<\/div><\/div>\n\n\n\n<div class=\"wp-block-columns gobyali is-layout-flex wp-container-core-columns-is-layout-ec2e7a44 wp-block-columns-is-layout-flex\" style=\"padding-top:0;padding-bottom:0\" aria-labelledby=\"gobyali--title\">\n<div class=\"wp-block-column is-layout-flow wp-block-column-is-layout-flow\">\n<h2 class=\"wp-block-heading\" id=\"gobyali--title\">Gobernan\u00e7a<\/h2>\n\n\n\n<p style=\"padding-top:0px;padding-right:0px;padding-bottom:0px;padding-left:0px\"><strong>Compromesos amb el bon govern, compromesos amb les persones<\/strong>.<\/p>\n\n\n\n<div class=\"wp-block-buttons is-layout-flex wp-block-buttons-is-layout-flex\">\n<div class=\"wp-block-button\"><a class=\"wp-block-button__link wp-element-button\" href=\"https:\/\/www.fundacionrafanadal.org\/fundacion\/gobernanza\/\">Saber m\u00c9s<\/a><\/div>\n<\/div>\n<\/div>\n\n\n\n<div class=\"wp-block-column is-layout-flow wp-block-column-is-layout-flow\">\n<h2 class=\"wp-block-heading\" id=\"\">Transpar\u00e8ncia<\/h2>\n\n\n\n<p style=\"padding-top:0px;padding-right:0px;padding-bottom:0px;padding-left:0px\">Actuar sota els criteris de transpar\u00e8ncia \u00e9s el deure de la fundaci\u00f3 i ho fem amb el m\u00e0xim rigor.<\/p>\n\n\n\n<div class=\"wp-block-buttons is-layout-flex wp-block-buttons-is-layout-flex\">\n<div class=\"wp-block-button\"><a class=\"wp-block-button__link wp-element-button\" href=\"https:\/\/www.fundacionrafanadal.org\/fundacion\/transparencia\/\">Saber m\u00c9s<\/a><\/div>\n<\/div>\n<\/div>\n<\/div>\n\n\n\n<div style=\"height:100px\" aria-hidden=\"true\" class=\"wp-block-spacer\"><\/div>\n\n\n<div class=\"wp-block-image circles--end\">\n<figure class=\"aligncenter size-full\"><img decoding=\"async\" width=\"820\" height=\"147\" src=\"https:\/\/www.fundacionrafanadal.org\/wp-content\/uploads\/2025\/10\/circles-end.jpg\" alt=\"\" class=\"wp-image-27101\" srcset=\"https:\/\/www.fundacionrafanadal.org\/wp-content\/uploads\/2025\/10\/circles-end.jpg 820w, https:\/\/www.fundacionrafanadal.org\/wp-content\/uploads\/2025\/10\/circles-end-300x54.jpg 300w, https:\/\/www.fundacionrafanadal.org\/wp-content\/uploads\/2025\/10\/circles-end-768x138.jpg 768w, https:\/\/www.fundacionrafanadal.org\/wp-content\/uploads\/2025\/10\/circles-end-44x8.jpg 44w\" sizes=\"(max-width: 820px) 100vw, 820px\" \/><\/figure>\n<\/div>","protected":false},"excerpt":{"rendered":"<p>Equip Posem sempre la persona sempre al centre. La calidad humana debe estar por encima de todo, y eso hace que en la Fundaci\u00f3n Rafa Nadal La qualitat humana ha d\u2019estar per sobre de tot, i aix\u00f2 fa que a la Fundaci\u00f3 Rafa Nadal siguem un equip comprom\u00e8s, motivat i amb un sentit del prop\u00f2sit [&hellip;]<\/p>\n","protected":false},"author":1,"featured_media":49677,"parent":0,"menu_order":0,"comment_status":"closed","ping_status":"closed","template":"templates\/template-quienes-somos.php","meta":{"_acf_changed":false,"give_campaign_id":0,"inline_featured_image":false,"footnotes":""},"class_list":["post-49678","page","type-page","status-publish","has-post-thumbnail","hentry"],"acf":[],"yoast_head":"<!-- This site is optimized with the Yoast SEO plugin v27.4 - https:\/\/yoast.com\/product\/yoast-seo-wordpress\/ -->\n<title>Qui som - Fundaci\u00f3n Rafa Nadal<\/title>\n<meta name=\"robots\" content=\"index, follow, max-snippet:-1, max-image-preview:large, max-video-preview:-1\" \/>\n<link rel=\"canonical\" href=\"https:\/\/www.fundacionrafanadal.org\/ca\/qui-som\/\" \/>\n<meta property=\"og:locale\" content=\"ca_ES\" \/>\n<meta property=\"og:type\" content=\"article\" \/>\n<meta property=\"og:title\" content=\"Qui som - Fundaci\u00f3n Rafa Nadal\" \/>\n<meta property=\"og:description\" content=\"Equip Posem sempre la persona sempre al centre. La calidad humana debe estar por encima de todo, y eso hace que en la Fundaci\u00f3n Rafa Nadal La qualitat humana ha d\u2019estar per sobre de tot, i aix\u00f2 fa que a la Fundaci\u00f3 Rafa Nadal siguem un equip comprom\u00e8s, motivat i amb un sentit del prop\u00f2sit [&hellip;]\" \/>\n<meta property=\"og:url\" content=\"https:\/\/www.fundacionrafanadal.org\/ca\/qui-som\/\" \/>\n<meta property=\"og:site_name\" content=\"Fundaci\u00f3n Rafa Nadal\" \/>\n<meta property=\"article:modified_time\" content=\"2026-05-12T13:13:58+00:00\" \/>\n<meta property=\"og:image\" content=\"https:\/\/www.fundacionrafanadal.org\/wp-content\/uploads\/2025\/10\/cabecera-frn-historia-1024x261-1.jpg\" \/>\n\t<meta property=\"og:image:width\" content=\"1024\" \/>\n\t<meta property=\"og:image:height\" content=\"261\" \/>\n\t<meta property=\"og:image:type\" content=\"image\/jpeg\" \/>\n<meta name=\"twitter:card\" content=\"summary_large_image\" \/>\n<meta name=\"twitter:label1\" content=\"Temps estimat de lectura\" \/>\n\t<meta name=\"twitter:data1\" content=\"2 minuts\" \/>\n<script type=\"application\/ld+json\" class=\"yoast-schema-graph\">{\"@context\":\"https:\\\/\\\/schema.org\",\"@graph\":[{\"@type\":\"WebPage\",\"@id\":\"https:\\\/\\\/www.fundacionrafanadal.org\\\/ca\\\/qui-som\\\/\",\"url\":\"https:\\\/\\\/www.fundacionrafanadal.org\\\/ca\\\/qui-som\\\/\",\"name\":\"Qui som - Fundaci\u00f3n Rafa Nadal\",\"isPartOf\":{\"@id\":\"https:\\\/\\\/www.fundacionrafanadal.org\\\/ca\\\/#website\"},\"primaryImageOfPage\":{\"@id\":\"https:\\\/\\\/www.fundacionrafanadal.org\\\/ca\\\/qui-som\\\/#primaryimage\"},\"image\":{\"@id\":\"https:\\\/\\\/www.fundacionrafanadal.org\\\/ca\\\/qui-som\\\/#primaryimage\"},\"thumbnailUrl\":\"https:\\\/\\\/www.fundacionrafanadal.org\\\/wp-content\\\/uploads\\\/2025\\\/10\\\/cabecera-frn-historia-1024x261-1.jpg\",\"datePublished\":\"2025-10-17T06:32:15+00:00\",\"dateModified\":\"2026-05-12T13:13:58+00:00\",\"breadcrumb\":{\"@id\":\"https:\\\/\\\/www.fundacionrafanadal.org\\\/ca\\\/qui-som\\\/#breadcrumb\"},\"inLanguage\":\"ca\",\"potentialAction\":[{\"@type\":\"ReadAction\",\"target\":[\"https:\\\/\\\/www.fundacionrafanadal.org\\\/ca\\\/qui-som\\\/\"]}]},{\"@type\":\"ImageObject\",\"inLanguage\":\"ca\",\"@id\":\"https:\\\/\\\/www.fundacionrafanadal.org\\\/ca\\\/qui-som\\\/#primaryimage\",\"url\":\"https:\\\/\\\/www.fundacionrafanadal.org\\\/wp-content\\\/uploads\\\/2025\\\/10\\\/cabecera-frn-historia-1024x261-1.jpg\",\"contentUrl\":\"https:\\\/\\\/www.fundacionrafanadal.org\\\/wp-content\\\/uploads\\\/2025\\\/10\\\/cabecera-frn-historia-1024x261-1.jpg\",\"width\":1024,\"height\":261},{\"@type\":\"BreadcrumbList\",\"@id\":\"https:\\\/\\\/www.fundacionrafanadal.org\\\/ca\\\/qui-som\\\/#breadcrumb\",\"itemListElement\":[{\"@type\":\"ListItem\",\"position\":1,\"name\":\"Portada\",\"item\":\"https:\\\/\\\/www.fundacionrafanadal.org\\\/ca\\\/\"},{\"@type\":\"ListItem\",\"position\":2,\"name\":\"Qui som\"}]},{\"@type\":\"WebSite\",\"@id\":\"https:\\\/\\\/www.fundacionrafanadal.org\\\/ca\\\/#website\",\"url\":\"https:\\\/\\\/www.fundacionrafanadal.org\\\/ca\\\/\",\"name\":\"Fundaci\u00f3n Rafa Nadal\",\"description\":\"\",\"potentialAction\":[{\"@type\":\"SearchAction\",\"target\":{\"@type\":\"EntryPoint\",\"urlTemplate\":\"https:\\\/\\\/www.fundacionrafanadal.org\\\/ca\\\/?s={search_term_string}\"},\"query-input\":{\"@type\":\"PropertyValueSpecification\",\"valueRequired\":true,\"valueName\":\"search_term_string\"}}],\"inLanguage\":\"ca\"}]}<\/script>\n<!-- \/ Yoast SEO plugin. -->","yoast_head_json":{"title":"Qui som - Fundaci\u00f3n Rafa Nadal","robots":{"index":"index","follow":"follow","max-snippet":"max-snippet:-1","max-image-preview":"max-image-preview:large","max-video-preview":"max-video-preview:-1"},"canonical":"https:\/\/www.fundacionrafanadal.org\/ca\/qui-som\/","og_locale":"ca_ES","og_type":"article","og_title":"Qui som - Fundaci\u00f3n Rafa Nadal","og_description":"Equip Posem sempre la persona sempre al centre. La calidad humana debe estar por encima de todo, y eso hace que en la Fundaci\u00f3n Rafa Nadal La qualitat humana ha d\u2019estar per sobre de tot, i aix\u00f2 fa que a la Fundaci\u00f3 Rafa Nadal siguem un equip comprom\u00e8s, motivat i amb un sentit del prop\u00f2sit [&hellip;]","og_url":"https:\/\/www.fundacionrafanadal.org\/ca\/qui-som\/","og_site_name":"Fundaci\u00f3n Rafa Nadal","article_modified_time":"2026-05-12T13:13:58+00:00","og_image":[{"width":1024,"height":261,"url":"https:\/\/www.fundacionrafanadal.org\/wp-content\/uploads\/2025\/10\/cabecera-frn-historia-1024x261-1.jpg","type":"image\/jpeg"}],"twitter_card":"summary_large_image","twitter_misc":{"Temps estimat de lectura":"2 minuts"},"schema":{"@context":"https:\/\/schema.org","@graph":[{"@type":"WebPage","@id":"https:\/\/www.fundacionrafanadal.org\/ca\/qui-som\/","url":"https:\/\/www.fundacionrafanadal.org\/ca\/qui-som\/","name":"Qui som - Fundaci\u00f3n Rafa Nadal","isPartOf":{"@id":"https:\/\/www.fundacionrafanadal.org\/ca\/#website"},"primaryImageOfPage":{"@id":"https:\/\/www.fundacionrafanadal.org\/ca\/qui-som\/#primaryimage"},"image":{"@id":"https:\/\/www.fundacionrafanadal.org\/ca\/qui-som\/#primaryimage"},"thumbnailUrl":"https:\/\/www.fundacionrafanadal.org\/wp-content\/uploads\/2025\/10\/cabecera-frn-historia-1024x261-1.jpg","datePublished":"2025-10-17T06:32:15+00:00","dateModified":"2026-05-12T13:13:58+00:00","breadcrumb":{"@id":"https:\/\/www.fundacionrafanadal.org\/ca\/qui-som\/#breadcrumb"},"inLanguage":"ca","potentialAction":[{"@type":"ReadAction","target":["https:\/\/www.fundacionrafanadal.org\/ca\/qui-som\/"]}]},{"@type":"ImageObject","inLanguage":"ca","@id":"https:\/\/www.fundacionrafanadal.org\/ca\/qui-som\/#primaryimage","url":"https:\/\/www.fundacionrafanadal.org\/wp-content\/uploads\/2025\/10\/cabecera-frn-historia-1024x261-1.jpg","contentUrl":"https:\/\/www.fundacionrafanadal.org\/wp-content\/uploads\/2025\/10\/cabecera-frn-historia-1024x261-1.jpg","width":1024,"height":261},{"@type":"BreadcrumbList","@id":"https:\/\/www.fundacionrafanadal.org\/ca\/qui-som\/#breadcrumb","itemListElement":[{"@type":"ListItem","position":1,"name":"Portada","item":"https:\/\/www.fundacionrafanadal.org\/ca\/"},{"@type":"ListItem","position":2,"name":"Qui som"}]},{"@type":"WebSite","@id":"https:\/\/www.fundacionrafanadal.org\/ca\/#website","url":"https:\/\/www.fundacionrafanadal.org\/ca\/","name":"Fundaci\u00f3n Rafa Nadal","description":"","potentialAction":[{"@type":"SearchAction","target":{"@type":"EntryPoint","urlTemplate":"https:\/\/www.fundacionrafanadal.org\/ca\/?s={search_term_string}"},"query-input":{"@type":"PropertyValueSpecification","valueRequired":true,"valueName":"search_term_string"}}],"inLanguage":"ca"}]}},"campaignId":"","_links":{"self":[{"href":"https:\/\/www.fundacionrafanadal.org\/ca\/wp-json\/wp\/v2\/pages\/49678","targetHints":{"allow":["GET"]}}],"collection":[{"href":"https:\/\/www.fundacionrafanadal.org\/ca\/wp-json\/wp\/v2\/pages"}],"about":[{"href":"https:\/\/www.fundacionrafanadal.org\/ca\/wp-json\/wp\/v2\/types\/page"}],"author":[{"embeddable":true,"href":"https:\/\/www.fundacionrafanadal.org\/ca\/wp-json\/wp\/v2\/users\/1"}],"replies":[{"embeddable":true,"href":"https:\/\/www.fundacionrafanadal.org\/ca\/wp-json\/wp\/v2\/comments?post=49678"}],"version-history":[{"count":3,"href":"https:\/\/www.fundacionrafanadal.org\/ca\/wp-json\/wp\/v2\/pages\/49678\/revisions"}],"predecessor-version":[{"id":70555,"href":"https:\/\/www.fundacionrafanadal.org\/ca\/wp-json\/wp\/v2\/pages\/49678\/revisions\/70555"}],"wp:featuredmedia":[{"embeddable":true,"href":"https:\/\/www.fundacionrafanadal.org\/ca\/wp-json\/wp\/v2\/media\/49677"}],"wp:attachment":[{"href":"https:\/\/www.fundacionrafanadal.org\/ca\/wp-json\/wp\/v2\/media?parent=49678"}],"curies":[{"name":"wp","href":"https:\/\/api.w.org\/{rel}","templated":true}]}}