{"id":49755,"date":"2025-10-21T09:35:41","date_gmt":"2025-10-21T09:35:41","guid":{"rendered":"https:\/\/fundacionrafanadal.quelinka.es\/?page_id=49755"},"modified":"2025-12-12T10:57:40","modified_gmt":"2025-12-12T10:57:40","slug":"patronat","status":"publish","type":"page","link":"https:\/\/www.fundacionrafanadal.org\/ca\/qui-som\/patronat\/","title":{"rendered":"Patronat"},"content":{"rendered":"\n<h2 class=\"wp-block-heading\">M\u00e0xim \u00f2rgan de govern<\/h2>\n\n\n\n<p>Un patronat que comparteix valors i filosofia, aix\u00ed com vincles familiars. Treballa amb comprom\u00eds i rigorositat perqu\u00e8 els projectes de la fundaci\u00f3 es duguin a terme de la millor manera possible.<\/p>\n\n\n\n<div class=\"wp-block-group is-content-justification-center is-nowrap is-layout-flex wp-container-core-group-is-layout-23441af8 wp-block-group-is-layout-flex\" aria-labelledby=\"direccion--title\">\n<div class=\"wp-block-group is-content-justification-center is-layout-flex wp-container-core-group-is-layout-b02886af wp-block-group-is-layout-flex\">\n<div class=\"wp-block-group has-white-background-color has-background is-vertical is-content-justification-left is-layout-flex wp-container-core-group-is-layout-dd225191 wp-block-group-is-layout-flex\" style=\"border-width:2px\">\n<figure class=\"wp-block-image size-full is-resized\"><img decoding=\"async\" width=\"500\" height=\"450\" src=\"https:\/\/www.fundacionrafanadal.org\/wp-content\/uploads\/2025\/10\/anamaria-1.jpg\" alt=\"\" class=\"wp-image-27507\" style=\"object-fit:cover;width:300px;height:300px\" srcset=\"https:\/\/www.fundacionrafanadal.org\/wp-content\/uploads\/2025\/10\/anamaria-1.jpg 500w, https:\/\/www.fundacionrafanadal.org\/wp-content\/uploads\/2025\/10\/anamaria-1-300x270.jpg 300w, https:\/\/www.fundacionrafanadal.org\/wp-content\/uploads\/2025\/10\/anamaria-1-44x40.jpg 44w\" sizes=\"(max-width: 500px) 100vw, 500px\" \/><\/figure>\n\n\n\n<div style=\"height:0px\" aria-hidden=\"true\" class=\"wp-block-spacer wp-container-content-16d1eb73\"><\/div>\n\n\n\n<h4 class=\"wp-block-heading\">Ana Mar\u00eda Parera<\/h4>\n\n\n\n<p>Presidenta<\/p>\n<\/div>\n\n\n\n<div class=\"wp-block-group has-white-background-color has-background is-vertical is-content-justification-left is-layout-flex wp-container-core-group-is-layout-dd225191 wp-block-group-is-layout-flex\" style=\"border-width:2px\">\n<figure class=\"wp-block-image size-full is-resized\"><img decoding=\"async\" width=\"500\" height=\"450\" src=\"https:\/\/www.fundacionrafanadal.org\/wp-content\/uploads\/2025\/10\/RN_.jpg\" alt=\"\" class=\"wp-image-27505\" style=\"object-fit:cover;width:300px;height:300px\" srcset=\"https:\/\/www.fundacionrafanadal.org\/wp-content\/uploads\/2025\/10\/RN_.jpg 500w, https:\/\/www.fundacionrafanadal.org\/wp-content\/uploads\/2025\/10\/RN_-300x270.jpg 300w, https:\/\/www.fundacionrafanadal.org\/wp-content\/uploads\/2025\/10\/RN_-44x40.jpg 44w\" sizes=\"(max-width: 500px) 100vw, 500px\" \/><\/figure>\n\n\n\n<div style=\"height:0px\" aria-hidden=\"true\" class=\"wp-block-spacer wp-container-content-16d1eb73\"><\/div>\n\n\n\n<h4 class=\"wp-block-heading\">Rafael Nadal<\/h4>\n\n\n\n<p>Patr\u00f3\u00a0Fundador<\/p>\n<\/div>\n\n\n\n<div class=\"wp-block-group has-white-background-color has-background is-vertical is-content-justification-left is-layout-flex wp-container-core-group-is-layout-dd225191 wp-block-group-is-layout-flex\" style=\"border-width:2px\">\n<figure class=\"wp-block-image size-full is-resized\"><img decoding=\"async\" width=\"300\" height=\"269\" src=\"https:\/\/www.fundacionrafanadal.org\/wp-content\/uploads\/2025\/10\/sebastian_frn-300x269-2.jpg\" alt=\"\" class=\"wp-image-27512\" style=\"object-fit:cover;width:300px;height:300px\" srcset=\"https:\/\/www.fundacionrafanadal.org\/wp-content\/uploads\/2025\/10\/sebastian_frn-300x269-2.jpg 300w, https:\/\/www.fundacionrafanadal.org\/wp-content\/uploads\/2025\/10\/sebastian_frn-300x269-2-44x39.jpg 44w\" sizes=\"(max-width: 300px) 100vw, 300px\" \/><\/figure>\n\n\n\n<div style=\"height:0px\" aria-hidden=\"true\" class=\"wp-block-spacer wp-container-content-16d1eb73\"><\/div>\n\n\n\n<h4 class=\"wp-block-heading\">Sebasti\u00e1n Nadal<\/h4>\n\n\n\n<p>Vicepresident<\/p>\n<\/div>\n<\/div>\n<\/div>\n\n\n\n<div style=\"height:20px\" aria-hidden=\"true\" class=\"wp-block-spacer\"><\/div>\n\n\n\n<div class=\"wp-block-group is-content-justification-center is-layout-flex wp-container-core-group-is-layout-b02886af wp-block-group-is-layout-flex\" aria-labelledby=\"direccion--title\">\n<div class=\"wp-block-group is-content-justification-center is-layout-flex wp-container-core-group-is-layout-b02886af wp-block-group-is-layout-flex\">\n<div class=\"wp-block-group has-background is-vertical is-content-justification-left is-layout-flex wp-container-core-group-is-layout-dd225191 wp-block-group-is-layout-flex\" style=\"background-color:#00000008\">\n<figure class=\"wp-block-image size-full is-resized\"><img decoding=\"async\" width=\"300\" height=\"270\" src=\"https:\/\/www.fundacionrafanadal.org\/wp-content\/uploads\/2025\/10\/juanjoseok-300x270-2.jpg\" alt=\"\" class=\"wp-image-27526\" style=\"object-fit:cover;width:200px;height:200px\" srcset=\"https:\/\/www.fundacionrafanadal.org\/wp-content\/uploads\/2025\/10\/juanjoseok-300x270-2.jpg 300w, https:\/\/www.fundacionrafanadal.org\/wp-content\/uploads\/2025\/10\/juanjoseok-300x270-2-44x40.jpg 44w\" sizes=\"(max-width: 300px) 100vw, 300px\" \/><\/figure>\n\n\n\n<div style=\"height:0px\" aria-hidden=\"true\" class=\"wp-block-spacer wp-container-content-16d1eb73\"><\/div>\n\n\n\n<h4 class=\"wp-block-heading\">Juan Jos\u00e9 Almagro<\/h4>\n\n\n\n<p>Vocal<\/p>\n<\/div>\n\n\n\n<div class=\"wp-block-group has-background is-vertical is-content-justification-left is-layout-flex wp-container-core-group-is-layout-dd225191 wp-block-group-is-layout-flex\" style=\"background-color:#00000008\">\n<figure class=\"wp-block-image size-full is-resized\"><img decoding=\"async\" width=\"300\" height=\"270\" src=\"https:\/\/www.fundacionrafanadal.org\/wp-content\/uploads\/2025\/10\/bergia-300x270-1.jpg\" alt=\"\" class=\"wp-image-27527\" style=\"object-fit:cover;width:200px;height:200px\" srcset=\"https:\/\/www.fundacionrafanadal.org\/wp-content\/uploads\/2025\/10\/bergia-300x270-1.jpg 300w, https:\/\/www.fundacionrafanadal.org\/wp-content\/uploads\/2025\/10\/bergia-300x270-1-44x40.jpg 44w\" sizes=\"(max-width: 300px) 100vw, 300px\" \/><\/figure>\n\n\n\n<div style=\"height:0px\" aria-hidden=\"true\" class=\"wp-block-spacer wp-container-content-16d1eb73\"><\/div>\n\n\n\n<h4 class=\"wp-block-heading\">Francisco De Bergia<\/h4>\n\n\n\n<p>Vocal<\/p>\n<\/div>\n\n\n\n<div class=\"wp-block-group has-background is-vertical is-content-justification-left is-layout-flex wp-container-core-group-is-layout-dd225191 wp-block-group-is-layout-flex\" style=\"background-color:#00000008\">\n<figure class=\"wp-block-image size-full is-resized\"><img decoding=\"async\" width=\"300\" height=\"271\" src=\"https:\/\/www.fundacionrafanadal.org\/wp-content\/uploads\/2025\/10\/ricardo-300x271-1.jpg\" alt=\"\" class=\"wp-image-27528\" style=\"object-fit:cover;width:200px;height:200px\" srcset=\"https:\/\/www.fundacionrafanadal.org\/wp-content\/uploads\/2025\/10\/ricardo-300x271-1.jpg 300w, https:\/\/www.fundacionrafanadal.org\/wp-content\/uploads\/2025\/10\/ricardo-300x271-1-44x40.jpg 44w\" sizes=\"(max-width: 300px) 100vw, 300px\" \/><\/figure>\n\n\n\n<div style=\"height:0px\" aria-hidden=\"true\" class=\"wp-block-spacer wp-container-content-16d1eb73\"><\/div>\n\n\n\n<h4 class=\"wp-block-heading\">Ricardo De Diego<\/h4>\n\n\n\n<p>Vocal<\/p>\n<\/div>\n\n\n\n<div class=\"wp-block-group has-background is-vertical is-content-justification-left is-layout-flex wp-container-core-group-is-layout-dd225191 wp-block-group-is-layout-flex\" style=\"background-color:#00000008\">\n<figure class=\"wp-block-image size-full is-resized\"><img decoding=\"async\" width=\"300\" height=\"271\" src=\"https:\/\/www.fundacionrafanadal.org\/wp-content\/uploads\/2025\/10\/Raquel-Gomez-Perez-1-1-300x271-1.png\" alt=\"\" class=\"wp-image-27529\" style=\"object-fit:cover;width:200px;height:200px\" srcset=\"https:\/\/www.fundacionrafanadal.org\/wp-content\/uploads\/2025\/10\/Raquel-Gomez-Perez-1-1-300x271-1.png 300w, https:\/\/www.fundacionrafanadal.org\/wp-content\/uploads\/2025\/10\/Raquel-Gomez-Perez-1-1-300x271-1-44x40.png 44w\" sizes=\"(max-width: 300px) 100vw, 300px\" \/><\/figure>\n\n\n\n<div style=\"height:0px\" aria-hidden=\"true\" class=\"wp-block-spacer wp-container-content-16d1eb73\"><\/div>\n\n\n\n<h4 class=\"wp-block-heading\">Raquel G\u00f3mez<\/h4>\n\n\n\n<p>Secret\u00e0ria<\/p>\n<\/div>\n<\/div>\n<\/div>\n\n\n\n<div style=\"height:150px;width:0px\" aria-hidden=\"true\" class=\"wp-block-spacer\"><\/div>\n\n\n<div class=\"wp-block-image circles--end\">\n<figure class=\"aligncenter size-full\"><img decoding=\"async\" width=\"820\" height=\"147\" src=\"https:\/\/www.fundacionrafanadal.org\/wp-content\/uploads\/2025\/10\/circles-end.jpg\" alt=\"\" class=\"wp-image-27101\" srcset=\"https:\/\/www.fundacionrafanadal.org\/wp-content\/uploads\/2025\/10\/circles-end.jpg 820w, https:\/\/www.fundacionrafanadal.org\/wp-content\/uploads\/2025\/10\/circles-end-300x54.jpg 300w, https:\/\/www.fundacionrafanadal.org\/wp-content\/uploads\/2025\/10\/circles-end-768x138.jpg 768w, https:\/\/www.fundacionrafanadal.org\/wp-content\/uploads\/2025\/10\/circles-end-44x8.jpg 44w\" sizes=\"(max-width: 820px) 100vw, 820px\" \/><\/figure>\n<\/div>","protected":false},"excerpt":{"rendered":"<p>M\u00e0xim \u00f2rgan de govern Un patronat que comparteix valors i filosofia, aix\u00ed com vincles familiars. Treballa amb comprom\u00eds i rigorositat perqu\u00e8 els projectes de la fundaci\u00f3 es duguin a terme de la millor manera possible. Ana Mar\u00eda Parera Presidenta Rafael Nadal Patr\u00f3\u00a0Fundador Sebasti\u00e1n Nadal Vicepresident Juan Jos\u00e9 Almagro Vocal Francisco De Bergia Vocal Ricardo De [&hellip;]<\/p>\n","protected":false},"author":1,"featured_media":49754,"parent":49678,"menu_order":0,"comment_status":"closed","ping_status":"closed","template":"","meta":{"_acf_changed":false,"give_campaign_id":0,"inline_featured_image":false,"footnotes":""},"class_list":["post-49755","page","type-page","status-publish","has-post-thumbnail","hentry"],"acf":[],"yoast_head":"<!-- This site is optimized with the Yoast SEO plugin v27.4 - https:\/\/yoast.com\/product\/yoast-seo-wordpress\/ -->\n<title>Patronat - Fundaci\u00f3n Rafa Nadal<\/title>\n<meta name=\"robots\" content=\"index, follow, max-snippet:-1, max-image-preview:large, max-video-preview:-1\" \/>\n<link rel=\"canonical\" href=\"https:\/\/www.fundacionrafanadal.org\/ca\/qui-som\/patronat\/\" \/>\n<meta property=\"og:locale\" content=\"ca_ES\" \/>\n<meta property=\"og:type\" content=\"article\" \/>\n<meta property=\"og:title\" content=\"Patronat - Fundaci\u00f3n Rafa Nadal\" \/>\n<meta property=\"og:description\" content=\"M\u00e0xim \u00f2rgan de govern Un patronat que comparteix valors i filosofia, aix\u00ed com vincles familiars. Treballa amb comprom\u00eds i rigorositat perqu\u00e8 els projectes de la fundaci\u00f3 es duguin a terme de la millor manera possible. Ana Mar\u00eda Parera Presidenta Rafael Nadal Patr\u00f3\u00a0Fundador Sebasti\u00e1n Nadal Vicepresident Juan Jos\u00e9 Almagro Vocal Francisco De Bergia Vocal Ricardo De [&hellip;]\" \/>\n<meta property=\"og:url\" content=\"https:\/\/www.fundacionrafanadal.org\/ca\/qui-som\/patronat\/\" \/>\n<meta property=\"og:site_name\" content=\"Fundaci\u00f3n Rafa Nadal\" \/>\n<meta property=\"article:modified_time\" content=\"2025-12-12T10:57:40+00:00\" \/>\n<meta property=\"og:image\" content=\"https:\/\/www.fundacionrafanadal.org\/wp-content\/uploads\/2025\/10\/portada.png\" \/>\n\t<meta property=\"og:image:width\" content=\"942\" \/>\n\t<meta property=\"og:image:height\" content=\"452\" \/>\n\t<meta property=\"og:image:type\" content=\"image\/png\" \/>\n<meta name=\"twitter:card\" content=\"summary_large_image\" \/>\n<meta name=\"twitter:label1\" content=\"Temps estimat de lectura\" \/>\n\t<meta name=\"twitter:data1\" content=\"2 minuts\" \/>\n<script type=\"application\/ld+json\" class=\"yoast-schema-graph\">{\"@context\":\"https:\\\/\\\/schema.org\",\"@graph\":[{\"@type\":\"WebPage\",\"@id\":\"https:\\\/\\\/www.fundacionrafanadal.org\\\/ca\\\/qui-som\\\/patronat\\\/\",\"url\":\"https:\\\/\\\/www.fundacionrafanadal.org\\\/ca\\\/qui-som\\\/patronat\\\/\",\"name\":\"Patronat - Fundaci\u00f3n Rafa Nadal\",\"isPartOf\":{\"@id\":\"https:\\\/\\\/www.fundacionrafanadal.org\\\/ca\\\/#website\"},\"primaryImageOfPage\":{\"@id\":\"https:\\\/\\\/www.fundacionrafanadal.org\\\/ca\\\/qui-som\\\/patronat\\\/#primaryimage\"},\"image\":{\"@id\":\"https:\\\/\\\/www.fundacionrafanadal.org\\\/ca\\\/qui-som\\\/patronat\\\/#primaryimage\"},\"thumbnailUrl\":\"https:\\\/\\\/www.fundacionrafanadal.org\\\/wp-content\\\/uploads\\\/2025\\\/10\\\/portada.png\",\"datePublished\":\"2025-10-21T09:35:41+00:00\",\"dateModified\":\"2025-12-12T10:57:40+00:00\",\"breadcrumb\":{\"@id\":\"https:\\\/\\\/www.fundacionrafanadal.org\\\/ca\\\/qui-som\\\/patronat\\\/#breadcrumb\"},\"inLanguage\":\"ca\",\"potentialAction\":[{\"@type\":\"ReadAction\",\"target\":[\"https:\\\/\\\/www.fundacionrafanadal.org\\\/ca\\\/qui-som\\\/patronat\\\/\"]}]},{\"@type\":\"ImageObject\",\"inLanguage\":\"ca\",\"@id\":\"https:\\\/\\\/www.fundacionrafanadal.org\\\/ca\\\/qui-som\\\/patronat\\\/#primaryimage\",\"url\":\"https:\\\/\\\/www.fundacionrafanadal.org\\\/wp-content\\\/uploads\\\/2025\\\/10\\\/portada.png\",\"contentUrl\":\"https:\\\/\\\/www.fundacionrafanadal.org\\\/wp-content\\\/uploads\\\/2025\\\/10\\\/portada.png\",\"width\":942,\"height\":452},{\"@type\":\"BreadcrumbList\",\"@id\":\"https:\\\/\\\/www.fundacionrafanadal.org\\\/ca\\\/qui-som\\\/patronat\\\/#breadcrumb\",\"itemListElement\":[{\"@type\":\"ListItem\",\"position\":1,\"name\":\"Portada\",\"item\":\"https:\\\/\\\/www.fundacionrafanadal.org\\\/ca\\\/\"},{\"@type\":\"ListItem\",\"position\":2,\"name\":\"Qui som\",\"item\":\"https:\\\/\\\/www.fundacionrafanadal.org\\\/ca\\\/qui-som\\\/\"},{\"@type\":\"ListItem\",\"position\":3,\"name\":\"Patronat\"}]},{\"@type\":\"WebSite\",\"@id\":\"https:\\\/\\\/www.fundacionrafanadal.org\\\/ca\\\/#website\",\"url\":\"https:\\\/\\\/www.fundacionrafanadal.org\\\/ca\\\/\",\"name\":\"Fundaci\u00f3n Rafa Nadal\",\"description\":\"\",\"potentialAction\":[{\"@type\":\"SearchAction\",\"target\":{\"@type\":\"EntryPoint\",\"urlTemplate\":\"https:\\\/\\\/www.fundacionrafanadal.org\\\/ca\\\/?s={search_term_string}\"},\"query-input\":{\"@type\":\"PropertyValueSpecification\",\"valueRequired\":true,\"valueName\":\"search_term_string\"}}],\"inLanguage\":\"ca\"}]}<\/script>\n<!-- \/ Yoast SEO plugin. -->","yoast_head_json":{"title":"Patronat - Fundaci\u00f3n Rafa Nadal","robots":{"index":"index","follow":"follow","max-snippet":"max-snippet:-1","max-image-preview":"max-image-preview:large","max-video-preview":"max-video-preview:-1"},"canonical":"https:\/\/www.fundacionrafanadal.org\/ca\/qui-som\/patronat\/","og_locale":"ca_ES","og_type":"article","og_title":"Patronat - Fundaci\u00f3n Rafa Nadal","og_description":"M\u00e0xim \u00f2rgan de govern Un patronat que comparteix valors i filosofia, aix\u00ed com vincles familiars. Treballa amb comprom\u00eds i rigorositat perqu\u00e8 els projectes de la fundaci\u00f3 es duguin a terme de la millor manera possible. Ana Mar\u00eda Parera Presidenta Rafael Nadal Patr\u00f3\u00a0Fundador Sebasti\u00e1n Nadal Vicepresident Juan Jos\u00e9 Almagro Vocal Francisco De Bergia Vocal Ricardo De [&hellip;]","og_url":"https:\/\/www.fundacionrafanadal.org\/ca\/qui-som\/patronat\/","og_site_name":"Fundaci\u00f3n Rafa Nadal","article_modified_time":"2025-12-12T10:57:40+00:00","og_image":[{"width":942,"height":452,"url":"https:\/\/www.fundacionrafanadal.org\/wp-content\/uploads\/2025\/10\/portada.png","type":"image\/png"}],"twitter_card":"summary_large_image","twitter_misc":{"Temps estimat de lectura":"2 minuts"},"schema":{"@context":"https:\/\/schema.org","@graph":[{"@type":"WebPage","@id":"https:\/\/www.fundacionrafanadal.org\/ca\/qui-som\/patronat\/","url":"https:\/\/www.fundacionrafanadal.org\/ca\/qui-som\/patronat\/","name":"Patronat - Fundaci\u00f3n Rafa Nadal","isPartOf":{"@id":"https:\/\/www.fundacionrafanadal.org\/ca\/#website"},"primaryImageOfPage":{"@id":"https:\/\/www.fundacionrafanadal.org\/ca\/qui-som\/patronat\/#primaryimage"},"image":{"@id":"https:\/\/www.fundacionrafanadal.org\/ca\/qui-som\/patronat\/#primaryimage"},"thumbnailUrl":"https:\/\/www.fundacionrafanadal.org\/wp-content\/uploads\/2025\/10\/portada.png","datePublished":"2025-10-21T09:35:41+00:00","dateModified":"2025-12-12T10:57:40+00:00","breadcrumb":{"@id":"https:\/\/www.fundacionrafanadal.org\/ca\/qui-som\/patronat\/#breadcrumb"},"inLanguage":"ca","potentialAction":[{"@type":"ReadAction","target":["https:\/\/www.fundacionrafanadal.org\/ca\/qui-som\/patronat\/"]}]},{"@type":"ImageObject","inLanguage":"ca","@id":"https:\/\/www.fundacionrafanadal.org\/ca\/qui-som\/patronat\/#primaryimage","url":"https:\/\/www.fundacionrafanadal.org\/wp-content\/uploads\/2025\/10\/portada.png","contentUrl":"https:\/\/www.fundacionrafanadal.org\/wp-content\/uploads\/2025\/10\/portada.png","width":942,"height":452},{"@type":"BreadcrumbList","@id":"https:\/\/www.fundacionrafanadal.org\/ca\/qui-som\/patronat\/#breadcrumb","itemListElement":[{"@type":"ListItem","position":1,"name":"Portada","item":"https:\/\/www.fundacionrafanadal.org\/ca\/"},{"@type":"ListItem","position":2,"name":"Qui som","item":"https:\/\/www.fundacionrafanadal.org\/ca\/qui-som\/"},{"@type":"ListItem","position":3,"name":"Patronat"}]},{"@type":"WebSite","@id":"https:\/\/www.fundacionrafanadal.org\/ca\/#website","url":"https:\/\/www.fundacionrafanadal.org\/ca\/","name":"Fundaci\u00f3n Rafa Nadal","description":"","potentialAction":[{"@type":"SearchAction","target":{"@type":"EntryPoint","urlTemplate":"https:\/\/www.fundacionrafanadal.org\/ca\/?s={search_term_string}"},"query-input":{"@type":"PropertyValueSpecification","valueRequired":true,"valueName":"search_term_string"}}],"inLanguage":"ca"}]}},"campaignId":"","_links":{"self":[{"href":"https:\/\/www.fundacionrafanadal.org\/ca\/wp-json\/wp\/v2\/pages\/49755","targetHints":{"allow":["GET"]}}],"collection":[{"href":"https:\/\/www.fundacionrafanadal.org\/ca\/wp-json\/wp\/v2\/pages"}],"about":[{"href":"https:\/\/www.fundacionrafanadal.org\/ca\/wp-json\/wp\/v2\/types\/page"}],"author":[{"embeddable":true,"href":"https:\/\/www.fundacionrafanadal.org\/ca\/wp-json\/wp\/v2\/users\/1"}],"replies":[{"embeddable":true,"href":"https:\/\/www.fundacionrafanadal.org\/ca\/wp-json\/wp\/v2\/comments?post=49755"}],"version-history":[{"count":0,"href":"https:\/\/www.fundacionrafanadal.org\/ca\/wp-json\/wp\/v2\/pages\/49755\/revisions"}],"up":[{"embeddable":true,"href":"https:\/\/www.fundacionrafanadal.org\/ca\/wp-json\/wp\/v2\/pages\/49678"}],"wp:featuredmedia":[{"embeddable":true,"href":"https:\/\/www.fundacionrafanadal.org\/ca\/wp-json\/wp\/v2\/media\/49754"}],"wp:attachment":[{"href":"https:\/\/www.fundacionrafanadal.org\/ca\/wp-json\/wp\/v2\/media?parent=49755"}],"curies":[{"name":"wp","href":"https:\/\/api.w.org\/{rel}","templated":true}]}}