{"id":49771,"date":"2025-10-14T07:51:53","date_gmt":"2025-10-14T07:51:53","guid":{"rendered":"https:\/\/fundacionrafanadal.quelinka.es\/?page_id=49771"},"modified":"2025-12-12T10:59:58","modified_gmt":"2025-12-12T10:59:58","slug":"rafael-nadal","status":"publish","type":"page","link":"https:\/\/www.fundacionrafanadal.org\/ca\/qui-som\/rafael-nadal\/","title":{"rendered":"Rafael Nadal"},"content":{"rendered":"\n<h2 class=\"wp-block-heading has-text-align-center\">El meu llegat solidari<\/h2>\n\n\n\n<blockquote class=\"wp-block-quote is-style-default is-layout-flow wp-block-quote-is-layout-flow\">\n<p>\u201cSempre he considerat que per al desenvolupament personal i professional de nens, nenes i joves, les oportunitats s\u00f3n essencials. Fa m\u00e9s de deu anys vam entendre que em trobava en una posici\u00f3 en qu\u00e8 podia contribuir a crear-les, i va ser aleshores quan vam decidir posar en marxa aquest projecte de vida.<\/p>\n\n\n\n<p><strong>L\u2019esport i l\u2019educaci\u00f3 s\u00f3n els pilars fonamentals sobre els quals basem els nostres programes i s\u00f3n les millors eines per aconseguir un veritable impacte transformador.\u201d<\/strong><\/p>\n\n\n\n<p>Rafael Nadal Parera<\/p>\n<\/blockquote>\n\n\n\n<figure class=\"wp-block-embed is-type-video is-provider-youtube wp-block-embed-youtube wp-embed-aspect-16-9 wp-has-aspect-ratio\"><div class=\"wp-block-embed__wrapper\">\n<iframe title=\"\u00bfQu\u00e9 es para Rafa Nadal su fundaci\u00f3n?\" width=\"500\" height=\"281\" src=\"https:\/\/www.youtube.com\/embed\/-waHrLgtDHU?feature=oembed\" frameborder=\"0\" allow=\"accelerometer; autoplay; clipboard-write; encrypted-media; gyroscope; picture-in-picture; web-share\" referrerpolicy=\"strict-origin-when-cross-origin\" allowfullscreen><\/iframe>\n<\/div><\/figure>\n\n\n\n<figure class=\"wp-block-gallery has-nested-images columns-default is-cropped wp-block-gallery-1 is-layout-flex wp-block-gallery-is-layout-flex\">\n<figure class=\"wp-block-image size-full\"><img decoding=\"async\" width=\"300\" height=\"240\" data-id=\"27095\" src=\"https:\/\/www.fundacionrafanadal.org\/wp-content\/uploads\/2025\/10\/IMG_0934-1-300x240-2.jpg\" alt=\"\" class=\"wp-image-27095\" srcset=\"https:\/\/www.fundacionrafanadal.org\/wp-content\/uploads\/2025\/10\/IMG_0934-1-300x240-2.jpg 300w, https:\/\/www.fundacionrafanadal.org\/wp-content\/uploads\/2025\/10\/IMG_0934-1-300x240-2-44x35.jpg 44w\" sizes=\"(max-width: 300px) 100vw, 300px\" \/><\/figure>\n\n\n\n<figure class=\"wp-block-image size-large\"><img decoding=\"async\" width=\"300\" height=\"240\" data-id=\"27091\" src=\"https:\/\/www.fundacionrafanadal.org\/wp-content\/uploads\/2025\/10\/IMG_1063-2-300x240-1.jpg\" alt=\"\" class=\"wp-image-27091\" srcset=\"https:\/\/www.fundacionrafanadal.org\/wp-content\/uploads\/2025\/10\/IMG_1063-2-300x240-1.jpg 300w, https:\/\/www.fundacionrafanadal.org\/wp-content\/uploads\/2025\/10\/IMG_1063-2-300x240-1-44x35.jpg 44w\" sizes=\"(max-width: 300px) 100vw, 300px\" \/><\/figure>\n\n\n\n<figure class=\"wp-block-image size-large\"><img decoding=\"async\" width=\"300\" height=\"240\" data-id=\"27086\" src=\"https:\/\/www.fundacionrafanadal.org\/wp-content\/uploads\/2025\/10\/IMG_0959-1-300x240-1.jpg\" alt=\"\" class=\"wp-image-27086\" srcset=\"https:\/\/www.fundacionrafanadal.org\/wp-content\/uploads\/2025\/10\/IMG_0959-1-300x240-1.jpg 300w, https:\/\/www.fundacionrafanadal.org\/wp-content\/uploads\/2025\/10\/IMG_0959-1-300x240-1-44x35.jpg 44w\" sizes=\"(max-width: 300px) 100vw, 300px\" \/><\/figure>\n\n\n\n<figure class=\"wp-block-image size-large\"><img decoding=\"async\" width=\"1000\" height=\"800\" data-id=\"27092\" src=\"https:\/\/www.fundacionrafanadal.org\/wp-content\/uploads\/2025\/10\/IMG_0884-1.jpg\" alt=\"\" class=\"wp-image-27092\" srcset=\"https:\/\/www.fundacionrafanadal.org\/wp-content\/uploads\/2025\/10\/IMG_0884-1.jpg 1000w, https:\/\/www.fundacionrafanadal.org\/wp-content\/uploads\/2025\/10\/IMG_0884-1-300x240.jpg 300w, https:\/\/www.fundacionrafanadal.org\/wp-content\/uploads\/2025\/10\/IMG_0884-1-768x614.jpg 768w, https:\/\/www.fundacionrafanadal.org\/wp-content\/uploads\/2025\/10\/IMG_0884-1-900x720.jpg 900w, https:\/\/www.fundacionrafanadal.org\/wp-content\/uploads\/2025\/10\/IMG_0884-1-44x35.jpg 44w\" sizes=\"(max-width: 1000px) 100vw, 1000px\" \/><\/figure>\n\n\n\n<figure class=\"wp-block-image size-large\"><img decoding=\"async\" width=\"300\" height=\"240\" data-id=\"27087\" src=\"https:\/\/www.fundacionrafanadal.org\/wp-content\/uploads\/2025\/10\/IMG_0925-1-300x240-1.jpg\" alt=\"\" class=\"wp-image-27087\" srcset=\"https:\/\/www.fundacionrafanadal.org\/wp-content\/uploads\/2025\/10\/IMG_0925-1-300x240-1.jpg 300w, https:\/\/www.fundacionrafanadal.org\/wp-content\/uploads\/2025\/10\/IMG_0925-1-300x240-1-44x35.jpg 44w\" sizes=\"(max-width: 300px) 100vw, 300px\" \/><\/figure>\n\n\n\n<figure class=\"wp-block-image size-large\"><img decoding=\"async\" width=\"300\" height=\"240\" data-id=\"27090\" src=\"https:\/\/www.fundacionrafanadal.org\/wp-content\/uploads\/2025\/10\/rafa-nadal-2.jpg\" alt=\"\" class=\"wp-image-27090\" srcset=\"https:\/\/www.fundacionrafanadal.org\/wp-content\/uploads\/2025\/10\/rafa-nadal-2.jpg 300w, https:\/\/www.fundacionrafanadal.org\/wp-content\/uploads\/2025\/10\/rafa-nadal-2-44x35.jpg 44w\" sizes=\"(max-width: 300px) 100vw, 300px\" \/><\/figure>\n<\/figure>\n\n\n<div class=\"wp-block-image\">\n<figure class=\"aligncenter size-full\"><img decoding=\"async\" width=\"768\" height=\"614\" src=\"https:\/\/www.fundacionrafanadal.org\/wp-content\/uploads\/2025\/10\/IMG_1861_b-768x614-1.jpg\" alt=\"\" class=\"wp-image-27088\" srcset=\"https:\/\/www.fundacionrafanadal.org\/wp-content\/uploads\/2025\/10\/IMG_1861_b-768x614-1.jpg 768w, https:\/\/www.fundacionrafanadal.org\/wp-content\/uploads\/2025\/10\/IMG_1861_b-768x614-1-300x240.jpg 300w, https:\/\/www.fundacionrafanadal.org\/wp-content\/uploads\/2025\/10\/IMG_1861_b-768x614-1-44x35.jpg 44w\" sizes=\"(max-width: 768px) 100vw, 768px\" \/><\/figure>\n<\/div>\n\n\n<div style=\"height:20px\" aria-hidden=\"true\" class=\"wp-block-spacer\"><\/div>\n\n\n\n<figure class=\"wp-block-embed is-type-video is-provider-youtube wp-block-embed-youtube wp-embed-aspect-16-9 wp-has-aspect-ratio\"><div class=\"wp-block-embed__wrapper\">\n<iframe title=\"Rafa Nadal visita el Centro Fundaci\u00f3n Rafa Nadal de Palma de Mallorca\" width=\"500\" height=\"281\" src=\"https:\/\/www.youtube.com\/embed\/o-GSqmTOoAU?feature=oembed\" frameborder=\"0\" allow=\"accelerometer; autoplay; clipboard-write; encrypted-media; gyroscope; picture-in-picture; web-share\" referrerpolicy=\"strict-origin-when-cross-origin\" allowfullscreen><\/iframe>\n<\/div><\/figure>\n\n\n\n<div class=\"wp-block-cover\"><img decoding=\"async\" width=\"1024\" height=\"819\" class=\"wp-block-cover__image-background wp-image-27109 size-full\" alt=\"Rafael Nadal comparte tiermpo con la fundaci\u00f3n\" src=\"https:\/\/www.fundacionrafanadal.org\/wp-content\/uploads\/2025\/10\/rafanadal-1024x819-1.jpg\" data-object-fit=\"cover\" srcset=\"https:\/\/www.fundacionrafanadal.org\/wp-content\/uploads\/2025\/10\/rafanadal-1024x819-1.jpg 1024w, https:\/\/www.fundacionrafanadal.org\/wp-content\/uploads\/2025\/10\/rafanadal-1024x819-1-300x240.jpg 300w, https:\/\/www.fundacionrafanadal.org\/wp-content\/uploads\/2025\/10\/rafanadal-1024x819-1-768x614.jpg 768w, https:\/\/www.fundacionrafanadal.org\/wp-content\/uploads\/2025\/10\/rafanadal-1024x819-1-900x720.jpg 900w, https:\/\/www.fundacionrafanadal.org\/wp-content\/uploads\/2025\/10\/rafanadal-1024x819-1-44x35.jpg 44w\" sizes=\"(max-width: 1024px) 100vw, 1024px\" \/><span aria-hidden=\"true\" class=\"wp-block-cover__background has-black-background-color has-background-dim-70 has-background-dim\"><\/span><div class=\"wp-block-cover__inner-container is-layout-constrained wp-block-cover-is-layout-constrained\">\n<p class=\"has-text-align-center has-medium-font-size\"><strong>\u201c<strong>Crec en la capacitat \u00fanica de l\u2019esport per transmetre valors essencials per al desenvolupament dels menors, que els obriran portes en el futur<\/strong>\u201d<\/strong><\/p>\n<\/div><\/div>\n\n\n\n<div style=\"height:20px\" aria-hidden=\"true\" class=\"wp-block-spacer\"><\/div>\n\n\n\n<figure class=\"wp-block-embed is-type-video is-provider-youtube wp-block-embed-youtube wp-embed-aspect-16-9 wp-has-aspect-ratio\"><div class=\"wp-block-embed__wrapper\">\n<iframe title=\"Visita de Rafa a los deportistas del IX Encuentro Nacional M\u00e1s Que Tenis\" width=\"500\" height=\"281\" src=\"https:\/\/www.youtube.com\/embed\/SKzfLkzOhnA?feature=oembed\" frameborder=\"0\" allow=\"accelerometer; autoplay; clipboard-write; encrypted-media; gyroscope; picture-in-picture; web-share\" referrerpolicy=\"strict-origin-when-cross-origin\" allowfullscreen><\/iframe>\n<\/div><\/figure>\n\n\n<div class=\"wp-block-image\">\n<figure class=\"aligncenter size-full\"><img decoding=\"async\" width=\"768\" height=\"432\" src=\"https:\/\/www.fundacionrafanadal.org\/wp-content\/uploads\/2025\/10\/img-collage-rafa-768x432-1.jpg\" alt=\"\" class=\"wp-image-27097\" srcset=\"https:\/\/www.fundacionrafanadal.org\/wp-content\/uploads\/2025\/10\/img-collage-rafa-768x432-1.jpg 768w, https:\/\/www.fundacionrafanadal.org\/wp-content\/uploads\/2025\/10\/img-collage-rafa-768x432-1-300x169.jpg 300w, https:\/\/www.fundacionrafanadal.org\/wp-content\/uploads\/2025\/10\/img-collage-rafa-768x432-1-44x25.jpg 44w\" sizes=\"(max-width: 768px) 100vw, 768px\" \/><\/figure>\n<\/div>\n\n\n<div style=\"height:100px\" aria-hidden=\"true\" class=\"wp-block-spacer\"><\/div>\n\n\n<div class=\"wp-block-image circles--end\">\n<figure class=\"aligncenter size-full\"><img decoding=\"async\" width=\"820\" height=\"147\" src=\"https:\/\/www.fundacionrafanadal.org\/wp-content\/uploads\/2025\/10\/circles-end.jpg\" alt=\"\" class=\"wp-image-27101\" srcset=\"https:\/\/www.fundacionrafanadal.org\/wp-content\/uploads\/2025\/10\/circles-end.jpg 820w, https:\/\/www.fundacionrafanadal.org\/wp-content\/uploads\/2025\/10\/circles-end-300x54.jpg 300w, https:\/\/www.fundacionrafanadal.org\/wp-content\/uploads\/2025\/10\/circles-end-768x138.jpg 768w, https:\/\/www.fundacionrafanadal.org\/wp-content\/uploads\/2025\/10\/circles-end-44x8.jpg 44w\" sizes=\"(max-width: 820px) 100vw, 820px\" \/><\/figure>\n<\/div>","protected":false},"excerpt":{"rendered":"<p>El meu llegat solidari \u201cSempre he considerat que per al desenvolupament personal i professional de nens, nenes i joves, les oportunitats s\u00f3n essencials. Fa m\u00e9s de deu anys vam entendre que em trobava en una posici\u00f3 en qu\u00e8 podia contribuir a crear-les, i va ser aleshores quan vam decidir posar en marxa aquest projecte de [&hellip;]<\/p>\n","protected":false},"author":1,"featured_media":49770,"parent":49678,"menu_order":0,"comment_status":"closed","ping_status":"closed","template":"templates\/template-small.php","meta":{"_acf_changed":false,"give_campaign_id":0,"inline_featured_image":false,"footnotes":""},"class_list":["post-49771","page","type-page","status-publish","has-post-thumbnail","hentry"],"acf":[],"yoast_head":"<!-- This site is optimized with the Yoast SEO plugin v27.4 - https:\/\/yoast.com\/product\/yoast-seo-wordpress\/ -->\n<title>Rafael Nadal - Fundaci\u00f3n Rafa Nadal<\/title>\n<meta name=\"robots\" content=\"index, follow, max-snippet:-1, max-image-preview:large, max-video-preview:-1\" \/>\n<link rel=\"canonical\" href=\"https:\/\/www.fundacionrafanadal.org\/ca\/qui-som\/rafael-nadal\/\" \/>\n<meta property=\"og:locale\" content=\"ca_ES\" \/>\n<meta property=\"og:type\" content=\"article\" \/>\n<meta property=\"og:title\" content=\"Rafael Nadal - Fundaci\u00f3n Rafa Nadal\" \/>\n<meta property=\"og:description\" content=\"El meu llegat solidari \u201cSempre he considerat que per al desenvolupament personal i professional de nens, nenes i joves, les oportunitats s\u00f3n essencials. Fa m\u00e9s de deu anys vam entendre que em trobava en una posici\u00f3 en qu\u00e8 podia contribuir a crear-les, i va ser aleshores quan vam decidir posar en marxa aquest projecte de [&hellip;]\" \/>\n<meta property=\"og:url\" content=\"https:\/\/www.fundacionrafanadal.org\/ca\/qui-som\/rafael-nadal\/\" \/>\n<meta property=\"og:site_name\" content=\"Fundaci\u00f3n Rafa Nadal\" \/>\n<meta property=\"article:modified_time\" content=\"2025-12-12T10:59:58+00:00\" \/>\n<meta property=\"og:image\" content=\"https:\/\/www.fundacionrafanadal.org\/wp-content\/uploads\/2025\/10\/122-1024x261-1.jpg\" \/>\n\t<meta property=\"og:image:width\" content=\"1024\" \/>\n\t<meta property=\"og:image:height\" content=\"261\" \/>\n\t<meta property=\"og:image:type\" content=\"image\/jpeg\" \/>\n<meta name=\"twitter:card\" content=\"summary_large_image\" \/>\n<meta name=\"twitter:label1\" content=\"Temps estimat de lectura\" \/>\n\t<meta name=\"twitter:data1\" content=\"3 minuts\" \/>\n<script type=\"application\/ld+json\" class=\"yoast-schema-graph\">{\"@context\":\"https:\\\/\\\/schema.org\",\"@graph\":[{\"@type\":\"WebPage\",\"@id\":\"https:\\\/\\\/www.fundacionrafanadal.org\\\/ca\\\/qui-som\\\/rafael-nadal\\\/\",\"url\":\"https:\\\/\\\/www.fundacionrafanadal.org\\\/ca\\\/qui-som\\\/rafael-nadal\\\/\",\"name\":\"Rafael Nadal - Fundaci\u00f3n Rafa Nadal\",\"isPartOf\":{\"@id\":\"https:\\\/\\\/www.fundacionrafanadal.org\\\/ca\\\/#website\"},\"primaryImageOfPage\":{\"@id\":\"https:\\\/\\\/www.fundacionrafanadal.org\\\/ca\\\/qui-som\\\/rafael-nadal\\\/#primaryimage\"},\"image\":{\"@id\":\"https:\\\/\\\/www.fundacionrafanadal.org\\\/ca\\\/qui-som\\\/rafael-nadal\\\/#primaryimage\"},\"thumbnailUrl\":\"https:\\\/\\\/www.fundacionrafanadal.org\\\/wp-content\\\/uploads\\\/2025\\\/10\\\/122-1024x261-1.jpg\",\"datePublished\":\"2025-10-14T07:51:53+00:00\",\"dateModified\":\"2025-12-12T10:59:58+00:00\",\"breadcrumb\":{\"@id\":\"https:\\\/\\\/www.fundacionrafanadal.org\\\/ca\\\/qui-som\\\/rafael-nadal\\\/#breadcrumb\"},\"inLanguage\":\"ca\",\"potentialAction\":[{\"@type\":\"ReadAction\",\"target\":[\"https:\\\/\\\/www.fundacionrafanadal.org\\\/ca\\\/qui-som\\\/rafael-nadal\\\/\"]}]},{\"@type\":\"ImageObject\",\"inLanguage\":\"ca\",\"@id\":\"https:\\\/\\\/www.fundacionrafanadal.org\\\/ca\\\/qui-som\\\/rafael-nadal\\\/#primaryimage\",\"url\":\"https:\\\/\\\/www.fundacionrafanadal.org\\\/wp-content\\\/uploads\\\/2025\\\/10\\\/122-1024x261-1.jpg\",\"contentUrl\":\"https:\\\/\\\/www.fundacionrafanadal.org\\\/wp-content\\\/uploads\\\/2025\\\/10\\\/122-1024x261-1.jpg\",\"width\":1024,\"height\":261,\"caption\":\"Rafael Nadal compartiendo tiempo con j\u00f3venes de la fundaci\u00f3n\"},{\"@type\":\"BreadcrumbList\",\"@id\":\"https:\\\/\\\/www.fundacionrafanadal.org\\\/ca\\\/qui-som\\\/rafael-nadal\\\/#breadcrumb\",\"itemListElement\":[{\"@type\":\"ListItem\",\"position\":1,\"name\":\"Portada\",\"item\":\"https:\\\/\\\/www.fundacionrafanadal.org\\\/ca\\\/\"},{\"@type\":\"ListItem\",\"position\":2,\"name\":\"Qui som\",\"item\":\"https:\\\/\\\/www.fundacionrafanadal.org\\\/ca\\\/qui-som\\\/\"},{\"@type\":\"ListItem\",\"position\":3,\"name\":\"Rafael Nadal\"}]},{\"@type\":\"WebSite\",\"@id\":\"https:\\\/\\\/www.fundacionrafanadal.org\\\/ca\\\/#website\",\"url\":\"https:\\\/\\\/www.fundacionrafanadal.org\\\/ca\\\/\",\"name\":\"Fundaci\u00f3n Rafa Nadal\",\"description\":\"\",\"potentialAction\":[{\"@type\":\"SearchAction\",\"target\":{\"@type\":\"EntryPoint\",\"urlTemplate\":\"https:\\\/\\\/www.fundacionrafanadal.org\\\/ca\\\/?s={search_term_string}\"},\"query-input\":{\"@type\":\"PropertyValueSpecification\",\"valueRequired\":true,\"valueName\":\"search_term_string\"}}],\"inLanguage\":\"ca\"}]}<\/script>\n<!-- \/ Yoast SEO plugin. -->","yoast_head_json":{"title":"Rafael Nadal - Fundaci\u00f3n Rafa Nadal","robots":{"index":"index","follow":"follow","max-snippet":"max-snippet:-1","max-image-preview":"max-image-preview:large","max-video-preview":"max-video-preview:-1"},"canonical":"https:\/\/www.fundacionrafanadal.org\/ca\/qui-som\/rafael-nadal\/","og_locale":"ca_ES","og_type":"article","og_title":"Rafael Nadal - Fundaci\u00f3n Rafa Nadal","og_description":"El meu llegat solidari \u201cSempre he considerat que per al desenvolupament personal i professional de nens, nenes i joves, les oportunitats s\u00f3n essencials. Fa m\u00e9s de deu anys vam entendre que em trobava en una posici\u00f3 en qu\u00e8 podia contribuir a crear-les, i va ser aleshores quan vam decidir posar en marxa aquest projecte de [&hellip;]","og_url":"https:\/\/www.fundacionrafanadal.org\/ca\/qui-som\/rafael-nadal\/","og_site_name":"Fundaci\u00f3n Rafa Nadal","article_modified_time":"2025-12-12T10:59:58+00:00","og_image":[{"width":1024,"height":261,"url":"https:\/\/www.fundacionrafanadal.org\/wp-content\/uploads\/2025\/10\/122-1024x261-1.jpg","type":"image\/jpeg"}],"twitter_card":"summary_large_image","twitter_misc":{"Temps estimat de lectura":"3 minuts"},"schema":{"@context":"https:\/\/schema.org","@graph":[{"@type":"WebPage","@id":"https:\/\/www.fundacionrafanadal.org\/ca\/qui-som\/rafael-nadal\/","url":"https:\/\/www.fundacionrafanadal.org\/ca\/qui-som\/rafael-nadal\/","name":"Rafael Nadal - Fundaci\u00f3n Rafa Nadal","isPartOf":{"@id":"https:\/\/www.fundacionrafanadal.org\/ca\/#website"},"primaryImageOfPage":{"@id":"https:\/\/www.fundacionrafanadal.org\/ca\/qui-som\/rafael-nadal\/#primaryimage"},"image":{"@id":"https:\/\/www.fundacionrafanadal.org\/ca\/qui-som\/rafael-nadal\/#primaryimage"},"thumbnailUrl":"https:\/\/www.fundacionrafanadal.org\/wp-content\/uploads\/2025\/10\/122-1024x261-1.jpg","datePublished":"2025-10-14T07:51:53+00:00","dateModified":"2025-12-12T10:59:58+00:00","breadcrumb":{"@id":"https:\/\/www.fundacionrafanadal.org\/ca\/qui-som\/rafael-nadal\/#breadcrumb"},"inLanguage":"ca","potentialAction":[{"@type":"ReadAction","target":["https:\/\/www.fundacionrafanadal.org\/ca\/qui-som\/rafael-nadal\/"]}]},{"@type":"ImageObject","inLanguage":"ca","@id":"https:\/\/www.fundacionrafanadal.org\/ca\/qui-som\/rafael-nadal\/#primaryimage","url":"https:\/\/www.fundacionrafanadal.org\/wp-content\/uploads\/2025\/10\/122-1024x261-1.jpg","contentUrl":"https:\/\/www.fundacionrafanadal.org\/wp-content\/uploads\/2025\/10\/122-1024x261-1.jpg","width":1024,"height":261,"caption":"Rafael Nadal compartiendo tiempo con j\u00f3venes de la fundaci\u00f3n"},{"@type":"BreadcrumbList","@id":"https:\/\/www.fundacionrafanadal.org\/ca\/qui-som\/rafael-nadal\/#breadcrumb","itemListElement":[{"@type":"ListItem","position":1,"name":"Portada","item":"https:\/\/www.fundacionrafanadal.org\/ca\/"},{"@type":"ListItem","position":2,"name":"Qui som","item":"https:\/\/www.fundacionrafanadal.org\/ca\/qui-som\/"},{"@type":"ListItem","position":3,"name":"Rafael Nadal"}]},{"@type":"WebSite","@id":"https:\/\/www.fundacionrafanadal.org\/ca\/#website","url":"https:\/\/www.fundacionrafanadal.org\/ca\/","name":"Fundaci\u00f3n Rafa Nadal","description":"","potentialAction":[{"@type":"SearchAction","target":{"@type":"EntryPoint","urlTemplate":"https:\/\/www.fundacionrafanadal.org\/ca\/?s={search_term_string}"},"query-input":{"@type":"PropertyValueSpecification","valueRequired":true,"valueName":"search_term_string"}}],"inLanguage":"ca"}]}},"campaignId":"","_links":{"self":[{"href":"https:\/\/www.fundacionrafanadal.org\/ca\/wp-json\/wp\/v2\/pages\/49771","targetHints":{"allow":["GET"]}}],"collection":[{"href":"https:\/\/www.fundacionrafanadal.org\/ca\/wp-json\/wp\/v2\/pages"}],"about":[{"href":"https:\/\/www.fundacionrafanadal.org\/ca\/wp-json\/wp\/v2\/types\/page"}],"author":[{"embeddable":true,"href":"https:\/\/www.fundacionrafanadal.org\/ca\/wp-json\/wp\/v2\/users\/1"}],"replies":[{"embeddable":true,"href":"https:\/\/www.fundacionrafanadal.org\/ca\/wp-json\/wp\/v2\/comments?post=49771"}],"version-history":[{"count":0,"href":"https:\/\/www.fundacionrafanadal.org\/ca\/wp-json\/wp\/v2\/pages\/49771\/revisions"}],"up":[{"embeddable":true,"href":"https:\/\/www.fundacionrafanadal.org\/ca\/wp-json\/wp\/v2\/pages\/49678"}],"wp:featuredmedia":[{"embeddable":true,"href":"https:\/\/www.fundacionrafanadal.org\/ca\/wp-json\/wp\/v2\/media\/49770"}],"wp:attachment":[{"href":"https:\/\/www.fundacionrafanadal.org\/ca\/wp-json\/wp\/v2\/media?parent=49771"}],"curies":[{"name":"wp","href":"https:\/\/api.w.org\/{rel}","templated":true}]}}