{"id":49839,"date":"2025-10-24T08:39:17","date_gmt":"2025-10-24T08:39:17","guid":{"rendered":"https:\/\/fundacionrafanadal.quelinka.es\/?page_id=49839"},"modified":"2026-01-26T09:18:10","modified_gmt":"2026-01-26T09:18:10","slug":"que-fem","status":"publish","type":"page","link":"https:\/\/www.fundacionrafanadal.org\/ca\/que-fem\/","title":{"rendered":"Qu\u00e8 fem?"},"content":{"rendered":"\n<div class=\"wp-block-columns are-vertically-aligned-center block--stretch has-black-background-color has-background is-layout-flex wp-container-core-columns-is-layout-c401cfd5 wp-block-columns-is-layout-flex\" style=\"padding-top:0;padding-right:0;padding-bottom:0;padding-left:0\">\n<div class=\"wp-block-column is-vertically-aligned-center is-layout-flow wp-block-column-is-layout-flow\" style=\"flex-basis:50%\">\n<div class=\"wp-block-cover is-light wp-duotone-unset-1\"><img decoding=\"async\" width=\"900\" height=\"720\" class=\"wp-block-cover__image-background wp-image-29066 size-1-1-f\" alt=\"\" src=\"https:\/\/www.fundacionrafanadal.org\/wp-content\/uploads\/2025\/11\/PROYECTOS_blog-900x720.jpg\" data-object-fit=\"cover\" srcset=\"https:\/\/www.fundacionrafanadal.org\/wp-content\/uploads\/2025\/11\/PROYECTOS_blog-900x720.jpg 900w, https:\/\/www.fundacionrafanadal.org\/wp-content\/uploads\/2025\/11\/PROYECTOS_blog-300x240.jpg 300w, https:\/\/www.fundacionrafanadal.org\/wp-content\/uploads\/2025\/11\/PROYECTOS_blog-768x614.jpg 768w, https:\/\/www.fundacionrafanadal.org\/wp-content\/uploads\/2025\/11\/PROYECTOS_blog-44x35.jpg 44w, https:\/\/www.fundacionrafanadal.org\/wp-content\/uploads\/2025\/11\/PROYECTOS_blog.jpg 1000w\" sizes=\"(max-width: 900px) 100vw, 900px\" \/><span aria-hidden=\"true\" class=\"wp-block-cover__background has-background-dim-0 has-background-dim\"><\/span><div class=\"wp-block-cover__inner-container is-layout-constrained wp-block-cover-is-layout-constrained\">\n<p class=\"has-text-align-center has-large-font-size\"><\/p>\n<\/div><\/div>\n<\/div>\n\n\n\n<div class=\"wp-block-column is-vertically-aligned-center has-white-color has-text-color has-link-color wp-elements-ab4858c4834e9683203f5e01a001c0d2 is-layout-flow wp-block-column-is-layout-flow\" style=\"padding-top:3.13rem;padding-right:3.13rem;padding-bottom:3.13rem;padding-left:3.13rem;flex-basis:50%\">\n<h2 class=\"wp-block-heading\">Impacto transformador<\/h2>\n\n\n\n<p style=\"padding-top:0px;padding-right:0px;padding-bottom:0px;padding-left:0px\">Pretenem causar a la societat una transformaci\u00f3 a trav\u00e9s de les nostres accions, projectes i programes, i contribuir aix\u00ed als Objectius de Desenvolupament Sostenible (ODS) marcats per l\u2019ONU a l\u2019Agenda 2030..<\/p>\n\n\n\n<div class=\"wp-block-buttons is-layout-flex wp-block-buttons-is-layout-flex\">\n<div class=\"wp-block-button\"><a class=\"wp-block-button__link wp-element-button\" href=\"https:\/\/www.fundacionrafanadal.org\/ca\/que-fem\/impacte-transformador\/\">saber m\u00c9s<\/a><\/div>\n<\/div>\n<\/div>\n<\/div>\n\n\n\n<div style=\"height:20px;width:0px\" aria-hidden=\"true\" class=\"wp-block-spacer\"><\/div>\n\n\n\n<div class=\"wp-block-query proyectos--consulta is-layout-flow wp-block-query-is-layout-flow\">\n<h2 class=\"wp-block-heading\">Projectes<\/h2>\n\n\n\n<p>Volem acompanyar nenes, nens i joves en el seu cam\u00ed cap a un futur de qualitat.<\/p>\n\n\n<ul class=\"columns-4 wp-block-post-template is-layout-grid wp-container-core-post-template-is-layout-e7fd85f5 wp-block-post-template-is-layout-grid\"><li class=\"wp-block-post post-49893 proyecto type-proyecto status-publish has-post-thumbnail hentry\">\n\n<div class=\"wp-block-group has-black-color has-text-color has-background has-link-color wp-elements-0fdd99749af31b5d2a143ac70981db1a is-vertical is-layout-flex wp-container-core-group-is-layout-2964369c wp-block-group-is-layout-flex\" style=\"background-color:#f3f3f3;margin-top:0;margin-bottom:0;padding-top:var(--wp--preset--spacing--50);padding-right:var(--wp--preset--spacing--50);padding-bottom:var(--wp--preset--spacing--50);padding-left:var(--wp--preset--spacing--50)\"><img decoding=\"async\" width=\"900\" height=\"461\" src=\"https:\/\/www.fundacionrafanadal.org\/wp-content\/uploads\/2025\/10\/CFRN_general.png\" class=\"attachment-16-9 size-16-9\" alt=\"Centres Fundaci\u00f3n Rafa Nadal\" srcset=\"https:\/\/www.fundacionrafanadal.org\/wp-content\/uploads\/2025\/10\/CFRN_general.png 1000w, https:\/\/www.fundacionrafanadal.org\/wp-content\/uploads\/2025\/10\/CFRN_general-300x154.png 300w, https:\/\/www.fundacionrafanadal.org\/wp-content\/uploads\/2025\/10\/CFRN_general-768x393.png 768w, https:\/\/www.fundacionrafanadal.org\/wp-content\/uploads\/2025\/10\/CFRN_general-900x461.png 900w, https:\/\/www.fundacionrafanadal.org\/wp-content\/uploads\/2025\/10\/CFRN_general-44x23.png 44w\" sizes=\"(max-width: 900px) 100vw, 900px\" \/>\n\n<h3 class=\"wp-block-post-title has-medium-font-size\"><a href=\"https:\/\/www.fundacionrafanadal.org\/ca\/proyecto\/centres-fundacion-rafa-nadal\/\" target=\"_self\" >Centres Fundaci\u00f3n Rafa Nadal<\/a><\/h3>\n\n<a style=\"border-radius:0px;border-top-width:0px;border-top-style:none;border-right-width:0px;border-right-style:none;border-bottom-width:1px;border-left-width:0px;border-left-style:none; padding-top:0;padding-bottom:0;padding-left:0;padding-right:0;margin-top:0;margin-bottom:0;\" class=\"wp-block-read-more\" href=\"https:\/\/www.fundacionrafanadal.org\/ca\/proyecto\/centres-fundacion-rafa-nadal\/\" target=\"_self\">Ver proyecto<span class=\"screen-reader-text\">: Centres Fundaci\u00f3n Rafa Nadal<\/span><\/a><\/div>\n\n<\/li><li class=\"wp-block-post post-49873 proyecto type-proyecto status-publish has-post-thumbnail hentry\">\n\n<div class=\"wp-block-group has-black-color has-text-color has-background has-link-color wp-elements-0fdd99749af31b5d2a143ac70981db1a is-vertical is-layout-flex wp-container-core-group-is-layout-2964369c wp-block-group-is-layout-flex\" style=\"background-color:#f3f3f3;margin-top:0;margin-bottom:0;padding-top:var(--wp--preset--spacing--50);padding-right:var(--wp--preset--spacing--50);padding-bottom:var(--wp--preset--spacing--50);padding-left:var(--wp--preset--spacing--50)\"><img decoding=\"async\" width=\"900\" height=\"510\" src=\"https:\/\/www.fundacionrafanadal.org\/wp-content\/uploads\/2025\/11\/MQT_general-1-900x510.png\" class=\"attachment-16-9 size-16-9\" alt=\"NETS &#8211; Nadal Educational Tennis School\" \/>\n\n<h3 class=\"wp-block-post-title has-medium-font-size\"><a href=\"https:\/\/www.fundacionrafanadal.org\/ca\/proyecto\/nets-nadal-educational-tennis-school\/\" target=\"_self\" >NETS &#8211; Nadal Educational Tennis School<\/a><\/h3>\n\n<a style=\"border-radius:0px;border-top-width:0px;border-top-style:none;border-right-width:0px;border-right-style:none;border-bottom-width:1px;border-left-width:0px;border-left-style:none; padding-top:0;padding-bottom:0;padding-left:0;padding-right:0;margin-top:0;margin-bottom:0;\" class=\"wp-block-read-more\" href=\"https:\/\/www.fundacionrafanadal.org\/ca\/proyecto\/nets-nadal-educational-tennis-school\/\" target=\"_self\">Ver proyecto<span class=\"screen-reader-text\">: NETS &#8211; Nadal Educational Tennis School<\/span><\/a><\/div>\n\n<\/li><li class=\"wp-block-post post-49886 proyecto type-proyecto status-publish has-post-thumbnail hentry\">\n\n<div class=\"wp-block-group has-black-color has-text-color has-background has-link-color wp-elements-0fdd99749af31b5d2a143ac70981db1a is-vertical is-layout-flex wp-container-core-group-is-layout-2964369c wp-block-group-is-layout-flex\" style=\"background-color:#f3f3f3;margin-top:0;margin-bottom:0;padding-top:var(--wp--preset--spacing--50);padding-right:var(--wp--preset--spacing--50);padding-bottom:var(--wp--preset--spacing--50);padding-left:var(--wp--preset--spacing--50)\"><img decoding=\"async\" width=\"900\" height=\"510\" src=\"https:\/\/www.fundacionrafanadal.org\/wp-content\/uploads\/2025\/11\/MQT_general_ok-900x510.png\" class=\"attachment-16-9 size-16-9\" alt=\"M\u00e1s Que Tenis\" \/>\n\n<h3 class=\"wp-block-post-title has-medium-font-size\"><a href=\"https:\/\/www.fundacionrafanadal.org\/ca\/proyecto\/mas-que-tenis\/\" target=\"_self\" >M\u00e1s Que Tenis<\/a><\/h3>\n\n<a style=\"border-radius:0px;border-top-width:0px;border-top-style:none;border-right-width:0px;border-right-style:none;border-bottom-width:1px;border-left-width:0px;border-left-style:none; padding-top:0;padding-bottom:0;padding-left:0;padding-right:0;margin-top:0;margin-bottom:0;\" class=\"wp-block-read-more\" href=\"https:\/\/www.fundacionrafanadal.org\/ca\/proyecto\/mas-que-tenis\/\" target=\"_self\">Ver proyecto<span class=\"screen-reader-text\">: M\u00e1s Que Tenis<\/span><\/a><\/div>\n\n<\/li><li class=\"wp-block-post post-49856 proyecto type-proyecto status-publish has-post-thumbnail hentry\">\n\n<div class=\"wp-block-group has-black-color has-text-color has-background has-link-color wp-elements-0fdd99749af31b5d2a143ac70981db1a is-vertical is-layout-flex wp-container-core-group-is-layout-2964369c wp-block-group-is-layout-flex\" style=\"background-color:#f3f3f3;margin-top:0;margin-bottom:0;padding-top:var(--wp--preset--spacing--50);padding-right:var(--wp--preset--spacing--50);padding-bottom:var(--wp--preset--spacing--50);padding-left:var(--wp--preset--spacing--50)\"><img decoding=\"async\" width=\"900\" height=\"510\" src=\"https:\/\/www.fundacionrafanadal.org\/wp-content\/uploads\/2025\/11\/playall_gen-900x510.png\" class=\"attachment-16-9 size-16-9\" alt=\"Play All\" \/>\n\n<h3 class=\"wp-block-post-title has-medium-font-size\"><a href=\"https:\/\/www.fundacionrafanadal.org\/ca\/proyecto\/play-all\/\" target=\"_self\" >Play All<\/a><\/h3>\n\n<a style=\"border-radius:0px;border-top-width:0px;border-top-style:none;border-right-width:0px;border-right-style:none;border-bottom-width:1px;border-left-width:0px;border-left-style:none; padding-top:0;padding-bottom:0;padding-left:0;padding-right:0;margin-top:0;margin-bottom:0;\" class=\"wp-block-read-more\" href=\"https:\/\/www.fundacionrafanadal.org\/ca\/proyecto\/play-all\/\" target=\"_self\">Ver proyecto<span class=\"screen-reader-text\">: Play All<\/span><\/a><\/div>\n\n<\/li><\/ul><\/div>\n\n\n\n<div style=\"height:60px;width:0px\" aria-hidden=\"true\" class=\"wp-block-spacer\"><\/div>\n\n\n\n<div class=\"wp-block-columns are-vertically-aligned-center has-background is-layout-flex wp-container-core-columns-is-layout-274f0872 wp-block-columns-is-layout-flex\" style=\"background-color:#dceacc;margin-top:0;margin-bottom:0;padding-top:var(--wp--preset--spacing--60);padding-right:var(--wp--preset--spacing--60);padding-bottom:var(--wp--preset--spacing--60);padding-left:var(--wp--preset--spacing--60)\">\n<div class=\"wp-block-column is-vertically-aligned-center is-layout-flow wp-block-column-is-layout-flow\">\n<h2 class=\"wp-block-heading\">Partners<\/h2>\n\n\n\n<p>Els projectes de la Fundaci\u00f3 Rafa Nadal no serien possibles sense els nostres companys de viatge, amb qu\u00e8 treballem m\u00e0 a m\u00e0..<\/p>\n\n\n\n<div class=\"wp-block-buttons is-layout-flex wp-block-buttons-is-layout-flex\">\n<div class=\"wp-block-button\"><a class=\"wp-block-button__link wp-element-button\" href=\"https:\/\/www.fundacionrafanadal.org\/ca\/que-fem\/partners\/\">ver partners<\/a><\/div>\n<\/div>\n<\/div>\n<\/div>\n\n\n\n<div style=\"height:50px\" aria-hidden=\"true\" class=\"wp-block-spacer\"><\/div>\n\n\n\n<div class=\"wp-block-cover aliados\" style=\"padding-right:20px;padding-left:20px\"><img decoding=\"async\" width=\"1024\" height=\"261\" class=\"wp-block-cover__image-background wp-image-27836 size-large\" alt=\"\" src=\"https:\/\/www.fundacionrafanadal.org\/wp-content\/uploads\/2025\/10\/X-Aniver-1536x391-1-1024x261.png\" data-object-fit=\"cover\" srcset=\"https:\/\/www.fundacionrafanadal.org\/wp-content\/uploads\/2025\/10\/X-Aniver-1536x391-1-1024x261.png 1024w, https:\/\/www.fundacionrafanadal.org\/wp-content\/uploads\/2025\/10\/X-Aniver-1536x391-1-300x76.png 300w, https:\/\/www.fundacionrafanadal.org\/wp-content\/uploads\/2025\/10\/X-Aniver-1536x391-1-768x196.png 768w, https:\/\/www.fundacionrafanadal.org\/wp-content\/uploads\/2025\/10\/X-Aniver-1536x391-1-900x229.png 900w, https:\/\/www.fundacionrafanadal.org\/wp-content\/uploads\/2025\/10\/X-Aniver-1536x391-1-44x11.png 44w, https:\/\/www.fundacionrafanadal.org\/wp-content\/uploads\/2025\/10\/X-Aniver-1536x391-1.png 1536w\" sizes=\"(max-width: 1024px) 100vw, 1024px\" \/><span aria-hidden=\"true\" class=\"wp-block-cover__background has-black-background-color has-background-dim-30 has-background-dim\"><\/span><div class=\"wp-block-cover__inner-container is-layout-constrained wp-container-core-cover-is-layout-3b0f2f7d wp-block-cover-is-layout-constrained\">\n<div class=\"wp-block-group has-background\" style=\"background-color:#3333331a\"><div class=\"wp-block-group__inner-container is-layout-constrained wp-block-group-is-layout-constrained\">\n<h2 class=\"wp-block-heading has-text-align-center\">Esdeveniments<\/h2>\n\n\n\n<p class=\"has-text-align-center has-medium-font-size\">Organitzem esdeveniments socials i de l\u2019\u00e0mbit esportiu que serveixen per promocionar l\u2019activitat f\u00edsica saludable i per recaptar fons.<\/p>\n\n\n\n<div style=\"height:30px\" aria-hidden=\"true\" class=\"wp-block-spacer\"><\/div>\n\n\n\n<div class=\"wp-block-buttons is-content-justification-center is-layout-flex wp-container-core-buttons-is-layout-a89b3969 wp-block-buttons-is-layout-flex\">\n<div class=\"wp-block-button\"><a class=\"wp-block-button__link has-text-align-center wp-element-button\" href=\"https:\/\/www.fundacionrafanadal.org\/ca\/que-fem\/esdeveniments\/\">Saber m\u00e9s<\/a><\/div>\n<\/div>\n<\/div><\/div>\n<\/div><\/div>\n\n\n\n<div class=\"wp-block-columns block--stretch is-layout-flex wp-container-core-columns-is-layout-033227a0 wp-block-columns-is-layout-flex\" style=\"padding-top:0;padding-bottom:0\">\n<div class=\"wp-block-column is-vertically-aligned-top is-layout-flow wp-block-column-is-layout-flow\">\n<figure class=\"wp-block-image size-full is-resized\"><img decoding=\"async\" width=\"300\" height=\"131\" src=\"https:\/\/www.fundacionrafanadal.org\/wp-content\/uploads\/2026\/01\/que-hacemos-logo-rnt-300x131-1.png\" alt=\"\" class=\"wp-image-65029\" style=\"width:250px\" srcset=\"https:\/\/www.fundacionrafanadal.org\/wp-content\/uploads\/2026\/01\/que-hacemos-logo-rnt-300x131-1.png 300w, https:\/\/www.fundacionrafanadal.org\/wp-content\/uploads\/2026\/01\/que-hacemos-logo-rnt-300x131-1-44x19.png 44w\" sizes=\"(max-width: 300px) 100vw, 300px\" \/><\/figure>\n\n\n\n<p>El Rafa Nadal Tour by Santander \u00e9s un circuit juvenil de tennis solidari, a benefici dels projectes de la&nbsp;<strong>Fundaci\u00f3 Rafa Nadal<\/strong>, que es<br>celebra cada any a Espanya.<\/p>\n\n\n\n<p>Actualment ha esdevingut un torneig de refer\u00e8ncia nacional i es va crear amb la voluntat de completar la competici\u00f3 esportiva amb un vessant educatiu basat en activitats per valors.<\/p>\n\n\n\n<div class=\"wp-block-buttons is-layout-flex wp-block-buttons-is-layout-flex\">\n<div class=\"wp-block-button\"><a class=\"wp-block-button__link wp-element-button\" href=\"https:\/\/rafanadaltour.com\/es\" target=\"_blank\" rel=\"noreferrer noopener\">Saber m\u00e9s<\/a><\/div>\n<\/div>\n<\/div>\n\n\n\n<div class=\"wp-block-column is-layout-flow wp-block-column-is-layout-flow\" style=\"padding-right:0;padding-bottom:50px;padding-left:0\">\n<figure class=\"wp-block-image size-full\"><img decoding=\"async\" width=\"1024\" height=\"819\" src=\"https:\/\/www.fundacionrafanadal.org\/wp-content\/uploads\/2026\/01\/RNT_2025-1024x819-1.png\" alt=\"\" class=\"wp-image-65030\" srcset=\"https:\/\/www.fundacionrafanadal.org\/wp-content\/uploads\/2026\/01\/RNT_2025-1024x819-1.png 1024w, https:\/\/www.fundacionrafanadal.org\/wp-content\/uploads\/2026\/01\/RNT_2025-1024x819-1-300x240.png 300w, https:\/\/www.fundacionrafanadal.org\/wp-content\/uploads\/2026\/01\/RNT_2025-1024x819-1-768x614.png 768w, https:\/\/www.fundacionrafanadal.org\/wp-content\/uploads\/2026\/01\/RNT_2025-1024x819-1-900x720.png 900w, https:\/\/www.fundacionrafanadal.org\/wp-content\/uploads\/2026\/01\/RNT_2025-1024x819-1-44x35.png 44w\" sizes=\"(max-width: 1024px) 100vw, 1024px\" \/><\/figure>\n<\/div>\n<\/div>\n","protected":false},"excerpt":{"rendered":"<p>Impacto transformador Pretenem causar a la societat una transformaci\u00f3 a trav\u00e9s de les nostres accions, projectes i programes, i contribuir aix\u00ed als Objectius de Desenvolupament Sostenible (ODS) marcats per l\u2019ONU a l\u2019Agenda 2030.. Partners Els projectes de la Fundaci\u00f3 Rafa Nadal no serien possibles sense els nostres companys de viatge, amb qu\u00e8 treballem m\u00e0 a [&hellip;]<\/p>\n","protected":false},"author":1,"featured_media":49858,"parent":0,"menu_order":0,"comment_status":"closed","ping_status":"closed","template":"","meta":{"_acf_changed":false,"give_campaign_id":0,"inline_featured_image":false,"footnotes":""},"class_list":["post-49839","page","type-page","status-publish","has-post-thumbnail","hentry"],"acf":[],"yoast_head":"<!-- This site is optimized with the Yoast SEO plugin v27.4 - https:\/\/yoast.com\/product\/yoast-seo-wordpress\/ -->\n<title>Qu\u00e8 fem? - Fundaci\u00f3n Rafa Nadal<\/title>\n<meta name=\"robots\" content=\"index, follow, max-snippet:-1, max-image-preview:large, max-video-preview:-1\" \/>\n<link rel=\"canonical\" href=\"https:\/\/www.fundacionrafanadal.org\/ca\/que-fem\/\" \/>\n<meta property=\"og:locale\" content=\"ca_ES\" \/>\n<meta property=\"og:type\" content=\"article\" \/>\n<meta property=\"og:title\" content=\"Qu\u00e8 fem? - Fundaci\u00f3n Rafa Nadal\" \/>\n<meta property=\"og:description\" content=\"Impacto transformador Pretenem causar a la societat una transformaci\u00f3 a trav\u00e9s de les nostres accions, projectes i programes, i contribuir aix\u00ed als Objectius de Desenvolupament Sostenible (ODS) marcats per l\u2019ONU a l\u2019Agenda 2030.. Partners Els projectes de la Fundaci\u00f3 Rafa Nadal no serien possibles sense els nostres companys de viatge, amb qu\u00e8 treballem m\u00e0 a [&hellip;]\" \/>\n<meta property=\"og:url\" content=\"https:\/\/www.fundacionrafanadal.org\/ca\/que-fem\/\" \/>\n<meta property=\"og:site_name\" content=\"Fundaci\u00f3n Rafa Nadal\" \/>\n<meta property=\"article:modified_time\" content=\"2026-01-26T09:18:10+00:00\" \/>\n<meta property=\"og:image\" content=\"https:\/\/www.fundacionrafanadal.org\/wp-content\/uploads\/2025\/10\/cabecera-proyectos-1536x391-1.jpg\" \/>\n\t<meta property=\"og:image:width\" content=\"1536\" \/>\n\t<meta property=\"og:image:height\" content=\"391\" \/>\n\t<meta property=\"og:image:type\" content=\"image\/jpeg\" \/>\n<meta name=\"twitter:card\" content=\"summary_large_image\" \/>\n<meta name=\"twitter:label1\" content=\"Temps estimat de lectura\" \/>\n\t<meta name=\"twitter:data1\" content=\"2 minuts\" \/>\n<script type=\"application\/ld+json\" class=\"yoast-schema-graph\">{\"@context\":\"https:\\\/\\\/schema.org\",\"@graph\":[{\"@type\":\"WebPage\",\"@id\":\"https:\\\/\\\/www.fundacionrafanadal.org\\\/ca\\\/que-fem\\\/\",\"url\":\"https:\\\/\\\/www.fundacionrafanadal.org\\\/ca\\\/que-fem\\\/\",\"name\":\"Qu\u00e8 fem? - Fundaci\u00f3n Rafa Nadal\",\"isPartOf\":{\"@id\":\"https:\\\/\\\/www.fundacionrafanadal.org\\\/ca\\\/#website\"},\"primaryImageOfPage\":{\"@id\":\"https:\\\/\\\/www.fundacionrafanadal.org\\\/ca\\\/que-fem\\\/#primaryimage\"},\"image\":{\"@id\":\"https:\\\/\\\/www.fundacionrafanadal.org\\\/ca\\\/que-fem\\\/#primaryimage\"},\"thumbnailUrl\":\"https:\\\/\\\/www.fundacionrafanadal.org\\\/wp-content\\\/uploads\\\/2025\\\/10\\\/cabecera-proyectos-1536x391-1.jpg\",\"datePublished\":\"2025-10-24T08:39:17+00:00\",\"dateModified\":\"2026-01-26T09:18:10+00:00\",\"breadcrumb\":{\"@id\":\"https:\\\/\\\/www.fundacionrafanadal.org\\\/ca\\\/que-fem\\\/#breadcrumb\"},\"inLanguage\":\"ca\",\"potentialAction\":[{\"@type\":\"ReadAction\",\"target\":[\"https:\\\/\\\/www.fundacionrafanadal.org\\\/ca\\\/que-fem\\\/\"]}]},{\"@type\":\"ImageObject\",\"inLanguage\":\"ca\",\"@id\":\"https:\\\/\\\/www.fundacionrafanadal.org\\\/ca\\\/que-fem\\\/#primaryimage\",\"url\":\"https:\\\/\\\/www.fundacionrafanadal.org\\\/wp-content\\\/uploads\\\/2025\\\/10\\\/cabecera-proyectos-1536x391-1.jpg\",\"contentUrl\":\"https:\\\/\\\/www.fundacionrafanadal.org\\\/wp-content\\\/uploads\\\/2025\\\/10\\\/cabecera-proyectos-1536x391-1.jpg\",\"width\":1536,\"height\":391},{\"@type\":\"BreadcrumbList\",\"@id\":\"https:\\\/\\\/www.fundacionrafanadal.org\\\/ca\\\/que-fem\\\/#breadcrumb\",\"itemListElement\":[{\"@type\":\"ListItem\",\"position\":1,\"name\":\"Portada\",\"item\":\"https:\\\/\\\/www.fundacionrafanadal.org\\\/ca\\\/\"},{\"@type\":\"ListItem\",\"position\":2,\"name\":\"Qu\u00e8 fem?\"}]},{\"@type\":\"WebSite\",\"@id\":\"https:\\\/\\\/www.fundacionrafanadal.org\\\/ca\\\/#website\",\"url\":\"https:\\\/\\\/www.fundacionrafanadal.org\\\/ca\\\/\",\"name\":\"Fundaci\u00f3n Rafa Nadal\",\"description\":\"\",\"potentialAction\":[{\"@type\":\"SearchAction\",\"target\":{\"@type\":\"EntryPoint\",\"urlTemplate\":\"https:\\\/\\\/www.fundacionrafanadal.org\\\/ca\\\/?s={search_term_string}\"},\"query-input\":{\"@type\":\"PropertyValueSpecification\",\"valueRequired\":true,\"valueName\":\"search_term_string\"}}],\"inLanguage\":\"ca\"}]}<\/script>\n<!-- \/ Yoast SEO plugin. -->","yoast_head_json":{"title":"Qu\u00e8 fem? - Fundaci\u00f3n Rafa Nadal","robots":{"index":"index","follow":"follow","max-snippet":"max-snippet:-1","max-image-preview":"max-image-preview:large","max-video-preview":"max-video-preview:-1"},"canonical":"https:\/\/www.fundacionrafanadal.org\/ca\/que-fem\/","og_locale":"ca_ES","og_type":"article","og_title":"Qu\u00e8 fem? - Fundaci\u00f3n Rafa Nadal","og_description":"Impacto transformador Pretenem causar a la societat una transformaci\u00f3 a trav\u00e9s de les nostres accions, projectes i programes, i contribuir aix\u00ed als Objectius de Desenvolupament Sostenible (ODS) marcats per l\u2019ONU a l\u2019Agenda 2030.. Partners Els projectes de la Fundaci\u00f3 Rafa Nadal no serien possibles sense els nostres companys de viatge, amb qu\u00e8 treballem m\u00e0 a [&hellip;]","og_url":"https:\/\/www.fundacionrafanadal.org\/ca\/que-fem\/","og_site_name":"Fundaci\u00f3n Rafa Nadal","article_modified_time":"2026-01-26T09:18:10+00:00","og_image":[{"width":1536,"height":391,"url":"https:\/\/www.fundacionrafanadal.org\/wp-content\/uploads\/2025\/10\/cabecera-proyectos-1536x391-1.jpg","type":"image\/jpeg"}],"twitter_card":"summary_large_image","twitter_misc":{"Temps estimat de lectura":"2 minuts"},"schema":{"@context":"https:\/\/schema.org","@graph":[{"@type":"WebPage","@id":"https:\/\/www.fundacionrafanadal.org\/ca\/que-fem\/","url":"https:\/\/www.fundacionrafanadal.org\/ca\/que-fem\/","name":"Qu\u00e8 fem? - Fundaci\u00f3n Rafa Nadal","isPartOf":{"@id":"https:\/\/www.fundacionrafanadal.org\/ca\/#website"},"primaryImageOfPage":{"@id":"https:\/\/www.fundacionrafanadal.org\/ca\/que-fem\/#primaryimage"},"image":{"@id":"https:\/\/www.fundacionrafanadal.org\/ca\/que-fem\/#primaryimage"},"thumbnailUrl":"https:\/\/www.fundacionrafanadal.org\/wp-content\/uploads\/2025\/10\/cabecera-proyectos-1536x391-1.jpg","datePublished":"2025-10-24T08:39:17+00:00","dateModified":"2026-01-26T09:18:10+00:00","breadcrumb":{"@id":"https:\/\/www.fundacionrafanadal.org\/ca\/que-fem\/#breadcrumb"},"inLanguage":"ca","potentialAction":[{"@type":"ReadAction","target":["https:\/\/www.fundacionrafanadal.org\/ca\/que-fem\/"]}]},{"@type":"ImageObject","inLanguage":"ca","@id":"https:\/\/www.fundacionrafanadal.org\/ca\/que-fem\/#primaryimage","url":"https:\/\/www.fundacionrafanadal.org\/wp-content\/uploads\/2025\/10\/cabecera-proyectos-1536x391-1.jpg","contentUrl":"https:\/\/www.fundacionrafanadal.org\/wp-content\/uploads\/2025\/10\/cabecera-proyectos-1536x391-1.jpg","width":1536,"height":391},{"@type":"BreadcrumbList","@id":"https:\/\/www.fundacionrafanadal.org\/ca\/que-fem\/#breadcrumb","itemListElement":[{"@type":"ListItem","position":1,"name":"Portada","item":"https:\/\/www.fundacionrafanadal.org\/ca\/"},{"@type":"ListItem","position":2,"name":"Qu\u00e8 fem?"}]},{"@type":"WebSite","@id":"https:\/\/www.fundacionrafanadal.org\/ca\/#website","url":"https:\/\/www.fundacionrafanadal.org\/ca\/","name":"Fundaci\u00f3n Rafa Nadal","description":"","potentialAction":[{"@type":"SearchAction","target":{"@type":"EntryPoint","urlTemplate":"https:\/\/www.fundacionrafanadal.org\/ca\/?s={search_term_string}"},"query-input":{"@type":"PropertyValueSpecification","valueRequired":true,"valueName":"search_term_string"}}],"inLanguage":"ca"}]}},"campaignId":"","_links":{"self":[{"href":"https:\/\/www.fundacionrafanadal.org\/ca\/wp-json\/wp\/v2\/pages\/49839","targetHints":{"allow":["GET"]}}],"collection":[{"href":"https:\/\/www.fundacionrafanadal.org\/ca\/wp-json\/wp\/v2\/pages"}],"about":[{"href":"https:\/\/www.fundacionrafanadal.org\/ca\/wp-json\/wp\/v2\/types\/page"}],"author":[{"embeddable":true,"href":"https:\/\/www.fundacionrafanadal.org\/ca\/wp-json\/wp\/v2\/users\/1"}],"replies":[{"embeddable":true,"href":"https:\/\/www.fundacionrafanadal.org\/ca\/wp-json\/wp\/v2\/comments?post=49839"}],"version-history":[{"count":0,"href":"https:\/\/www.fundacionrafanadal.org\/ca\/wp-json\/wp\/v2\/pages\/49839\/revisions"}],"wp:featuredmedia":[{"embeddable":true,"href":"https:\/\/www.fundacionrafanadal.org\/ca\/wp-json\/wp\/v2\/media\/49858"}],"wp:attachment":[{"href":"https:\/\/www.fundacionrafanadal.org\/ca\/wp-json\/wp\/v2\/media?parent=49839"}],"curies":[{"name":"wp","href":"https:\/\/api.w.org\/{rel}","templated":true}]}}