{"id":49848,"date":"2025-10-24T09:05:21","date_gmt":"2025-10-24T09:05:21","guid":{"rendered":"https:\/\/fundacionrafanadal.quelinka.es\/?page_id=49848"},"modified":"2026-01-19T15:01:14","modified_gmt":"2026-01-19T15:01:14","slug":"impacte-transformador","status":"publish","type":"page","link":"https:\/\/www.fundacionrafanadal.org\/ca\/que-fem\/impacte-transformador\/","title":{"rendered":"Impacte transformador"},"content":{"rendered":"\n<div class=\"wp-block-group\"><div class=\"wp-block-group__inner-container is-layout-constrained wp-block-group-is-layout-constrained\">\n<p class=\"has-medium-font-size\">Cada petit pas que fem a la fundaci\u00f3 ho fem amb la seguretat que la nostra tasca ajudar\u00e0 les persones m\u00e9s vulnerables. Darrere de cada projecte hi ha \u00e9ssers humans, hist\u00f2ries de vida que ens impulsen a donar respostes i cercar solucions a les diferents problem\u00e0tiques que ens trobem.<\/p>\n\n\n\n<p>Per aix\u00f2, cadascuna de les iniciatives que duem a terme t\u00e9 com a eix central les persones i el nostre comprom\u00eds \u00e9s amb elles. Treballem per garantir la igualtat d\u2019oportunitats de tots els col\u00b7lectius que atenem. Volem generar un impacte transformador.<\/p>\n\n\n\n<p>L\u2019esport i l\u2019educaci\u00f3 s\u00f3n els nostres pilars fonamentals per a aquesta transformaci\u00f3 que far\u00e0 que els nens, les nenes i els adolescents arribin tan lluny com es ho proposin. Per tot aix\u00f2, a la fundaci\u00f3 creem i codisenyem programes a Espanya i \u00cdndia juntament amb experts i partners. Amb la nostra tasca volem brindar un acc\u00e9s inclusiu a l\u2019educaci\u00f3, avan\u00e7ar cap a la reducci\u00f3 de les desigualtats i garantir la bona salut i el benestar de totes les persones que atenem.<\/p>\n\n\n\n<p>El nostre objectiu tamb\u00e9 \u00e9s identificar el talent \u00fanic en cadascun, i donar-los suport i assistir-los en tots els assumptes relacionats amb el seu ple desenvolupament f\u00edsic, psicol\u00f2gic i emocional.<\/p>\n\n\n\n<p class=\"has-medium-font-size\"><strong>Desenvolupem diferents projectes a Espanya i l\u2019\u00cdndia amb els qu\u00e8 contribu\u00efm directament a assolir quatre dels 17 Objectius de Desenvolupament Sostenible m\u00e9s importants, que alhora es converteixen en els nostres quatre grans eixos d\u2019impacte.<\/strong><\/p>\n<\/div><\/div>\n\n\n\n<div style=\"height:50px\" aria-hidden=\"true\" class=\"wp-block-spacer\"><\/div>\n\n\n\n<div class=\"wp-block-group grid-2x2 is-layout-grid wp-container-core-group-is-layout-29271053 wp-block-group-is-layout-grid\">\n<div class=\"wp-block-group has-background is-vertical is-layout-flex wp-container-core-group-is-layout-f882b559 wp-block-group-is-layout-flex\" style=\"background-color:#4e8033;padding-top:0;padding-right:0;padding-bottom:0;padding-left:0\">\n<figure class=\"wp-block-image size-full\" style=\"margin-top:0;margin-right:0;margin-bottom:0;margin-left:0\"><img decoding=\"async\" width=\"900\" height=\"694\" src=\"https:\/\/www.fundacionrafanadal.org\/wp-content\/uploads\/2025\/10\/ODS_SALUD.png\" alt=\"\" class=\"wp-image-27859\" srcset=\"https:\/\/www.fundacionrafanadal.org\/wp-content\/uploads\/2025\/10\/ODS_SALUD.png 900w, https:\/\/www.fundacionrafanadal.org\/wp-content\/uploads\/2025\/10\/ODS_SALUD-300x231.png 300w, https:\/\/www.fundacionrafanadal.org\/wp-content\/uploads\/2025\/10\/ODS_SALUD-768x592.png 768w, https:\/\/www.fundacionrafanadal.org\/wp-content\/uploads\/2025\/10\/ODS_SALUD-44x34.png 44w\" sizes=\"(max-width: 900px) 100vw, 900px\" \/><\/figure>\n\n\n\n<div class=\"wp-block-group\" style=\"padding-top:var(--wp--preset--spacing--20);padding-right:var(--wp--preset--spacing--60);padding-bottom:var(--wp--preset--spacing--60);padding-left:var(--wp--preset--spacing--60)\"><div class=\"wp-block-group__inner-container is-layout-constrained wp-container-core-group-is-layout-29aa6a9b wp-block-group-is-layout-constrained\">\n<p class=\"has-white-color has-text-color has-link-color wp-elements-12be5da5e73f1b751a44c787e594e055\">La promoci\u00f3 de la pr\u00e0ctica d\u2019activitat f\u00edsica regular \u00e9s una de les bases de tots els nostres projectes. Fomentem que els menors i els joves mantinguin h\u00e0bits de vida saludable, acompanyats d\u2019una higiene i nutrici\u00f3 adequades i defensem els beneficis f\u00edsics, psicol\u00f2gics i socials que comporta practicar esport.<\/p>\n<\/div><\/div>\n<\/div>\n\n\n\n<div class=\"wp-block-group has-background wp-container-content-b4c5012d is-vertical is-layout-flex wp-container-core-group-is-layout-f882b559 wp-block-group-is-layout-flex\" style=\"background-color:#b7383f;padding-top:0;padding-right:0;padding-bottom:0;padding-left:0\">\n<figure class=\"wp-block-image size-full\" style=\"margin-top:0;margin-right:0;margin-bottom:0;margin-left:0\"><img decoding=\"async\" width=\"900\" height=\"694\" src=\"https:\/\/www.fundacionrafanadal.org\/wp-content\/uploads\/2025\/10\/ODS_EDU.png\" alt=\"\" class=\"wp-image-27867\" srcset=\"https:\/\/www.fundacionrafanadal.org\/wp-content\/uploads\/2025\/10\/ODS_EDU.png 900w, https:\/\/www.fundacionrafanadal.org\/wp-content\/uploads\/2025\/10\/ODS_EDU-300x231.png 300w, https:\/\/www.fundacionrafanadal.org\/wp-content\/uploads\/2025\/10\/ODS_EDU-768x592.png 768w, https:\/\/www.fundacionrafanadal.org\/wp-content\/uploads\/2025\/10\/ODS_EDU-44x34.png 44w\" sizes=\"(max-width: 900px) 100vw, 900px\" \/><\/figure>\n\n\n\n<div class=\"wp-block-group\" style=\"padding-top:var(--wp--preset--spacing--20);padding-right:var(--wp--preset--spacing--60);padding-bottom:var(--wp--preset--spacing--60);padding-left:var(--wp--preset--spacing--60)\"><div class=\"wp-block-group__inner-container is-layout-constrained wp-container-core-group-is-layout-29aa6a9b wp-block-group-is-layout-constrained\">\n<p class=\"has-white-color has-text-color has-link-color wp-elements-c37e6d099a1a4fe5f00bf8b66e9ef0cb\">L\u2019educaci\u00f3 de qualitat no nom\u00e9s \u00e9s l\u2019educaci\u00f3 acad\u00e8mica, tamb\u00e9 inclou l\u2019educaci\u00f3 no formal, l\u2019educaci\u00f3 en valors, l\u2019educaci\u00f3 f\u00edsica i l\u2019educaci\u00f3 emocional. Aspectes que treballem a tots els nostres projectes utilitzant sempre com a vehicle conductor l\u2019esport.<\/p>\n<\/div><\/div>\n<\/div>\n\n\n\n<div class=\"wp-block-group has-background is-vertical is-layout-flex wp-container-core-group-is-layout-f882b559 wp-block-group-is-layout-flex\" style=\"background-color:#c73778;padding-top:0;padding-right:0;padding-bottom:0;padding-left:0\">\n<figure class=\"wp-block-image size-full\" style=\"margin-top:0;margin-right:0;margin-bottom:0;margin-left:0\"><img decoding=\"async\" width=\"768\" height=\"592\" src=\"https:\/\/www.fundacionrafanadal.org\/wp-content\/uploads\/2025\/10\/ODS_desigualdades-768x592-1.png\" alt=\"\" class=\"wp-image-27875\" srcset=\"https:\/\/www.fundacionrafanadal.org\/wp-content\/uploads\/2025\/10\/ODS_desigualdades-768x592-1.png 768w, https:\/\/www.fundacionrafanadal.org\/wp-content\/uploads\/2025\/10\/ODS_desigualdades-768x592-1-300x231.png 300w, https:\/\/www.fundacionrafanadal.org\/wp-content\/uploads\/2025\/10\/ODS_desigualdades-768x592-1-44x34.png 44w\" sizes=\"(max-width: 768px) 100vw, 768px\" \/><\/figure>\n\n\n\n<div class=\"wp-block-group\" style=\"padding-top:var(--wp--preset--spacing--20);padding-right:var(--wp--preset--spacing--60);padding-bottom:var(--wp--preset--spacing--60);padding-left:var(--wp--preset--spacing--60)\"><div class=\"wp-block-group__inner-container is-layout-constrained wp-container-core-group-is-layout-29aa6a9b wp-block-group-is-layout-constrained\">\n<p class=\"has-white-color has-text-color has-link-color wp-elements-14503096fa0144e60f8f8c3d101dcd67\">Promovem acc\u00e9s a igualtat d\u2019oportunitats a tots els nostres beneficiaris independentment de la seva condici\u00f3, contribuint aix\u00ed a la seva inclusi\u00f3 dins la societat.<\/p>\n<\/div><\/div>\n<\/div>\n\n\n\n<div class=\"wp-block-group has-background is-vertical is-layout-flex wp-container-core-group-is-layout-f882b559 wp-block-group-is-layout-flex\" style=\"background-color:#385c7c;padding-top:0;padding-right:0;padding-bottom:0;padding-left:0\">\n<figure class=\"wp-block-image size-full\" style=\"margin-top:0;margin-right:0;margin-bottom:0;margin-left:0\"><img decoding=\"async\" width=\"768\" height=\"592\" src=\"https:\/\/www.fundacionrafanadal.org\/wp-content\/uploads\/2025\/10\/ODS_alianzas-768x592-1.png\" alt=\"\" class=\"wp-image-27877\" srcset=\"https:\/\/www.fundacionrafanadal.org\/wp-content\/uploads\/2025\/10\/ODS_alianzas-768x592-1.png 768w, https:\/\/www.fundacionrafanadal.org\/wp-content\/uploads\/2025\/10\/ODS_alianzas-768x592-1-300x231.png 300w, https:\/\/www.fundacionrafanadal.org\/wp-content\/uploads\/2025\/10\/ODS_alianzas-768x592-1-44x34.png 44w\" sizes=\"(max-width: 768px) 100vw, 768px\" \/><\/figure>\n\n\n\n<div class=\"wp-block-group\" style=\"padding-top:var(--wp--preset--spacing--20);padding-right:var(--wp--preset--spacing--60);padding-bottom:var(--wp--preset--spacing--60);padding-left:var(--wp--preset--spacing--60)\"><div class=\"wp-block-group__inner-container is-layout-constrained wp-container-core-group-is-layout-29aa6a9b wp-block-group-is-layout-constrained\">\n<p class=\"has-white-color has-text-color has-link-color wp-elements-15db8fac88b8c26ebac961e39950434e\">El nostre sistema de treball sempre s\u2019ha basat a donar-nos suport en col\u00b7laboradors, aliats i altres institucions per treballar en xarxa per un mateix objectiu i potenciar el nostre abast al m\u00e0xim.<\/p>\n<\/div><\/div>\n<\/div>\n<\/div>\n\n\n\n<div style=\"height:100px\" aria-hidden=\"true\" class=\"wp-block-spacer\"><\/div>\n\n\n<div class=\"wp-block-image circles--end\">\n<figure class=\"aligncenter size-full\"><img decoding=\"async\" width=\"820\" height=\"147\" src=\"https:\/\/www.fundacionrafanadal.org\/wp-content\/uploads\/2025\/10\/circles-end.jpg\" alt=\"\" class=\"wp-image-27101\" srcset=\"https:\/\/www.fundacionrafanadal.org\/wp-content\/uploads\/2025\/10\/circles-end.jpg 820w, https:\/\/www.fundacionrafanadal.org\/wp-content\/uploads\/2025\/10\/circles-end-300x54.jpg 300w, https:\/\/www.fundacionrafanadal.org\/wp-content\/uploads\/2025\/10\/circles-end-768x138.jpg 768w, https:\/\/www.fundacionrafanadal.org\/wp-content\/uploads\/2025\/10\/circles-end-44x8.jpg 44w\" sizes=\"(max-width: 820px) 100vw, 820px\" \/><\/figure>\n<\/div>","protected":false},"excerpt":{"rendered":"<p>Cada petit pas que fem a la fundaci\u00f3 ho fem amb la seguretat que la nostra tasca ajudar\u00e0 les persones m\u00e9s vulnerables. Darrere de cada projecte hi ha \u00e9ssers humans, hist\u00f2ries de vida que ens impulsen a donar respostes i cercar solucions a les diferents problem\u00e0tiques que ens trobem. Per aix\u00f2, cadascuna de les iniciatives [&hellip;]<\/p>\n","protected":false},"author":1,"featured_media":49847,"parent":49839,"menu_order":0,"comment_status":"closed","ping_status":"closed","template":"","meta":{"_acf_changed":false,"give_campaign_id":0,"inline_featured_image":false,"footnotes":""},"class_list":["post-49848","page","type-page","status-publish","has-post-thumbnail","hentry"],"acf":[],"yoast_head":"<!-- This site is optimized with the Yoast SEO plugin v27.4 - https:\/\/yoast.com\/product\/yoast-seo-wordpress\/ -->\n<title>Impacte transformador - Fundaci\u00f3n Rafa Nadal<\/title>\n<meta name=\"robots\" content=\"index, follow, max-snippet:-1, max-image-preview:large, max-video-preview:-1\" \/>\n<link rel=\"canonical\" href=\"https:\/\/www.fundacionrafanadal.org\/ca\/que-fem\/impacte-transformador\/\" \/>\n<meta property=\"og:locale\" content=\"ca_ES\" \/>\n<meta property=\"og:type\" content=\"article\" \/>\n<meta property=\"og:title\" content=\"Impacte transformador - Fundaci\u00f3n Rafa Nadal\" \/>\n<meta property=\"og:description\" content=\"Cada petit pas que fem a la fundaci\u00f3 ho fem amb la seguretat que la nostra tasca ajudar\u00e0 les persones m\u00e9s vulnerables. Darrere de cada projecte hi ha \u00e9ssers humans, hist\u00f2ries de vida que ens impulsen a donar respostes i cercar solucions a les diferents problem\u00e0tiques que ens trobem. Per aix\u00f2, cadascuna de les iniciatives [&hellip;]\" \/>\n<meta property=\"og:url\" content=\"https:\/\/www.fundacionrafanadal.org\/ca\/que-fem\/impacte-transformador\/\" \/>\n<meta property=\"og:site_name\" content=\"Fundaci\u00f3n Rafa Nadal\" \/>\n<meta property=\"article:modified_time\" content=\"2026-01-19T15:01:14+00:00\" \/>\n<meta property=\"og:image\" content=\"https:\/\/www.fundacionrafanadal.org\/wp-content\/uploads\/2025\/10\/MQT008-1536x392-1.jpg\" \/>\n\t<meta property=\"og:image:width\" content=\"1536\" \/>\n\t<meta property=\"og:image:height\" content=\"392\" \/>\n\t<meta property=\"og:image:type\" content=\"image\/jpeg\" \/>\n<meta name=\"twitter:card\" content=\"summary_large_image\" \/>\n<meta name=\"twitter:label1\" content=\"Temps estimat de lectura\" \/>\n\t<meta name=\"twitter:data1\" content=\"3 minuts\" \/>\n<script type=\"application\/ld+json\" class=\"yoast-schema-graph\">{\"@context\":\"https:\\\/\\\/schema.org\",\"@graph\":[{\"@type\":\"WebPage\",\"@id\":\"https:\\\/\\\/www.fundacionrafanadal.org\\\/ca\\\/que-fem\\\/impacte-transformador\\\/\",\"url\":\"https:\\\/\\\/www.fundacionrafanadal.org\\\/ca\\\/que-fem\\\/impacte-transformador\\\/\",\"name\":\"Impacte transformador - Fundaci\u00f3n Rafa Nadal\",\"isPartOf\":{\"@id\":\"https:\\\/\\\/www.fundacionrafanadal.org\\\/ca\\\/#website\"},\"primaryImageOfPage\":{\"@id\":\"https:\\\/\\\/www.fundacionrafanadal.org\\\/ca\\\/que-fem\\\/impacte-transformador\\\/#primaryimage\"},\"image\":{\"@id\":\"https:\\\/\\\/www.fundacionrafanadal.org\\\/ca\\\/que-fem\\\/impacte-transformador\\\/#primaryimage\"},\"thumbnailUrl\":\"https:\\\/\\\/www.fundacionrafanadal.org\\\/wp-content\\\/uploads\\\/2025\\\/10\\\/MQT008-1536x392-1.jpg\",\"datePublished\":\"2025-10-24T09:05:21+00:00\",\"dateModified\":\"2026-01-19T15:01:14+00:00\",\"breadcrumb\":{\"@id\":\"https:\\\/\\\/www.fundacionrafanadal.org\\\/ca\\\/que-fem\\\/impacte-transformador\\\/#breadcrumb\"},\"inLanguage\":\"ca\",\"potentialAction\":[{\"@type\":\"ReadAction\",\"target\":[\"https:\\\/\\\/www.fundacionrafanadal.org\\\/ca\\\/que-fem\\\/impacte-transformador\\\/\"]}]},{\"@type\":\"ImageObject\",\"inLanguage\":\"ca\",\"@id\":\"https:\\\/\\\/www.fundacionrafanadal.org\\\/ca\\\/que-fem\\\/impacte-transformador\\\/#primaryimage\",\"url\":\"https:\\\/\\\/www.fundacionrafanadal.org\\\/wp-content\\\/uploads\\\/2025\\\/10\\\/MQT008-1536x392-1.jpg\",\"contentUrl\":\"https:\\\/\\\/www.fundacionrafanadal.org\\\/wp-content\\\/uploads\\\/2025\\\/10\\\/MQT008-1536x392-1.jpg\",\"width\":1536,\"height\":392},{\"@type\":\"BreadcrumbList\",\"@id\":\"https:\\\/\\\/www.fundacionrafanadal.org\\\/ca\\\/que-fem\\\/impacte-transformador\\\/#breadcrumb\",\"itemListElement\":[{\"@type\":\"ListItem\",\"position\":1,\"name\":\"Portada\",\"item\":\"https:\\\/\\\/www.fundacionrafanadal.org\\\/ca\\\/\"},{\"@type\":\"ListItem\",\"position\":2,\"name\":\"Qu\u00e8 fem?\",\"item\":\"https:\\\/\\\/www.fundacionrafanadal.org\\\/ca\\\/que-fem\\\/\"},{\"@type\":\"ListItem\",\"position\":3,\"name\":\"Impacte transformador\"}]},{\"@type\":\"WebSite\",\"@id\":\"https:\\\/\\\/www.fundacionrafanadal.org\\\/ca\\\/#website\",\"url\":\"https:\\\/\\\/www.fundacionrafanadal.org\\\/ca\\\/\",\"name\":\"Fundaci\u00f3n Rafa Nadal\",\"description\":\"\",\"potentialAction\":[{\"@type\":\"SearchAction\",\"target\":{\"@type\":\"EntryPoint\",\"urlTemplate\":\"https:\\\/\\\/www.fundacionrafanadal.org\\\/ca\\\/?s={search_term_string}\"},\"query-input\":{\"@type\":\"PropertyValueSpecification\",\"valueRequired\":true,\"valueName\":\"search_term_string\"}}],\"inLanguage\":\"ca\"}]}<\/script>\n<!-- \/ Yoast SEO plugin. -->","yoast_head_json":{"title":"Impacte transformador - Fundaci\u00f3n Rafa Nadal","robots":{"index":"index","follow":"follow","max-snippet":"max-snippet:-1","max-image-preview":"max-image-preview:large","max-video-preview":"max-video-preview:-1"},"canonical":"https:\/\/www.fundacionrafanadal.org\/ca\/que-fem\/impacte-transformador\/","og_locale":"ca_ES","og_type":"article","og_title":"Impacte transformador - Fundaci\u00f3n Rafa Nadal","og_description":"Cada petit pas que fem a la fundaci\u00f3 ho fem amb la seguretat que la nostra tasca ajudar\u00e0 les persones m\u00e9s vulnerables. Darrere de cada projecte hi ha \u00e9ssers humans, hist\u00f2ries de vida que ens impulsen a donar respostes i cercar solucions a les diferents problem\u00e0tiques que ens trobem. Per aix\u00f2, cadascuna de les iniciatives [&hellip;]","og_url":"https:\/\/www.fundacionrafanadal.org\/ca\/que-fem\/impacte-transformador\/","og_site_name":"Fundaci\u00f3n Rafa Nadal","article_modified_time":"2026-01-19T15:01:14+00:00","og_image":[{"width":1536,"height":392,"url":"https:\/\/www.fundacionrafanadal.org\/wp-content\/uploads\/2025\/10\/MQT008-1536x392-1.jpg","type":"image\/jpeg"}],"twitter_card":"summary_large_image","twitter_misc":{"Temps estimat de lectura":"3 minuts"},"schema":{"@context":"https:\/\/schema.org","@graph":[{"@type":"WebPage","@id":"https:\/\/www.fundacionrafanadal.org\/ca\/que-fem\/impacte-transformador\/","url":"https:\/\/www.fundacionrafanadal.org\/ca\/que-fem\/impacte-transformador\/","name":"Impacte transformador - Fundaci\u00f3n Rafa Nadal","isPartOf":{"@id":"https:\/\/www.fundacionrafanadal.org\/ca\/#website"},"primaryImageOfPage":{"@id":"https:\/\/www.fundacionrafanadal.org\/ca\/que-fem\/impacte-transformador\/#primaryimage"},"image":{"@id":"https:\/\/www.fundacionrafanadal.org\/ca\/que-fem\/impacte-transformador\/#primaryimage"},"thumbnailUrl":"https:\/\/www.fundacionrafanadal.org\/wp-content\/uploads\/2025\/10\/MQT008-1536x392-1.jpg","datePublished":"2025-10-24T09:05:21+00:00","dateModified":"2026-01-19T15:01:14+00:00","breadcrumb":{"@id":"https:\/\/www.fundacionrafanadal.org\/ca\/que-fem\/impacte-transformador\/#breadcrumb"},"inLanguage":"ca","potentialAction":[{"@type":"ReadAction","target":["https:\/\/www.fundacionrafanadal.org\/ca\/que-fem\/impacte-transformador\/"]}]},{"@type":"ImageObject","inLanguage":"ca","@id":"https:\/\/www.fundacionrafanadal.org\/ca\/que-fem\/impacte-transformador\/#primaryimage","url":"https:\/\/www.fundacionrafanadal.org\/wp-content\/uploads\/2025\/10\/MQT008-1536x392-1.jpg","contentUrl":"https:\/\/www.fundacionrafanadal.org\/wp-content\/uploads\/2025\/10\/MQT008-1536x392-1.jpg","width":1536,"height":392},{"@type":"BreadcrumbList","@id":"https:\/\/www.fundacionrafanadal.org\/ca\/que-fem\/impacte-transformador\/#breadcrumb","itemListElement":[{"@type":"ListItem","position":1,"name":"Portada","item":"https:\/\/www.fundacionrafanadal.org\/ca\/"},{"@type":"ListItem","position":2,"name":"Qu\u00e8 fem?","item":"https:\/\/www.fundacionrafanadal.org\/ca\/que-fem\/"},{"@type":"ListItem","position":3,"name":"Impacte transformador"}]},{"@type":"WebSite","@id":"https:\/\/www.fundacionrafanadal.org\/ca\/#website","url":"https:\/\/www.fundacionrafanadal.org\/ca\/","name":"Fundaci\u00f3n Rafa Nadal","description":"","potentialAction":[{"@type":"SearchAction","target":{"@type":"EntryPoint","urlTemplate":"https:\/\/www.fundacionrafanadal.org\/ca\/?s={search_term_string}"},"query-input":{"@type":"PropertyValueSpecification","valueRequired":true,"valueName":"search_term_string"}}],"inLanguage":"ca"}]}},"campaignId":"","_links":{"self":[{"href":"https:\/\/www.fundacionrafanadal.org\/ca\/wp-json\/wp\/v2\/pages\/49848","targetHints":{"allow":["GET"]}}],"collection":[{"href":"https:\/\/www.fundacionrafanadal.org\/ca\/wp-json\/wp\/v2\/pages"}],"about":[{"href":"https:\/\/www.fundacionrafanadal.org\/ca\/wp-json\/wp\/v2\/types\/page"}],"author":[{"embeddable":true,"href":"https:\/\/www.fundacionrafanadal.org\/ca\/wp-json\/wp\/v2\/users\/1"}],"replies":[{"embeddable":true,"href":"https:\/\/www.fundacionrafanadal.org\/ca\/wp-json\/wp\/v2\/comments?post=49848"}],"version-history":[{"count":0,"href":"https:\/\/www.fundacionrafanadal.org\/ca\/wp-json\/wp\/v2\/pages\/49848\/revisions"}],"up":[{"embeddable":true,"href":"https:\/\/www.fundacionrafanadal.org\/ca\/wp-json\/wp\/v2\/pages\/49839"}],"wp:featuredmedia":[{"embeddable":true,"href":"https:\/\/www.fundacionrafanadal.org\/ca\/wp-json\/wp\/v2\/media\/49847"}],"wp:attachment":[{"href":"https:\/\/www.fundacionrafanadal.org\/ca\/wp-json\/wp\/v2\/media?parent=49848"}],"curies":[{"name":"wp","href":"https:\/\/api.w.org\/{rel}","templated":true}]}}