{"id":49906,"date":"2025-10-09T09:25:18","date_gmt":"2025-10-09T09:25:18","guid":{"rendered":"https:\/\/fundacionrafanadal.quelinka.es\/?page_id=49906"},"modified":"2026-01-27T14:12:10","modified_gmt":"2026-01-27T14:12:10","slug":"accessibilitat","status":"publish","type":"page","link":"https:\/\/www.fundacionrafanadal.org\/ca\/accessibilitat\/","title":{"rendered":"Accesibilitat"},"content":{"rendered":"\n<p>A la Fundaci\u00f3 Rafa Nadal creiem que l\u2019acc\u00e9s a la informaci\u00f3 i als continguts digitals ha de ser un dret universal. Per aquest motiu, treballem perqu\u00e8 el nostre web sigui un espai accessible, usable i inclusiu, que permeti a totes les persones navegar-hi en igualtat de condicions, independentment de la seva situaci\u00f3 personal o funcional.<\/p>\n\n\n\n<p>Amb aquest objectiu, hem incorporat al nostre web un sistema d\u2019accessibilitat que permet adaptar l\u2019experi\u00e8ncia de navegaci\u00f3 a les necessitats de cada usuari.<\/p>\n\n\n\n<p><strong>Opcions i perfils d\u2019accessibilitat<\/strong><\/p>\n\n\n\n<p>El men\u00fa d\u2019accessibilitat, disponible en tot moment durant la navegaci\u00f3, ofereix diferents perfils i opcions de personalitzaci\u00f3 que faciliten l\u2019acc\u00e9s als continguts digitals. Aquests perfils permeten activar de manera autom\u00e0tica diverses adaptacions orientades, entre d\u2019altres, a:<\/p>\n\n\n\n<ul class=\"wp-block-list\">\n<li>Persones amb discapacitat visual<\/li>\n\n\n\n<li>Persones amb sensibilitat a est\u00edmuls visuals, com flaixos o animacions<\/li>\n\n\n\n<li>Persones amb dificultats d\u2019atenci\u00f3 i concentraci\u00f3<\/li>\n\n\n\n<li>Persones que utilitzen lectors de pantalla o altres tecnologies de suport<\/li>\n<\/ul>\n\n\n\n<p>A m\u00e9s, el sistema d\u2019accessibilitat permet ajustar manualment diferents aspectes de la visualitzaci\u00f3 i la interacci\u00f3, com ara la mida del text, l\u2019espaiat, el contrast de colors, el cursor o la presentaci\u00f3 dels continguts, entre d\u2019altres, amb l\u2019objectiu de millorar la llegibilitat i la usabilitat del web.<\/p>\n\n\n\n<p><strong>Comprom\u00eds amb la inclusi\u00f3 digital<\/strong> <\/p>\n\n\n\n<p>La Fundaci\u00f3 Rafa Nadal treballa cada dia per promoure la igualtat d\u2019oportunitats a trav\u00e9s de l\u2019educaci\u00f3, l\u2019esport i el desenvolupament personal. Aquest comprom\u00eds s\u2019est\u00e9n tamb\u00e9 a l\u2019\u00e0mbit digital, on continuem avan\u00e7ant per eliminar barreres i facilitar l\u2019acc\u00e9s a la informaci\u00f3 a totes les persones. <\/p>\n\n\n\n<p>Som conscients que l\u2019accessibilitat \u00e9s un proc\u00e9s de millora cont\u00ednua i, per aquest motiu, continuem treballant per optimitzar l\u2019experi\u00e8ncia de navegaci\u00f3 del nostre web. Agra\u00efm qualsevol suggeriment que ens ajudi a continuar avan\u00e7ant en el nostre comprom\u00eds amb un web accessible, inclusiu i obert a tothom.<\/p>\n","protected":false},"excerpt":{"rendered":"<p>A la Fundaci\u00f3 Rafa Nadal creiem que l\u2019acc\u00e9s a la informaci\u00f3 i als continguts digitals ha de ser un dret universal. Per aquest motiu, treballem perqu\u00e8 el nostre web sigui un espai accessible, usable i inclusiu, que permeti a totes les persones navegar-hi en igualtat de condicions, independentment de la seva situaci\u00f3 personal o funcional. [&hellip;]<\/p>\n","protected":false},"author":1,"featured_media":65717,"parent":0,"menu_order":0,"comment_status":"closed","ping_status":"closed","template":"","meta":{"_acf_changed":false,"give_campaign_id":0,"inline_featured_image":false,"footnotes":""},"class_list":["post-49906","page","type-page","status-publish","has-post-thumbnail","hentry"],"acf":[],"yoast_head":"<!-- This site is optimized with the Yoast SEO plugin v27.4 - https:\/\/yoast.com\/product\/yoast-seo-wordpress\/ -->\n<title>Accesibilitat - Fundaci\u00f3n Rafa Nadal<\/title>\n<meta name=\"robots\" content=\"index, follow, max-snippet:-1, max-image-preview:large, max-video-preview:-1\" \/>\n<link rel=\"canonical\" href=\"https:\/\/www.fundacionrafanadal.org\/ca\/accessibilitat\/\" \/>\n<meta property=\"og:locale\" content=\"ca_ES\" \/>\n<meta property=\"og:type\" content=\"article\" \/>\n<meta property=\"og:title\" content=\"Accesibilitat - Fundaci\u00f3n Rafa Nadal\" \/>\n<meta property=\"og:description\" content=\"A la Fundaci\u00f3 Rafa Nadal creiem que l\u2019acc\u00e9s a la informaci\u00f3 i als continguts digitals ha de ser un dret universal. Per aquest motiu, treballem perqu\u00e8 el nostre web sigui un espai accessible, usable i inclusiu, que permeti a totes les persones navegar-hi en igualtat de condicions, independentment de la seva situaci\u00f3 personal o funcional. [&hellip;]\" \/>\n<meta property=\"og:url\" content=\"https:\/\/www.fundacionrafanadal.org\/ca\/accessibilitat\/\" \/>\n<meta property=\"og:site_name\" content=\"Fundaci\u00f3n Rafa Nadal\" \/>\n<meta property=\"article:modified_time\" content=\"2026-01-27T14:12:10+00:00\" \/>\n<meta property=\"og:image\" content=\"https:\/\/www.fundacionrafanadal.org\/wp-content\/uploads\/2026\/01\/oqmzwnd3thu.jpg\" \/>\n\t<meta property=\"og:image:width\" content=\"1600\" \/>\n\t<meta property=\"og:image:height\" content=\"1068\" \/>\n\t<meta property=\"og:image:type\" content=\"image\/jpeg\" \/>\n<meta name=\"twitter:card\" content=\"summary_large_image\" \/>\n<meta name=\"twitter:label1\" content=\"Temps estimat de lectura\" \/>\n\t<meta name=\"twitter:data1\" content=\"2 minuts\" \/>\n<script type=\"application\/ld+json\" class=\"yoast-schema-graph\">{\"@context\":\"https:\\\/\\\/schema.org\",\"@graph\":[{\"@type\":\"WebPage\",\"@id\":\"https:\\\/\\\/www.fundacionrafanadal.org\\\/ca\\\/accessibilitat\\\/\",\"url\":\"https:\\\/\\\/www.fundacionrafanadal.org\\\/ca\\\/accessibilitat\\\/\",\"name\":\"Accesibilitat - Fundaci\u00f3n Rafa Nadal\",\"isPartOf\":{\"@id\":\"https:\\\/\\\/www.fundacionrafanadal.org\\\/ca\\\/#website\"},\"primaryImageOfPage\":{\"@id\":\"https:\\\/\\\/www.fundacionrafanadal.org\\\/ca\\\/accessibilitat\\\/#primaryimage\"},\"image\":{\"@id\":\"https:\\\/\\\/www.fundacionrafanadal.org\\\/ca\\\/accessibilitat\\\/#primaryimage\"},\"thumbnailUrl\":\"https:\\\/\\\/www.fundacionrafanadal.org\\\/wp-content\\\/uploads\\\/2026\\\/01\\\/oqmzwnd3thu.jpg\",\"datePublished\":\"2025-10-09T09:25:18+00:00\",\"dateModified\":\"2026-01-27T14:12:10+00:00\",\"breadcrumb\":{\"@id\":\"https:\\\/\\\/www.fundacionrafanadal.org\\\/ca\\\/accessibilitat\\\/#breadcrumb\"},\"inLanguage\":\"ca\",\"potentialAction\":[{\"@type\":\"ReadAction\",\"target\":[\"https:\\\/\\\/www.fundacionrafanadal.org\\\/ca\\\/accessibilitat\\\/\"]}]},{\"@type\":\"ImageObject\",\"inLanguage\":\"ca\",\"@id\":\"https:\\\/\\\/www.fundacionrafanadal.org\\\/ca\\\/accessibilitat\\\/#primaryimage\",\"url\":\"https:\\\/\\\/www.fundacionrafanadal.org\\\/wp-content\\\/uploads\\\/2026\\\/01\\\/oqmzwnd3thu.jpg\",\"contentUrl\":\"https:\\\/\\\/www.fundacionrafanadal.org\\\/wp-content\\\/uploads\\\/2026\\\/01\\\/oqmzwnd3thu.jpg\",\"width\":1600,\"height\":1068,\"caption\":\"man writing on paper\"},{\"@type\":\"BreadcrumbList\",\"@id\":\"https:\\\/\\\/www.fundacionrafanadal.org\\\/ca\\\/accessibilitat\\\/#breadcrumb\",\"itemListElement\":[{\"@type\":\"ListItem\",\"position\":1,\"name\":\"Portada\",\"item\":\"https:\\\/\\\/www.fundacionrafanadal.org\\\/ca\\\/\"},{\"@type\":\"ListItem\",\"position\":2,\"name\":\"Accesibilitat\"}]},{\"@type\":\"WebSite\",\"@id\":\"https:\\\/\\\/www.fundacionrafanadal.org\\\/ca\\\/#website\",\"url\":\"https:\\\/\\\/www.fundacionrafanadal.org\\\/ca\\\/\",\"name\":\"Fundaci\u00f3n Rafa Nadal\",\"description\":\"\",\"potentialAction\":[{\"@type\":\"SearchAction\",\"target\":{\"@type\":\"EntryPoint\",\"urlTemplate\":\"https:\\\/\\\/www.fundacionrafanadal.org\\\/ca\\\/?s={search_term_string}\"},\"query-input\":{\"@type\":\"PropertyValueSpecification\",\"valueRequired\":true,\"valueName\":\"search_term_string\"}}],\"inLanguage\":\"ca\"}]}<\/script>\n<!-- \/ Yoast SEO plugin. -->","yoast_head_json":{"title":"Accesibilitat - Fundaci\u00f3n Rafa Nadal","robots":{"index":"index","follow":"follow","max-snippet":"max-snippet:-1","max-image-preview":"max-image-preview:large","max-video-preview":"max-video-preview:-1"},"canonical":"https:\/\/www.fundacionrafanadal.org\/ca\/accessibilitat\/","og_locale":"ca_ES","og_type":"article","og_title":"Accesibilitat - Fundaci\u00f3n Rafa Nadal","og_description":"A la Fundaci\u00f3 Rafa Nadal creiem que l\u2019acc\u00e9s a la informaci\u00f3 i als continguts digitals ha de ser un dret universal. Per aquest motiu, treballem perqu\u00e8 el nostre web sigui un espai accessible, usable i inclusiu, que permeti a totes les persones navegar-hi en igualtat de condicions, independentment de la seva situaci\u00f3 personal o funcional. [&hellip;]","og_url":"https:\/\/www.fundacionrafanadal.org\/ca\/accessibilitat\/","og_site_name":"Fundaci\u00f3n Rafa Nadal","article_modified_time":"2026-01-27T14:12:10+00:00","og_image":[{"width":1600,"height":1068,"url":"https:\/\/www.fundacionrafanadal.org\/wp-content\/uploads\/2026\/01\/oqmzwnd3thu.jpg","type":"image\/jpeg"}],"twitter_card":"summary_large_image","twitter_misc":{"Temps estimat de lectura":"2 minuts"},"schema":{"@context":"https:\/\/schema.org","@graph":[{"@type":"WebPage","@id":"https:\/\/www.fundacionrafanadal.org\/ca\/accessibilitat\/","url":"https:\/\/www.fundacionrafanadal.org\/ca\/accessibilitat\/","name":"Accesibilitat - Fundaci\u00f3n Rafa Nadal","isPartOf":{"@id":"https:\/\/www.fundacionrafanadal.org\/ca\/#website"},"primaryImageOfPage":{"@id":"https:\/\/www.fundacionrafanadal.org\/ca\/accessibilitat\/#primaryimage"},"image":{"@id":"https:\/\/www.fundacionrafanadal.org\/ca\/accessibilitat\/#primaryimage"},"thumbnailUrl":"https:\/\/www.fundacionrafanadal.org\/wp-content\/uploads\/2026\/01\/oqmzwnd3thu.jpg","datePublished":"2025-10-09T09:25:18+00:00","dateModified":"2026-01-27T14:12:10+00:00","breadcrumb":{"@id":"https:\/\/www.fundacionrafanadal.org\/ca\/accessibilitat\/#breadcrumb"},"inLanguage":"ca","potentialAction":[{"@type":"ReadAction","target":["https:\/\/www.fundacionrafanadal.org\/ca\/accessibilitat\/"]}]},{"@type":"ImageObject","inLanguage":"ca","@id":"https:\/\/www.fundacionrafanadal.org\/ca\/accessibilitat\/#primaryimage","url":"https:\/\/www.fundacionrafanadal.org\/wp-content\/uploads\/2026\/01\/oqmzwnd3thu.jpg","contentUrl":"https:\/\/www.fundacionrafanadal.org\/wp-content\/uploads\/2026\/01\/oqmzwnd3thu.jpg","width":1600,"height":1068,"caption":"man writing on paper"},{"@type":"BreadcrumbList","@id":"https:\/\/www.fundacionrafanadal.org\/ca\/accessibilitat\/#breadcrumb","itemListElement":[{"@type":"ListItem","position":1,"name":"Portada","item":"https:\/\/www.fundacionrafanadal.org\/ca\/"},{"@type":"ListItem","position":2,"name":"Accesibilitat"}]},{"@type":"WebSite","@id":"https:\/\/www.fundacionrafanadal.org\/ca\/#website","url":"https:\/\/www.fundacionrafanadal.org\/ca\/","name":"Fundaci\u00f3n Rafa Nadal","description":"","potentialAction":[{"@type":"SearchAction","target":{"@type":"EntryPoint","urlTemplate":"https:\/\/www.fundacionrafanadal.org\/ca\/?s={search_term_string}"},"query-input":{"@type":"PropertyValueSpecification","valueRequired":true,"valueName":"search_term_string"}}],"inLanguage":"ca"}]}},"campaignId":"","_links":{"self":[{"href":"https:\/\/www.fundacionrafanadal.org\/ca\/wp-json\/wp\/v2\/pages\/49906","targetHints":{"allow":["GET"]}}],"collection":[{"href":"https:\/\/www.fundacionrafanadal.org\/ca\/wp-json\/wp\/v2\/pages"}],"about":[{"href":"https:\/\/www.fundacionrafanadal.org\/ca\/wp-json\/wp\/v2\/types\/page"}],"author":[{"embeddable":true,"href":"https:\/\/www.fundacionrafanadal.org\/ca\/wp-json\/wp\/v2\/users\/1"}],"replies":[{"embeddable":true,"href":"https:\/\/www.fundacionrafanadal.org\/ca\/wp-json\/wp\/v2\/comments?post=49906"}],"version-history":[{"count":0,"href":"https:\/\/www.fundacionrafanadal.org\/ca\/wp-json\/wp\/v2\/pages\/49906\/revisions"}],"wp:featuredmedia":[{"embeddable":true,"href":"https:\/\/www.fundacionrafanadal.org\/ca\/wp-json\/wp\/v2\/media\/65717"}],"wp:attachment":[{"href":"https:\/\/www.fundacionrafanadal.org\/ca\/wp-json\/wp\/v2\/media?parent=49906"}],"curies":[{"name":"wp","href":"https:\/\/api.w.org\/{rel}","templated":true}]}}