{"id":49909,"date":"2025-12-11T09:07:13","date_gmt":"2025-12-11T09:07:13","guid":{"rendered":"https:\/\/fundacionrafanadal.quelinka.es\/?page_id=49909"},"modified":"2025-12-15T10:20:28","modified_gmt":"2025-12-15T10:20:28","slug":"newsletter","status":"publish","type":"page","link":"https:\/\/www.fundacionrafanadal.org\/ca\/newsletter\/","title":{"rendered":"Newsletter"},"content":{"rendered":"\n<p class=\"has-text-align-center\">Voleu mantenir-vos informats de les not\u00edcies de la Fundaci\u00f3 Rafa Nadal?<\/p>\n\n\n<script>(function() {\n\twindow.mc4wp = window.mc4wp || {\n\t\tlisteners: [],\n\t\tforms: {\n\t\t\ton: function(evt, cb) {\n\t\t\t\twindow.mc4wp.listeners.push(\n\t\t\t\t\t{\n\t\t\t\t\t\tevent   : evt,\n\t\t\t\t\t\tcallback: cb\n\t\t\t\t\t}\n\t\t\t\t);\n\t\t\t}\n\t\t}\n\t}\n})();\n<\/script><!-- Mailchimp for WordPress v4.12.2 - https:\/\/wordpress.org\/plugins\/mailchimp-for-wp\/ --><form id=\"mc4wp-form-1\" class=\"mc4wp-form mc4wp-form-8905\" method=\"post\" data-id=\"8905\" data-name=\"Newsletter - ES\" ><div class=\"mc4wp-form-fields\"><p>\r\n    <label for=\"nombre\">Nombre: <\/label>\r\n    <input type=\"text\" id=\"nombre\" name=\"FNAME\">\r\n<\/p>\r\n<p>\r\n    <label for=\"apellidos\">Apellidos: <\/label>\r\n    <input type=\"text\" id=\"apellidos\" name=\"LNAME\">\r\n<\/p>\r\n<p>\r\n  <label for=\"email\">Email *: <\/label>\r\n<input type=\"email\" id=\"email\" name=\"EMAIL\" required \/>\r\n<\/p>\r\n<p>\r\n    <label for=\"telefono\">Tel\u00e9fono: <\/label>\r\n    <input type=\"tel\" id=\"telefono\" name=\"PHONE\">\r\n<\/p>\r\n<p>\r\n    <label for=\"nacimiento\">Fecha nacimiento: <\/label>\r\n    <input type=\"text\" id=\"nacimiento\" name=\"BIRTHDAY\" placeholder=\"mm\/dd\">\r\n<\/p>\r\n<p>\r\n    <label>\r\n        <input type=\"checkbox\" name=\"AGREE_TO_TERMS\" value=\"1\" required=\"\"> <a href=\"\/politica-de-privacidad\" target=\"_blank\">He le\u00eddo y acepto la pol\u00edtica de privacidad<\/a>\r\n    <\/label>\r\n<\/p>\r\n\r\n<p>\r\n<input type=\"submit\" class=\"btn\" value=\"Suscribirme\" \/>\r\n<\/p>\r\n\r\n<div class=\"legal\">\r\n  <p><strong>Informaci\u00f3n b\u00e1sica sobre Protecci\u00f3n de Datos<\/strong><\/p>\r\n  <small>\r\n    <ul>\r\n      <li><strong>Responsable:<\/strong> Fundaci\u00f3n Rafa Nadal<\/li>\r\n <li><strong>Finalidad:<\/strong> gesti\u00f3n de solicitudes y donativos, env\u00edo de\r\ninformaci\u00f3n y comunicaciones comerciales<\/li>\r\n <li><strong>Legitimaci\u00f3n:<\/strong> Consentimiento, Obligaciones legales del\r\nResponsable<\/li>\r\n <li><strong>Destinatarios:<\/strong> Prestadores de servicios dentro del EEE<\/li>\r\n <li><strong>Derechos:<\/strong> Acceso, rectificaci\u00f3n y supresi\u00f3n de datos, y otros\r\nderechos indicados en la informaci\u00f3n adicional<\/li>\r\n <li><strong>Informaci\u00f3n adicional:<\/strong> \u00faltima versi\u00f3n de nuestras pol\u00edticas\r\n    de privacidad<\/li>\r\n  <\/ul>\r\n  <\/small>\r\n  <\/div><\/div><label style=\"display: none !important;\">Leave this field empty if you're human: <input type=\"text\" name=\"_mc4wp_honeypot\" value=\"\" tabindex=\"-1\" autocomplete=\"off\" \/><\/label><input type=\"hidden\" name=\"_mc4wp_timestamp\" value=\"1778756117\" \/><input type=\"hidden\" name=\"_mc4wp_form_id\" value=\"8905\" \/><input type=\"hidden\" name=\"_mc4wp_form_element_id\" value=\"mc4wp-form-1\" \/><div class=\"mc4wp-response\"><\/div><\/form><!-- \/ Mailchimp for WordPress Plugin -->\n\n\n","protected":false},"excerpt":{"rendered":"<p>Voleu mantenir-vos informats de les not\u00edcies de la Fundaci\u00f3 Rafa Nadal?<\/p>\n","protected":false},"author":1,"featured_media":49770,"parent":0,"menu_order":0,"comment_status":"closed","ping_status":"closed","template":"templates\/template-small.php","meta":{"_acf_changed":false,"give_campaign_id":0,"inline_featured_image":false,"footnotes":""},"class_list":["post-49909","page","type-page","status-publish","has-post-thumbnail","hentry"],"acf":[],"yoast_head":"<!-- This site is optimized with the Yoast SEO plugin v27.4 - https:\/\/yoast.com\/product\/yoast-seo-wordpress\/ -->\n<title>Newsletter - Fundaci\u00f3n Rafa Nadal<\/title>\n<meta name=\"robots\" content=\"index, follow, max-snippet:-1, max-image-preview:large, max-video-preview:-1\" \/>\n<link rel=\"canonical\" href=\"https:\/\/www.fundacionrafanadal.org\/ca\/newsletter\/\" \/>\n<meta property=\"og:locale\" content=\"ca_ES\" \/>\n<meta property=\"og:type\" content=\"article\" \/>\n<meta property=\"og:title\" content=\"Newsletter - Fundaci\u00f3n Rafa Nadal\" \/>\n<meta property=\"og:description\" content=\"Voleu mantenir-vos informats de les not\u00edcies de la Fundaci\u00f3 Rafa Nadal?\" \/>\n<meta property=\"og:url\" content=\"https:\/\/www.fundacionrafanadal.org\/ca\/newsletter\/\" \/>\n<meta property=\"og:site_name\" content=\"Fundaci\u00f3n Rafa Nadal\" \/>\n<meta property=\"article:modified_time\" content=\"2025-12-15T10:20:28+00:00\" \/>\n<meta property=\"og:image\" content=\"https:\/\/www.fundacionrafanadal.org\/wp-content\/uploads\/2025\/10\/122-1024x261-1.jpg\" \/>\n\t<meta property=\"og:image:width\" content=\"1024\" \/>\n\t<meta property=\"og:image:height\" content=\"261\" \/>\n\t<meta property=\"og:image:type\" content=\"image\/jpeg\" \/>\n<meta name=\"twitter:card\" content=\"summary_large_image\" \/>\n<meta name=\"twitter:label1\" content=\"Temps estimat de lectura\" \/>\n\t<meta name=\"twitter:data1\" content=\"1 minut\" \/>\n<script type=\"application\/ld+json\" class=\"yoast-schema-graph\">{\"@context\":\"https:\\\/\\\/schema.org\",\"@graph\":[{\"@type\":\"WebPage\",\"@id\":\"https:\\\/\\\/www.fundacionrafanadal.org\\\/ca\\\/newsletter\\\/\",\"url\":\"https:\\\/\\\/www.fundacionrafanadal.org\\\/ca\\\/newsletter\\\/\",\"name\":\"Newsletter - Fundaci\u00f3n Rafa Nadal\",\"isPartOf\":{\"@id\":\"https:\\\/\\\/www.fundacionrafanadal.org\\\/ca\\\/#website\"},\"primaryImageOfPage\":{\"@id\":\"https:\\\/\\\/www.fundacionrafanadal.org\\\/ca\\\/newsletter\\\/#primaryimage\"},\"image\":{\"@id\":\"https:\\\/\\\/www.fundacionrafanadal.org\\\/ca\\\/newsletter\\\/#primaryimage\"},\"thumbnailUrl\":\"https:\\\/\\\/www.fundacionrafanadal.org\\\/wp-content\\\/uploads\\\/2025\\\/10\\\/122-1024x261-1.jpg\",\"datePublished\":\"2025-12-11T09:07:13+00:00\",\"dateModified\":\"2025-12-15T10:20:28+00:00\",\"breadcrumb\":{\"@id\":\"https:\\\/\\\/www.fundacionrafanadal.org\\\/ca\\\/newsletter\\\/#breadcrumb\"},\"inLanguage\":\"ca\",\"potentialAction\":[{\"@type\":\"ReadAction\",\"target\":[\"https:\\\/\\\/www.fundacionrafanadal.org\\\/ca\\\/newsletter\\\/\"]}]},{\"@type\":\"ImageObject\",\"inLanguage\":\"ca\",\"@id\":\"https:\\\/\\\/www.fundacionrafanadal.org\\\/ca\\\/newsletter\\\/#primaryimage\",\"url\":\"https:\\\/\\\/www.fundacionrafanadal.org\\\/wp-content\\\/uploads\\\/2025\\\/10\\\/122-1024x261-1.jpg\",\"contentUrl\":\"https:\\\/\\\/www.fundacionrafanadal.org\\\/wp-content\\\/uploads\\\/2025\\\/10\\\/122-1024x261-1.jpg\",\"width\":1024,\"height\":261,\"caption\":\"Rafael Nadal compartiendo tiempo con j\u00f3venes de la fundaci\u00f3n\"},{\"@type\":\"BreadcrumbList\",\"@id\":\"https:\\\/\\\/www.fundacionrafanadal.org\\\/ca\\\/newsletter\\\/#breadcrumb\",\"itemListElement\":[{\"@type\":\"ListItem\",\"position\":1,\"name\":\"Portada\",\"item\":\"https:\\\/\\\/www.fundacionrafanadal.org\\\/ca\\\/\"},{\"@type\":\"ListItem\",\"position\":2,\"name\":\"Newsletter\"}]},{\"@type\":\"WebSite\",\"@id\":\"https:\\\/\\\/www.fundacionrafanadal.org\\\/ca\\\/#website\",\"url\":\"https:\\\/\\\/www.fundacionrafanadal.org\\\/ca\\\/\",\"name\":\"Fundaci\u00f3n Rafa Nadal\",\"description\":\"\",\"potentialAction\":[{\"@type\":\"SearchAction\",\"target\":{\"@type\":\"EntryPoint\",\"urlTemplate\":\"https:\\\/\\\/www.fundacionrafanadal.org\\\/ca\\\/?s={search_term_string}\"},\"query-input\":{\"@type\":\"PropertyValueSpecification\",\"valueRequired\":true,\"valueName\":\"search_term_string\"}}],\"inLanguage\":\"ca\"}]}<\/script>\n<!-- \/ Yoast SEO plugin. -->","yoast_head_json":{"title":"Newsletter - Fundaci\u00f3n Rafa Nadal","robots":{"index":"index","follow":"follow","max-snippet":"max-snippet:-1","max-image-preview":"max-image-preview:large","max-video-preview":"max-video-preview:-1"},"canonical":"https:\/\/www.fundacionrafanadal.org\/ca\/newsletter\/","og_locale":"ca_ES","og_type":"article","og_title":"Newsletter - Fundaci\u00f3n Rafa Nadal","og_description":"Voleu mantenir-vos informats de les not\u00edcies de la Fundaci\u00f3 Rafa Nadal?","og_url":"https:\/\/www.fundacionrafanadal.org\/ca\/newsletter\/","og_site_name":"Fundaci\u00f3n Rafa Nadal","article_modified_time":"2025-12-15T10:20:28+00:00","og_image":[{"width":1024,"height":261,"url":"https:\/\/www.fundacionrafanadal.org\/wp-content\/uploads\/2025\/10\/122-1024x261-1.jpg","type":"image\/jpeg"}],"twitter_card":"summary_large_image","twitter_misc":{"Temps estimat de lectura":"1 minut"},"schema":{"@context":"https:\/\/schema.org","@graph":[{"@type":"WebPage","@id":"https:\/\/www.fundacionrafanadal.org\/ca\/newsletter\/","url":"https:\/\/www.fundacionrafanadal.org\/ca\/newsletter\/","name":"Newsletter - Fundaci\u00f3n Rafa Nadal","isPartOf":{"@id":"https:\/\/www.fundacionrafanadal.org\/ca\/#website"},"primaryImageOfPage":{"@id":"https:\/\/www.fundacionrafanadal.org\/ca\/newsletter\/#primaryimage"},"image":{"@id":"https:\/\/www.fundacionrafanadal.org\/ca\/newsletter\/#primaryimage"},"thumbnailUrl":"https:\/\/www.fundacionrafanadal.org\/wp-content\/uploads\/2025\/10\/122-1024x261-1.jpg","datePublished":"2025-12-11T09:07:13+00:00","dateModified":"2025-12-15T10:20:28+00:00","breadcrumb":{"@id":"https:\/\/www.fundacionrafanadal.org\/ca\/newsletter\/#breadcrumb"},"inLanguage":"ca","potentialAction":[{"@type":"ReadAction","target":["https:\/\/www.fundacionrafanadal.org\/ca\/newsletter\/"]}]},{"@type":"ImageObject","inLanguage":"ca","@id":"https:\/\/www.fundacionrafanadal.org\/ca\/newsletter\/#primaryimage","url":"https:\/\/www.fundacionrafanadal.org\/wp-content\/uploads\/2025\/10\/122-1024x261-1.jpg","contentUrl":"https:\/\/www.fundacionrafanadal.org\/wp-content\/uploads\/2025\/10\/122-1024x261-1.jpg","width":1024,"height":261,"caption":"Rafael Nadal compartiendo tiempo con j\u00f3venes de la fundaci\u00f3n"},{"@type":"BreadcrumbList","@id":"https:\/\/www.fundacionrafanadal.org\/ca\/newsletter\/#breadcrumb","itemListElement":[{"@type":"ListItem","position":1,"name":"Portada","item":"https:\/\/www.fundacionrafanadal.org\/ca\/"},{"@type":"ListItem","position":2,"name":"Newsletter"}]},{"@type":"WebSite","@id":"https:\/\/www.fundacionrafanadal.org\/ca\/#website","url":"https:\/\/www.fundacionrafanadal.org\/ca\/","name":"Fundaci\u00f3n Rafa Nadal","description":"","potentialAction":[{"@type":"SearchAction","target":{"@type":"EntryPoint","urlTemplate":"https:\/\/www.fundacionrafanadal.org\/ca\/?s={search_term_string}"},"query-input":{"@type":"PropertyValueSpecification","valueRequired":true,"valueName":"search_term_string"}}],"inLanguage":"ca"}]}},"campaignId":"","_links":{"self":[{"href":"https:\/\/www.fundacionrafanadal.org\/ca\/wp-json\/wp\/v2\/pages\/49909","targetHints":{"allow":["GET"]}}],"collection":[{"href":"https:\/\/www.fundacionrafanadal.org\/ca\/wp-json\/wp\/v2\/pages"}],"about":[{"href":"https:\/\/www.fundacionrafanadal.org\/ca\/wp-json\/wp\/v2\/types\/page"}],"author":[{"embeddable":true,"href":"https:\/\/www.fundacionrafanadal.org\/ca\/wp-json\/wp\/v2\/users\/1"}],"replies":[{"embeddable":true,"href":"https:\/\/www.fundacionrafanadal.org\/ca\/wp-json\/wp\/v2\/comments?post=49909"}],"version-history":[{"count":0,"href":"https:\/\/www.fundacionrafanadal.org\/ca\/wp-json\/wp\/v2\/pages\/49909\/revisions"}],"wp:featuredmedia":[{"embeddable":true,"href":"https:\/\/www.fundacionrafanadal.org\/ca\/wp-json\/wp\/v2\/media\/49770"}],"wp:attachment":[{"href":"https:\/\/www.fundacionrafanadal.org\/ca\/wp-json\/wp\/v2\/media?parent=49909"}],"curies":[{"name":"wp","href":"https:\/\/api.w.org\/{rel}","templated":true}]}}