{"id":49940,"date":"2025-10-24T08:44:44","date_gmt":"2025-10-24T08:44:44","guid":{"rendered":"https:\/\/fundacionrafanadal.quelinka.es\/?page_id=49940"},"modified":"2025-12-15T11:44:10","modified_gmt":"2025-12-15T11:44:10","slug":"partners","status":"publish","type":"page","link":"https:\/\/www.fundacionrafanadal.org\/ca\/que-fem\/partners\/","title":{"rendered":"Partners"},"content":{"rendered":"\n<div class=\"wp-block-query is-layout-flow wp-block-query-is-layout-flow\"><ul class=\"columns-2 partners grid-2x2 wp-block-post-template is-layout-grid wp-container-core-post-template-is-layout-02493678 wp-block-post-template-is-layout-grid\"><li class=\"wp-block-post post-49944 partner type-partner status-publish has-post-thumbnail hentry\">\n\n<div class=\"wp-block-group is-vertical is-layout-flex wp-container-core-group-is-layout-fe9cc265 wp-block-group-is-layout-flex\"><figure class=\"wp-block-post-featured-image\"><img decoding=\"async\" width=\"844\" height=\"171\" src=\"https:\/\/www.fundacionrafanadal.org\/wp-content\/uploads\/2025\/10\/FVF.png\" class=\"attachment-full size-full wp-post-image\" alt=\"\" style=\"object-fit:cover;\" srcset=\"https:\/\/www.fundacionrafanadal.org\/wp-content\/uploads\/2025\/10\/FVF.png 844w, https:\/\/www.fundacionrafanadal.org\/wp-content\/uploads\/2025\/10\/FVF-300x61.png 300w, https:\/\/www.fundacionrafanadal.org\/wp-content\/uploads\/2025\/10\/FVF-768x156.png 768w, https:\/\/www.fundacionrafanadal.org\/wp-content\/uploads\/2025\/10\/FVF-44x9.png 44w\" sizes=\"(max-width: 844px) 100vw, 844px\" \/><\/figure>\n\n\n<div style=\"height:0px\" aria-hidden=\"true\" class=\"wp-block-spacer wp-container-content-16d1eb73\"><\/div>\n\n\n\n<div class=\"wp-block-group\"><div class=\"wp-block-group__inner-container is-layout-constrained wp-block-group-is-layout-constrained\"><h2 class=\"wp-block-post-title\">Fundaci\u00f3n Vicente Ferrer<\/h2>\n\n<div class=\"entry-content wp-block-post-content is-layout-flow wp-block-post-content-is-layout-flow\">\n<p>ONG de desenvolupament compromesa des de fa m\u00e9s de 50 anys amb el proc\u00e9s de transformaci\u00f3 d\u2019una de les zones m\u00e9s empobrides del sud de l\u2019\u00cdndia. El 2010 vam decidir treballar amb ells i posar en marxa el projecte NETS a Anantapur, on atenem 250 nens i nenes a l\u2019any mitjan\u00e7ant activitats esportives de tennis i activitats educatives d\u2019angl\u00e8s i inform\u00e0tica.<\/p>\n<\/div><\/div><\/div>\n<\/div>\n\n<\/li><li class=\"wp-block-post post-49952 partner type-partner status-publish has-post-thumbnail hentry\">\n\n<div class=\"wp-block-group is-vertical is-layout-flex wp-container-core-group-is-layout-fe9cc265 wp-block-group-is-layout-flex\"><figure class=\"wp-block-post-featured-image\"><img decoding=\"async\" width=\"485\" height=\"160\" src=\"https:\/\/www.fundacionrafanadal.org\/wp-content\/uploads\/2025\/10\/specialOL_web-1.png\" class=\"attachment-full size-full wp-post-image\" alt=\"\" style=\"object-fit:cover;\" srcset=\"https:\/\/www.fundacionrafanadal.org\/wp-content\/uploads\/2025\/10\/specialOL_web-1.png 485w, https:\/\/www.fundacionrafanadal.org\/wp-content\/uploads\/2025\/10\/specialOL_web-1-300x99.png 300w, https:\/\/www.fundacionrafanadal.org\/wp-content\/uploads\/2025\/10\/specialOL_web-1-44x15.png 44w\" sizes=\"(max-width: 485px) 100vw, 485px\" \/><\/figure>\n\n\n<div style=\"height:0px\" aria-hidden=\"true\" class=\"wp-block-spacer wp-container-content-16d1eb73\"><\/div>\n\n\n\n<div class=\"wp-block-group\"><div class=\"wp-block-group__inner-container is-layout-constrained wp-block-group-is-layout-constrained\"><h2 class=\"wp-block-post-title\">Special Olympics<\/h2>\n\n<div class=\"entry-content wp-block-post-content is-layout-flow wp-block-post-content-is-layout-flow\">\n<p>Organitzaci\u00f3 mundial que proporciona des de fa m\u00e9s de 50 anys oportunitats d\u2019integraci\u00f3 per a persones amb discapacitat intel\u00b7lectual a trav\u00e9s de l\u2019esport. El 2010 ens sumem a ells per posar en marxa el projecte M\u00e1s Que Tenis en qu\u00e8 donem suport a joves esportistes a trav\u00e9s d\u2019entrenaments regulars de tennis a 20 escoles a tot Espanya.<\/p>\n<\/div><\/div><\/div>\n<\/div>\n\n<\/li><li class=\"wp-block-post post-49955 partner type-partner status-publish has-post-thumbnail hentry\">\n\n<div class=\"wp-block-group is-vertical is-layout-flex wp-container-core-group-is-layout-fe9cc265 wp-block-group-is-layout-flex\"><figure class=\"wp-block-post-featured-image\"><img decoding=\"async\" width=\"451\" height=\"167\" src=\"https:\/\/www.fundacionrafanadal.org\/wp-content\/uploads\/2025\/10\/diagrama_web-1.png\" class=\"attachment-full size-full wp-post-image\" alt=\"\" style=\"object-fit:cover;\" srcset=\"https:\/\/www.fundacionrafanadal.org\/wp-content\/uploads\/2025\/10\/diagrama_web-1.png 451w, https:\/\/www.fundacionrafanadal.org\/wp-content\/uploads\/2025\/10\/diagrama_web-1-300x111.png 300w, https:\/\/www.fundacionrafanadal.org\/wp-content\/uploads\/2025\/10\/diagrama_web-1-44x16.png 44w\" sizes=\"(max-width: 451px) 100vw, 451px\" \/><\/figure>\n\n\n<div style=\"height:0px\" aria-hidden=\"true\" class=\"wp-block-spacer wp-container-content-16d1eb73\"><\/div>\n\n\n\n<div class=\"wp-block-group\"><div class=\"wp-block-group__inner-container is-layout-constrained wp-block-group-is-layout-constrained\"><h2 class=\"wp-block-post-title\">Fundaci\u00f3n Diagrama<\/h2>\n\n<div class=\"entry-content wp-block-post-content is-layout-flow wp-block-post-content-is-layout-flow\">\n<p>Entitat sense \u00e0nim de lucre que treballa des de 1991 en l\u2019atenci\u00f3 de les necessitats de persones vulnerables o en dificultat social, sempre des de la defensa i la promoci\u00f3 dels Drets Humans. Ens donem suport a la seva experi\u00e8ncia per a la gesti\u00f3 dels nostres Centres Fundaci\u00f3 Rafa Nadal.<\/p>\n<\/div><\/div><\/div>\n<\/div>\n\n<\/li><li class=\"wp-block-post post-49958 partner type-partner status-publish has-post-thumbnail hentry\">\n\n<div class=\"wp-block-group is-vertical is-layout-flex wp-container-core-group-is-layout-fe9cc265 wp-block-group-is-layout-flex\"><figure class=\"wp-block-post-featured-image\"><img decoding=\"async\" width=\"408\" height=\"91\" src=\"https:\/\/www.fundacionrafanadal.org\/wp-content\/uploads\/2025\/10\/LOGO-PARTNER-FTB-1.png\" class=\"attachment-full size-full wp-post-image\" alt=\"\" style=\"object-fit:cover;\" srcset=\"https:\/\/www.fundacionrafanadal.org\/wp-content\/uploads\/2025\/10\/LOGO-PARTNER-FTB-1.png 408w, https:\/\/www.fundacionrafanadal.org\/wp-content\/uploads\/2025\/10\/LOGO-PARTNER-FTB-1-300x67.png 300w, https:\/\/www.fundacionrafanadal.org\/wp-content\/uploads\/2025\/10\/LOGO-PARTNER-FTB-1-44x10.png 44w\" sizes=\"(max-width: 408px) 100vw, 408px\" \/><\/figure>\n\n\n<div style=\"height:0px\" aria-hidden=\"true\" class=\"wp-block-spacer wp-container-content-16d1eb73\"><\/div>\n\n\n\n<div class=\"wp-block-group\"><div class=\"wp-block-group__inner-container is-layout-constrained wp-block-group-is-layout-constrained\"><h2 class=\"wp-block-post-title\">Fundaci\u00f3n Tenis Barcelona<\/h2>\n\n<div class=\"entry-content wp-block-post-content is-layout-flow wp-block-post-content-is-layout-flow\">\n<p>La Fundaci\u00f3 Tennis Barcelona va n\u00e9ixer el 2019 per impulsar i fer cr\u00e9ixer l\u2019acci\u00f3 solid\u00e0ria existent al RCTB-1899. La Fundaci\u00f3 va iniciar el seu propi programa, Tennis amb Valors, a Barcelona, \u200b\u200boferint classes de tennis cada setmana a nens, nenes i joves en risc d\u2019exclusi\u00f3. Ens hem aliat amb ells per impulsar el projecte Play All.<\/p>\n<\/div><\/div><\/div>\n<\/div>\n\n<\/li><\/ul>\n\n\n\n<\/div>\n\n\n\n<div style=\"height:100px\" aria-hidden=\"true\" class=\"wp-block-spacer\"><\/div>\n\n\n<div class=\"wp-block-image circles--end\">\n<figure class=\"aligncenter size-full\"><img decoding=\"async\" width=\"820\" height=\"147\" src=\"https:\/\/www.fundacionrafanadal.org\/wp-content\/uploads\/2025\/10\/circles-end.jpg\" alt=\"\" class=\"wp-image-27101\" srcset=\"https:\/\/www.fundacionrafanadal.org\/wp-content\/uploads\/2025\/10\/circles-end.jpg 820w, https:\/\/www.fundacionrafanadal.org\/wp-content\/uploads\/2025\/10\/circles-end-300x54.jpg 300w, https:\/\/www.fundacionrafanadal.org\/wp-content\/uploads\/2025\/10\/circles-end-768x138.jpg 768w, https:\/\/www.fundacionrafanadal.org\/wp-content\/uploads\/2025\/10\/circles-end-44x8.jpg 44w\" sizes=\"(max-width: 820px) 100vw, 820px\" \/><\/figure>\n<\/div>\n\n","protected":false},"excerpt":{"rendered":"","protected":false},"author":1,"featured_media":49939,"parent":49839,"menu_order":0,"comment_status":"closed","ping_status":"closed","template":"","meta":{"_acf_changed":false,"give_campaign_id":0,"inline_featured_image":false,"footnotes":""},"class_list":["post-49940","page","type-page","status-publish","has-post-thumbnail","hentry"],"acf":[],"yoast_head":"<!-- This site is optimized with the Yoast SEO plugin v27.4 - https:\/\/yoast.com\/product\/yoast-seo-wordpress\/ -->\n<title>Partners - Fundaci\u00f3n Rafa Nadal<\/title>\n<meta name=\"robots\" content=\"index, follow, max-snippet:-1, max-image-preview:large, max-video-preview:-1\" \/>\n<link rel=\"canonical\" href=\"https:\/\/www.fundacionrafanadal.org\/ca\/que-fem\/partners\/\" \/>\n<meta property=\"og:locale\" content=\"ca_ES\" \/>\n<meta property=\"og:type\" content=\"article\" \/>\n<meta property=\"og:title\" content=\"Partners - Fundaci\u00f3n Rafa Nadal\" \/>\n<meta property=\"og:url\" content=\"https:\/\/www.fundacionrafanadal.org\/ca\/que-fem\/partners\/\" \/>\n<meta property=\"og:site_name\" content=\"Fundaci\u00f3n Rafa Nadal\" \/>\n<meta property=\"article:modified_time\" content=\"2025-12-15T11:44:10+00:00\" \/>\n<meta property=\"og:image\" content=\"https:\/\/www.fundacionrafanadal.org\/wp-content\/uploads\/2025\/10\/cabecera_aliados-1536x391-1.jpg\" \/>\n\t<meta property=\"og:image:width\" content=\"1536\" \/>\n\t<meta property=\"og:image:height\" content=\"391\" \/>\n\t<meta property=\"og:image:type\" content=\"image\/jpeg\" \/>\n<meta name=\"twitter:card\" content=\"summary_large_image\" \/>\n<meta name=\"twitter:label1\" content=\"Temps estimat de lectura\" \/>\n\t<meta name=\"twitter:data1\" content=\"1 minut\" \/>\n<script type=\"application\/ld+json\" class=\"yoast-schema-graph\">{\"@context\":\"https:\\\/\\\/schema.org\",\"@graph\":[{\"@type\":\"WebPage\",\"@id\":\"https:\\\/\\\/www.fundacionrafanadal.org\\\/ca\\\/que-fem\\\/partners\\\/\",\"url\":\"https:\\\/\\\/www.fundacionrafanadal.org\\\/ca\\\/que-fem\\\/partners\\\/\",\"name\":\"Partners - Fundaci\u00f3n Rafa Nadal\",\"isPartOf\":{\"@id\":\"https:\\\/\\\/www.fundacionrafanadal.org\\\/ca\\\/#website\"},\"primaryImageOfPage\":{\"@id\":\"https:\\\/\\\/www.fundacionrafanadal.org\\\/ca\\\/que-fem\\\/partners\\\/#primaryimage\"},\"image\":{\"@id\":\"https:\\\/\\\/www.fundacionrafanadal.org\\\/ca\\\/que-fem\\\/partners\\\/#primaryimage\"},\"thumbnailUrl\":\"https:\\\/\\\/www.fundacionrafanadal.org\\\/wp-content\\\/uploads\\\/2025\\\/10\\\/cabecera_aliados-1536x391-1.jpg\",\"datePublished\":\"2025-10-24T08:44:44+00:00\",\"dateModified\":\"2025-12-15T11:44:10+00:00\",\"breadcrumb\":{\"@id\":\"https:\\\/\\\/www.fundacionrafanadal.org\\\/ca\\\/que-fem\\\/partners\\\/#breadcrumb\"},\"inLanguage\":\"ca\",\"potentialAction\":[{\"@type\":\"ReadAction\",\"target\":[\"https:\\\/\\\/www.fundacionrafanadal.org\\\/ca\\\/que-fem\\\/partners\\\/\"]}]},{\"@type\":\"ImageObject\",\"inLanguage\":\"ca\",\"@id\":\"https:\\\/\\\/www.fundacionrafanadal.org\\\/ca\\\/que-fem\\\/partners\\\/#primaryimage\",\"url\":\"https:\\\/\\\/www.fundacionrafanadal.org\\\/wp-content\\\/uploads\\\/2025\\\/10\\\/cabecera_aliados-1536x391-1.jpg\",\"contentUrl\":\"https:\\\/\\\/www.fundacionrafanadal.org\\\/wp-content\\\/uploads\\\/2025\\\/10\\\/cabecera_aliados-1536x391-1.jpg\",\"width\":1536,\"height\":391},{\"@type\":\"BreadcrumbList\",\"@id\":\"https:\\\/\\\/www.fundacionrafanadal.org\\\/ca\\\/que-fem\\\/partners\\\/#breadcrumb\",\"itemListElement\":[{\"@type\":\"ListItem\",\"position\":1,\"name\":\"Portada\",\"item\":\"https:\\\/\\\/www.fundacionrafanadal.org\\\/ca\\\/\"},{\"@type\":\"ListItem\",\"position\":2,\"name\":\"Qu\u00e8 fem?\",\"item\":\"https:\\\/\\\/www.fundacionrafanadal.org\\\/ca\\\/que-fem\\\/\"},{\"@type\":\"ListItem\",\"position\":3,\"name\":\"Partners\"}]},{\"@type\":\"WebSite\",\"@id\":\"https:\\\/\\\/www.fundacionrafanadal.org\\\/ca\\\/#website\",\"url\":\"https:\\\/\\\/www.fundacionrafanadal.org\\\/ca\\\/\",\"name\":\"Fundaci\u00f3n Rafa Nadal\",\"description\":\"\",\"potentialAction\":[{\"@type\":\"SearchAction\",\"target\":{\"@type\":\"EntryPoint\",\"urlTemplate\":\"https:\\\/\\\/www.fundacionrafanadal.org\\\/ca\\\/?s={search_term_string}\"},\"query-input\":{\"@type\":\"PropertyValueSpecification\",\"valueRequired\":true,\"valueName\":\"search_term_string\"}}],\"inLanguage\":\"ca\"}]}<\/script>\n<!-- \/ Yoast SEO plugin. -->","yoast_head_json":{"title":"Partners - Fundaci\u00f3n Rafa Nadal","robots":{"index":"index","follow":"follow","max-snippet":"max-snippet:-1","max-image-preview":"max-image-preview:large","max-video-preview":"max-video-preview:-1"},"canonical":"https:\/\/www.fundacionrafanadal.org\/ca\/que-fem\/partners\/","og_locale":"ca_ES","og_type":"article","og_title":"Partners - Fundaci\u00f3n Rafa Nadal","og_url":"https:\/\/www.fundacionrafanadal.org\/ca\/que-fem\/partners\/","og_site_name":"Fundaci\u00f3n Rafa Nadal","article_modified_time":"2025-12-15T11:44:10+00:00","og_image":[{"width":1536,"height":391,"url":"https:\/\/www.fundacionrafanadal.org\/wp-content\/uploads\/2025\/10\/cabecera_aliados-1536x391-1.jpg","type":"image\/jpeg"}],"twitter_card":"summary_large_image","twitter_misc":{"Temps estimat de lectura":"1 minut"},"schema":{"@context":"https:\/\/schema.org","@graph":[{"@type":"WebPage","@id":"https:\/\/www.fundacionrafanadal.org\/ca\/que-fem\/partners\/","url":"https:\/\/www.fundacionrafanadal.org\/ca\/que-fem\/partners\/","name":"Partners - Fundaci\u00f3n Rafa Nadal","isPartOf":{"@id":"https:\/\/www.fundacionrafanadal.org\/ca\/#website"},"primaryImageOfPage":{"@id":"https:\/\/www.fundacionrafanadal.org\/ca\/que-fem\/partners\/#primaryimage"},"image":{"@id":"https:\/\/www.fundacionrafanadal.org\/ca\/que-fem\/partners\/#primaryimage"},"thumbnailUrl":"https:\/\/www.fundacionrafanadal.org\/wp-content\/uploads\/2025\/10\/cabecera_aliados-1536x391-1.jpg","datePublished":"2025-10-24T08:44:44+00:00","dateModified":"2025-12-15T11:44:10+00:00","breadcrumb":{"@id":"https:\/\/www.fundacionrafanadal.org\/ca\/que-fem\/partners\/#breadcrumb"},"inLanguage":"ca","potentialAction":[{"@type":"ReadAction","target":["https:\/\/www.fundacionrafanadal.org\/ca\/que-fem\/partners\/"]}]},{"@type":"ImageObject","inLanguage":"ca","@id":"https:\/\/www.fundacionrafanadal.org\/ca\/que-fem\/partners\/#primaryimage","url":"https:\/\/www.fundacionrafanadal.org\/wp-content\/uploads\/2025\/10\/cabecera_aliados-1536x391-1.jpg","contentUrl":"https:\/\/www.fundacionrafanadal.org\/wp-content\/uploads\/2025\/10\/cabecera_aliados-1536x391-1.jpg","width":1536,"height":391},{"@type":"BreadcrumbList","@id":"https:\/\/www.fundacionrafanadal.org\/ca\/que-fem\/partners\/#breadcrumb","itemListElement":[{"@type":"ListItem","position":1,"name":"Portada","item":"https:\/\/www.fundacionrafanadal.org\/ca\/"},{"@type":"ListItem","position":2,"name":"Qu\u00e8 fem?","item":"https:\/\/www.fundacionrafanadal.org\/ca\/que-fem\/"},{"@type":"ListItem","position":3,"name":"Partners"}]},{"@type":"WebSite","@id":"https:\/\/www.fundacionrafanadal.org\/ca\/#website","url":"https:\/\/www.fundacionrafanadal.org\/ca\/","name":"Fundaci\u00f3n Rafa Nadal","description":"","potentialAction":[{"@type":"SearchAction","target":{"@type":"EntryPoint","urlTemplate":"https:\/\/www.fundacionrafanadal.org\/ca\/?s={search_term_string}"},"query-input":{"@type":"PropertyValueSpecification","valueRequired":true,"valueName":"search_term_string"}}],"inLanguage":"ca"}]}},"campaignId":"","_links":{"self":[{"href":"https:\/\/www.fundacionrafanadal.org\/ca\/wp-json\/wp\/v2\/pages\/49940","targetHints":{"allow":["GET"]}}],"collection":[{"href":"https:\/\/www.fundacionrafanadal.org\/ca\/wp-json\/wp\/v2\/pages"}],"about":[{"href":"https:\/\/www.fundacionrafanadal.org\/ca\/wp-json\/wp\/v2\/types\/page"}],"author":[{"embeddable":true,"href":"https:\/\/www.fundacionrafanadal.org\/ca\/wp-json\/wp\/v2\/users\/1"}],"replies":[{"embeddable":true,"href":"https:\/\/www.fundacionrafanadal.org\/ca\/wp-json\/wp\/v2\/comments?post=49940"}],"version-history":[{"count":0,"href":"https:\/\/www.fundacionrafanadal.org\/ca\/wp-json\/wp\/v2\/pages\/49940\/revisions"}],"up":[{"embeddable":true,"href":"https:\/\/www.fundacionrafanadal.org\/ca\/wp-json\/wp\/v2\/pages\/49839"}],"wp:featuredmedia":[{"embeddable":true,"href":"https:\/\/www.fundacionrafanadal.org\/ca\/wp-json\/wp\/v2\/media\/49939"}],"wp:attachment":[{"href":"https:\/\/www.fundacionrafanadal.org\/ca\/wp-json\/wp\/v2\/media?parent=49940"}],"curies":[{"name":"wp","href":"https:\/\/api.w.org\/{rel}","templated":true}]}}