{"id":62499,"date":"2025-10-24T08:52:48","date_gmt":"2025-10-24T08:52:48","guid":{"rendered":"https:\/\/fundacionrafanadal.quelinka.es\/?page_id=62499"},"modified":"2025-12-16T13:59:28","modified_gmt":"2025-12-16T13:59:28","slug":"contacte","status":"publish","type":"page","link":"https:\/\/www.fundacionrafanadal.org\/ca\/contacte\/","title":{"rendered":"Contacte"},"content":{"rendered":"\n<div class=\"wp-block-group alignfull\" id=\"frm-contacto\"><div class=\"wp-block-group__inner-container is-layout-constrained wp-block-group-is-layout-constrained\">\n<p class=\"has-text-align-center\">El contacte amb la Fundaci\u00f3 Rafa Nadal ha de limitar-se exclusivament a aspectes relacionats amb l\u2019organitzaci\u00f3 i als seus projectes.<\/p>\n\n\n\n<div class=\"wp-block-contact-form-7-contact-form-selector\">\n<div class=\"wpcf7 no-js\" id=\"wpcf7-f9007-o1\" lang=\"ca\" dir=\"ltr\" data-wpcf7-id=\"9007\">\n<div class=\"screen-reader-response\"><p role=\"status\" aria-live=\"polite\" aria-atomic=\"true\"><\/p> <ul><\/ul><\/div>\n<form action=\"\/ca\/wp-json\/wp\/v2\/pages\/62499#wpcf7-f9007-o1\" method=\"post\" class=\"wpcf7-form init formulario d3ab5d2c125d cmatic-conn cmatic-aud-4 cmatic-mapd4-4 cmatic-v097802 cmatic-sent-2 cmatic-total-116\" aria-label=\"Formulari de contacte\" novalidate=\"novalidate\" data-status=\"init\">\n<fieldset class=\"hidden-fields-container\"><input type=\"hidden\" name=\"_wpcf7\" value=\"9007\" \/><input type=\"hidden\" name=\"_wpcf7_version\" value=\"6.1.5\" \/><input type=\"hidden\" name=\"_wpcf7_locale\" value=\"ca\" \/><input type=\"hidden\" name=\"_wpcf7_unit_tag\" value=\"wpcf7-f9007-o1\" \/><input type=\"hidden\" name=\"_wpcf7_container_post\" value=\"0\" \/><input type=\"hidden\" name=\"_wpcf7_posted_data_hash\" value=\"\" \/><input type=\"hidden\" name=\"_wpcf7cf_hidden_group_fields\" value=\"[]\" \/><input type=\"hidden\" name=\"_wpcf7cf_hidden_groups\" value=\"[]\" \/><input type=\"hidden\" name=\"_wpcf7cf_visible_groups\" value=\"[]\" \/><input type=\"hidden\" name=\"_wpcf7cf_repeaters\" value=\"[]\" \/><input type=\"hidden\" name=\"_wpcf7cf_steps\" value=\"{}\" \/><input type=\"hidden\" name=\"_wpcf7cf_options\" value=\"{&quot;form_id&quot;:9007,&quot;conditions&quot;:[],&quot;settings&quot;:{&quot;animation&quot;:&quot;yes&quot;,&quot;animation_intime&quot;:200,&quot;animation_outtime&quot;:200,&quot;conditions_ui&quot;:&quot;normal&quot;,&quot;notice_dismissed&quot;:false}}\" \/><input type=\"hidden\" name=\"_wpcf7_recaptcha_response\" value=\"\" \/>\n<\/fieldset>\n<div class=\"col\">\n    <label for=\"para\">Per a<\/label>\n    <span class=\"wpcf7-form-control-wrap\" data-name=\"Per\"><input size=\"40\" maxlength=\"400\" class=\"wpcf7-form-control wpcf7-text\" id=\"para\" readonly=\"readonly\" aria-invalid=\"false\" value=\"info@fundacionrafanadal.org\" type=\"text\" name=\"Per\" \/><\/span> \n<\/div>\n<div class=\"col\">\n    <label for=\"asunto\">Assumpte<\/label>\n    <span class=\"wpcf7-form-control-wrap\" data-name=\"Assumpte\"><select class=\"wpcf7-form-control wpcf7-select wpcf7-validates-as-required\" id=\"asunto\" aria-required=\"true\" aria-invalid=\"false\" name=\"Assumpte\"><option value=\"Donaciones - Certificado de donaci\u00f3n\">Donaciones - Certificado de donaci\u00f3n<\/option><option value=\"Proyectos Fundaci\u00f3n Rafa Nadal\">Proyectos Fundaci\u00f3n Rafa Nadal<\/option><option value=\"Eventos y colaboraciones\">Eventos y colaboraciones<\/option><option value=\"Prensa\">Prensa<\/option><\/select><\/span>\n<\/div>\n<div class=\"col\">\n    <label for=\"nombre\">Nom<\/label>\n    <span class=\"wpcf7-form-control-wrap\" data-name=\"Nom\"><input size=\"40\" maxlength=\"400\" class=\"wpcf7-form-control wpcf7-text wpcf7-validates-as-required\" id=\"nombre\" aria-required=\"true\" aria-invalid=\"false\" value=\"\" type=\"text\" name=\"Nom\" \/><\/span>\n<\/div>\n<div class=\"col\">\n    <label for=\"apellidos\">Cognoms<\/label>\n    <span class=\"wpcf7-form-control-wrap\" data-name=\"Cognoms\"><input size=\"40\" maxlength=\"400\" class=\"wpcf7-form-control wpcf7-text wpcf7-validates-as-required\" id=\"apellidos\" aria-required=\"true\" aria-invalid=\"false\" value=\"\" type=\"text\" name=\"Cognoms\" \/><\/span>\n<\/div>\n<div class=\"col\">\n    <label for=\"email\">E-mail<\/label>\n    <span class=\"wpcf7-form-control-wrap\" data-name=\"your-email\"><input size=\"40\" maxlength=\"400\" class=\"wpcf7-form-control wpcf7-email wpcf7-validates-as-required wpcf7-text wpcf7-validates-as-email\" id=\"email\" aria-required=\"true\" aria-invalid=\"false\" value=\"\" type=\"email\" name=\"your-email\" \/><\/span>\n<\/div>\n<div class=\"col\">\n    <label for=\"telefono\">Tel\u00e8fon<\/label>\n    <span class=\"wpcf7-form-control-wrap\" data-name=\"Telefon\"><input size=\"40\" maxlength=\"400\" class=\"wpcf7-form-control wpcf7-tel wpcf7-text wpcf7-validates-as-tel\" id=\"telefono\" aria-invalid=\"false\" value=\"\" type=\"tel\" name=\"Telefon\" \/><\/span>\n<\/div>\n<div class=\"col\">\n    <label for=\"comentario\">Consulta<\/label>\n    <span class=\"wpcf7-form-control-wrap\" data-name=\"comentario\"><textarea cols=\"40\" rows=\"10\" maxlength=\"2000\" class=\"wpcf7-form-control wpcf7-textarea wpcf7-validates-as-required\" id=\"comentario\" aria-required=\"true\" aria-invalid=\"false\" name=\"comentario\"><\/textarea><\/span>\n\n<\/div>\n<div class=\"col\">\n<span class=\"wpcf7-form-control-wrap\" data-name=\"my-optin\"><span class=\"wpcf7-form-control wpcf7-checkbox legal\"><span class=\"wpcf7-list-item first last\"><input type=\"checkbox\" name=\"my-optin[]\" value=\"Desitjo rebre informaci\u00f3 de la Fundaci\u00f3 i els seus projectes\" \/><span class=\"wpcf7-list-item-label\">Desitjo rebre informaci\u00f3 de la Fundaci\u00f3 i els seus projectes<\/span><\/span><\/span><\/span>\n<span class=\"wpcf7-form-control-wrap\" data-name=\"acepto\"><span class=\"wpcf7-form-control wpcf7-acceptance\"><span class=\"wpcf7-list-item\"><label><input type=\"checkbox\" name=\"acepto\" value=\"1\" aria-invalid=\"false\" \/><span class=\"wpcf7-list-item-label\">He llegit i accepto l'av\u00eds legal i la pol\u00edtica de privacitat<\/span><\/label><\/span><\/span><\/span>\n<\/div>\n<div class=\"col\">\n<input class=\"wpcf7-form-control wpcf7-submit has-spinner\" type=\"submit\" value=\"Enviar\" \/>\n<\/div><div class=\"wpcf7-response-output\" aria-hidden=\"true\"><\/div>\n<\/form>\n<\/div>\n<\/div>\n<\/div><\/div>\n\n\n\n<div class=\"wp-block-columns is-layout-flex wp-container-core-columns-is-layout-28f84493 wp-block-columns-is-layout-flex\">\n<div class=\"wp-block-column has-ast-global-color-8-background-color has-background is-layout-flow wp-block-column-is-layout-flow\">\n<h3 class=\"wp-block-heading has-ast-global-color-5-color has-text-color\"><strong><strong>Informaci\u00f3 b\u00e0sica sobre Protecci\u00f3 de Dades<\/strong><\/strong><\/h3>\n\n\n\n<ul style=\"line-height:1.8\" class=\"wp-block-list has-ast-global-color-5-color has-text-color\">\n<li><strong>Responsable:<\/strong>\u00a0Fundaci\u00f3 Rafa Nadal<\/li>\n\n\n\n<li><strong>Finalitat:<\/strong>\u00a0gesti\u00f3 de sol\u00b7licituds i donatius, enviament d\u2019informaci\u00f3<\/li>\n\n\n\n<li><strong>Legitimaci\u00f3:<\/strong>\u00a0Consentiment, Obligacions legals del Responsable<\/li>\n\n\n\n<li><strong>Destinataris:<\/strong>\u00a0PPrestadors de serveis dins del\u00a0EEE<\/li>\n\n\n\n<li><strong>Drets:<\/strong>\u00a0Acc\u00e9s, rectificaci\u00f3 i supressi\u00f3 de dades, i altres drets indicats en la informaci\u00f3 addicional<\/li>\n\n\n\n<li><strong>Informaci\u00f3 adicional:<\/strong>\u00a0\u00faltima versi\u00f3 de les nostres pol\u00edtiques de\u00a0privacidads<\/li>\n<\/ul>\n<\/div>\n\n\n\n<div class=\"wp-block-column datos-frn is-layout-flow wp-block-column-is-layout-flow\">\n<h2 class=\"wp-block-heading\"><strong>Fundaci\u00f3 Rafa Nadal<\/strong><\/h2>\n\n\n\n<p><strong>Fundaci\u00f3 Rafa Nadal<\/strong><br>Ctra. Cales de Mallorca KM 1,2<br>07500, Manacor (Espa\u00f1a)<br><strong>Tel.<\/strong> +34 971 171 679<br><strong>E-mail:<\/strong> <a href=\"mailto:info@fundacionrafanadal.org\">info@fundacionrafanadal.org<\/a><\/p>\n\n\n\n<iframe src=\"https:\/\/www.google.com\/maps\/embed?pb=!1m14!1m8!1m3!1d12304.090394536539!2d3.2159466!3d39.559098!3m2!1i1024!2i768!4f13.1!3m3!1m2!1s0x0%3A0x50a4a8e993a71c64!2sRafa+Nadal+Sports+Centre!5e0!3m2!1ses!2ses!4v1543398834949\" width=\"100%\" height=\"50%\" frameborder=\"0\" style=\"margin-bottom: 30px;border:0\" allowfullscreen=\"\"><\/iframe>\n<\/div>\n<\/div>\n\n\n","protected":false},"excerpt":{"rendered":"<p>El contacte amb la Fundaci\u00f3 Rafa Nadal ha de limitar-se exclusivament a aspectes relacionats amb l\u2019organitzaci\u00f3 i als seus projectes. Informaci\u00f3 b\u00e0sica sobre Protecci\u00f3 de Dades Fundaci\u00f3 Rafa Nadal Fundaci\u00f3 Rafa NadalCtra. Cales de Mallorca KM 1,207500, Manacor (Espa\u00f1a)Tel. +34 971 171 679E-mail: info@fundacionrafanadal.org<\/p>\n","protected":false},"author":1,"featured_media":62498,"parent":0,"menu_order":0,"comment_status":"closed","ping_status":"closed","template":"","meta":{"_acf_changed":false,"give_campaign_id":0,"inline_featured_image":false,"footnotes":""},"class_list":["post-62499","page","type-page","status-publish","has-post-thumbnail","hentry"],"acf":[],"yoast_head":"<!-- This site is optimized with the Yoast SEO plugin v27.4 - https:\/\/yoast.com\/product\/yoast-seo-wordpress\/ -->\n<title>Contacte - Fundaci\u00f3n Rafa Nadal<\/title>\n<meta name=\"robots\" content=\"index, follow, max-snippet:-1, max-image-preview:large, max-video-preview:-1\" \/>\n<link rel=\"canonical\" href=\"https:\/\/www.fundacionrafanadal.org\/ca\/contacte\/\" \/>\n<meta property=\"og:locale\" content=\"ca_ES\" \/>\n<meta property=\"og:type\" content=\"article\" \/>\n<meta property=\"og:title\" content=\"Contacte - Fundaci\u00f3n Rafa Nadal\" \/>\n<meta property=\"og:description\" content=\"El contacte amb la Fundaci\u00f3 Rafa Nadal ha de limitar-se exclusivament a aspectes relacionats amb l\u2019organitzaci\u00f3 i als seus projectes. Informaci\u00f3 b\u00e0sica sobre Protecci\u00f3 de Dades Fundaci\u00f3 Rafa Nadal Fundaci\u00f3 Rafa NadalCtra. Cales de Mallorca KM 1,207500, Manacor (Espa\u00f1a)Tel. +34 971 171 679E-mail: info@fundacionrafanadal.org\" \/>\n<meta property=\"og:url\" content=\"https:\/\/www.fundacionrafanadal.org\/ca\/contacte\/\" \/>\n<meta property=\"og:site_name\" content=\"Fundaci\u00f3n Rafa Nadal\" \/>\n<meta property=\"article:modified_time\" content=\"2025-12-16T13:59:28+00:00\" \/>\n<meta property=\"og:image\" content=\"https:\/\/www.fundacionrafanadal.org\/wp-content\/uploads\/2025\/11\/cabecera-colabora-1024x261-1.jpg\" \/>\n\t<meta property=\"og:image:width\" content=\"1024\" \/>\n\t<meta property=\"og:image:height\" content=\"261\" \/>\n\t<meta property=\"og:image:type\" content=\"image\/jpeg\" \/>\n<meta name=\"twitter:card\" content=\"summary_large_image\" \/>\n<meta name=\"twitter:label1\" content=\"Temps estimat de lectura\" \/>\n\t<meta name=\"twitter:data1\" content=\"1 minut\" \/>\n<script type=\"application\/ld+json\" class=\"yoast-schema-graph\">{\"@context\":\"https:\\\/\\\/schema.org\",\"@graph\":[{\"@type\":\"WebPage\",\"@id\":\"https:\\\/\\\/www.fundacionrafanadal.org\\\/ca\\\/contacte\\\/\",\"url\":\"https:\\\/\\\/www.fundacionrafanadal.org\\\/ca\\\/contacte\\\/\",\"name\":\"Contacte - Fundaci\u00f3n Rafa Nadal\",\"isPartOf\":{\"@id\":\"https:\\\/\\\/www.fundacionrafanadal.org\\\/ca\\\/#website\"},\"primaryImageOfPage\":{\"@id\":\"https:\\\/\\\/www.fundacionrafanadal.org\\\/ca\\\/contacte\\\/#primaryimage\"},\"image\":{\"@id\":\"https:\\\/\\\/www.fundacionrafanadal.org\\\/ca\\\/contacte\\\/#primaryimage\"},\"thumbnailUrl\":\"https:\\\/\\\/www.fundacionrafanadal.org\\\/wp-content\\\/uploads\\\/2025\\\/11\\\/cabecera-colabora-1024x261-1.jpg\",\"datePublished\":\"2025-10-24T08:52:48+00:00\",\"dateModified\":\"2025-12-16T13:59:28+00:00\",\"breadcrumb\":{\"@id\":\"https:\\\/\\\/www.fundacionrafanadal.org\\\/ca\\\/contacte\\\/#breadcrumb\"},\"inLanguage\":\"ca\",\"potentialAction\":[{\"@type\":\"ReadAction\",\"target\":[\"https:\\\/\\\/www.fundacionrafanadal.org\\\/ca\\\/contacte\\\/\"]}]},{\"@type\":\"ImageObject\",\"inLanguage\":\"ca\",\"@id\":\"https:\\\/\\\/www.fundacionrafanadal.org\\\/ca\\\/contacte\\\/#primaryimage\",\"url\":\"https:\\\/\\\/www.fundacionrafanadal.org\\\/wp-content\\\/uploads\\\/2025\\\/11\\\/cabecera-colabora-1024x261-1.jpg\",\"contentUrl\":\"https:\\\/\\\/www.fundacionrafanadal.org\\\/wp-content\\\/uploads\\\/2025\\\/11\\\/cabecera-colabora-1024x261-1.jpg\",\"width\":1024,\"height\":261},{\"@type\":\"BreadcrumbList\",\"@id\":\"https:\\\/\\\/www.fundacionrafanadal.org\\\/ca\\\/contacte\\\/#breadcrumb\",\"itemListElement\":[{\"@type\":\"ListItem\",\"position\":1,\"name\":\"Portada\",\"item\":\"https:\\\/\\\/www.fundacionrafanadal.org\\\/ca\\\/\"},{\"@type\":\"ListItem\",\"position\":2,\"name\":\"Contacte\"}]},{\"@type\":\"WebSite\",\"@id\":\"https:\\\/\\\/www.fundacionrafanadal.org\\\/ca\\\/#website\",\"url\":\"https:\\\/\\\/www.fundacionrafanadal.org\\\/ca\\\/\",\"name\":\"Fundaci\u00f3n Rafa Nadal\",\"description\":\"\",\"potentialAction\":[{\"@type\":\"SearchAction\",\"target\":{\"@type\":\"EntryPoint\",\"urlTemplate\":\"https:\\\/\\\/www.fundacionrafanadal.org\\\/ca\\\/?s={search_term_string}\"},\"query-input\":{\"@type\":\"PropertyValueSpecification\",\"valueRequired\":true,\"valueName\":\"search_term_string\"}}],\"inLanguage\":\"ca\"}]}<\/script>\n<!-- \/ Yoast SEO plugin. -->","yoast_head_json":{"title":"Contacte - Fundaci\u00f3n Rafa Nadal","robots":{"index":"index","follow":"follow","max-snippet":"max-snippet:-1","max-image-preview":"max-image-preview:large","max-video-preview":"max-video-preview:-1"},"canonical":"https:\/\/www.fundacionrafanadal.org\/ca\/contacte\/","og_locale":"ca_ES","og_type":"article","og_title":"Contacte - Fundaci\u00f3n Rafa Nadal","og_description":"El contacte amb la Fundaci\u00f3 Rafa Nadal ha de limitar-se exclusivament a aspectes relacionats amb l\u2019organitzaci\u00f3 i als seus projectes. Informaci\u00f3 b\u00e0sica sobre Protecci\u00f3 de Dades Fundaci\u00f3 Rafa Nadal Fundaci\u00f3 Rafa NadalCtra. Cales de Mallorca KM 1,207500, Manacor (Espa\u00f1a)Tel. +34 971 171 679E-mail: info@fundacionrafanadal.org","og_url":"https:\/\/www.fundacionrafanadal.org\/ca\/contacte\/","og_site_name":"Fundaci\u00f3n Rafa Nadal","article_modified_time":"2025-12-16T13:59:28+00:00","og_image":[{"width":1024,"height":261,"url":"https:\/\/www.fundacionrafanadal.org\/wp-content\/uploads\/2025\/11\/cabecera-colabora-1024x261-1.jpg","type":"image\/jpeg"}],"twitter_card":"summary_large_image","twitter_misc":{"Temps estimat de lectura":"1 minut"},"schema":{"@context":"https:\/\/schema.org","@graph":[{"@type":"WebPage","@id":"https:\/\/www.fundacionrafanadal.org\/ca\/contacte\/","url":"https:\/\/www.fundacionrafanadal.org\/ca\/contacte\/","name":"Contacte - Fundaci\u00f3n Rafa Nadal","isPartOf":{"@id":"https:\/\/www.fundacionrafanadal.org\/ca\/#website"},"primaryImageOfPage":{"@id":"https:\/\/www.fundacionrafanadal.org\/ca\/contacte\/#primaryimage"},"image":{"@id":"https:\/\/www.fundacionrafanadal.org\/ca\/contacte\/#primaryimage"},"thumbnailUrl":"https:\/\/www.fundacionrafanadal.org\/wp-content\/uploads\/2025\/11\/cabecera-colabora-1024x261-1.jpg","datePublished":"2025-10-24T08:52:48+00:00","dateModified":"2025-12-16T13:59:28+00:00","breadcrumb":{"@id":"https:\/\/www.fundacionrafanadal.org\/ca\/contacte\/#breadcrumb"},"inLanguage":"ca","potentialAction":[{"@type":"ReadAction","target":["https:\/\/www.fundacionrafanadal.org\/ca\/contacte\/"]}]},{"@type":"ImageObject","inLanguage":"ca","@id":"https:\/\/www.fundacionrafanadal.org\/ca\/contacte\/#primaryimage","url":"https:\/\/www.fundacionrafanadal.org\/wp-content\/uploads\/2025\/11\/cabecera-colabora-1024x261-1.jpg","contentUrl":"https:\/\/www.fundacionrafanadal.org\/wp-content\/uploads\/2025\/11\/cabecera-colabora-1024x261-1.jpg","width":1024,"height":261},{"@type":"BreadcrumbList","@id":"https:\/\/www.fundacionrafanadal.org\/ca\/contacte\/#breadcrumb","itemListElement":[{"@type":"ListItem","position":1,"name":"Portada","item":"https:\/\/www.fundacionrafanadal.org\/ca\/"},{"@type":"ListItem","position":2,"name":"Contacte"}]},{"@type":"WebSite","@id":"https:\/\/www.fundacionrafanadal.org\/ca\/#website","url":"https:\/\/www.fundacionrafanadal.org\/ca\/","name":"Fundaci\u00f3n Rafa Nadal","description":"","potentialAction":[{"@type":"SearchAction","target":{"@type":"EntryPoint","urlTemplate":"https:\/\/www.fundacionrafanadal.org\/ca\/?s={search_term_string}"},"query-input":{"@type":"PropertyValueSpecification","valueRequired":true,"valueName":"search_term_string"}}],"inLanguage":"ca"}]}},"campaignId":"","_links":{"self":[{"href":"https:\/\/www.fundacionrafanadal.org\/ca\/wp-json\/wp\/v2\/pages\/62499","targetHints":{"allow":["GET"]}}],"collection":[{"href":"https:\/\/www.fundacionrafanadal.org\/ca\/wp-json\/wp\/v2\/pages"}],"about":[{"href":"https:\/\/www.fundacionrafanadal.org\/ca\/wp-json\/wp\/v2\/types\/page"}],"author":[{"embeddable":true,"href":"https:\/\/www.fundacionrafanadal.org\/ca\/wp-json\/wp\/v2\/users\/1"}],"replies":[{"embeddable":true,"href":"https:\/\/www.fundacionrafanadal.org\/ca\/wp-json\/wp\/v2\/comments?post=62499"}],"version-history":[{"count":0,"href":"https:\/\/www.fundacionrafanadal.org\/ca\/wp-json\/wp\/v2\/pages\/62499\/revisions"}],"wp:featuredmedia":[{"embeddable":true,"href":"https:\/\/www.fundacionrafanadal.org\/ca\/wp-json\/wp\/v2\/media\/62498"}],"wp:attachment":[{"href":"https:\/\/www.fundacionrafanadal.org\/ca\/wp-json\/wp\/v2\/media?parent=62499"}],"curies":[{"name":"wp","href":"https:\/\/api.w.org\/{rel}","templated":true}]}}