{"id":65152,"date":"2026-01-20T09:34:28","date_gmt":"2026-01-20T09:34:28","guid":{"rendered":"https:\/\/fundacionrafanadal.quelinka.es\/?page_id=65152"},"modified":"2026-01-20T09:53:51","modified_gmt":"2026-01-20T09:53:51","slug":"gestio-de-qualitat","status":"publish","type":"page","link":"https:\/\/www.fundacionrafanadal.org\/ca\/gestio-de-qualitat\/","title":{"rendered":"Gesti\u00f3 de Qualitat"},"content":{"rendered":"\n<h2 class=\"wp-block-heading\">ISO 9001:2015<\/h2>\n\n\n<div class=\"wp-block-image\">\n<figure class=\"aligncenter size-full is-resized\"><img decoding=\"async\" src=\"https:\/\/www.fundacionrafanadal.org\/wp-content\/uploads\/2025\/10\/ISO_9001-2015.jpeg\" alt=\"\" class=\"wp-image-65062\" style=\"width:300px\"\/><\/figure>\n<\/div>\n\n\n<p>La certificadora \u201cBureau Veritas Certification\u201d, d\u2019\u00e0mbit internacional i prestigi consolidat garanteix el compliment dels principis de qualitat i per tant de tots els requisits que es deriven de la norma&nbsp;<strong>ISO 9001: 2015 \u201cSistemes de Gesti\u00f3 de la Qualitat: Requisits<\/strong>\u201d.<\/p>\n\n\n\n<p>Complir amb aquesta norma, significa que el Centre Fundaci\u00f3 Rafa Nadal, gestionat per&nbsp;<a href=\"https:\/\/www.fundaciondiagrama.es\/\" target=\"_blank\" rel=\"noreferrer noopener\">Fundaci\u00f3 Diagrama<\/a>:<\/p>\n\n\n\n<ol class=\"wp-block-list\">\n<li>Ha desenvolupat totes les vostres<strong>actuacions i processos en base a una planificaci\u00f3<\/strong>\u00a0que, al seu torn, ha tingut en compte com \u00e9s l\u2019organitzaci\u00f3 i el seu context i quines s\u00f3n totes les necessitats i expectatives. de les seves parts interessades.<br>Aquesta planificaci\u00f3 comporta, com \u00e9s evident, una determinaci\u00f3 d\u2019objectius a tots els nivells de l\u2019organitzaci\u00f3 (estrat\u00e8gic i operacional) i l\u2019establiment d\u2019un sistema d\u2019indicadors. que permetin concloure, despr\u00e9s del seu mesurament, si els objectius marcats s\u2019estan complint.<\/li>\n\n\n\n<li><strong>Fa el planificat<\/strong>, i no altres coses que la desvi\u00efn de la consecuci\u00f3 de els objectius proposats.<\/li>\n\n\n\n<li>Mesura totes les tasques i activitats essencials per al bon desenvolupament dels processos i la consecuci\u00f3 dels objectius plantejats. Concretament, el Centre Fundaci\u00f3 Rafa Nadal\u00a0<strong>mesura els seus objectius i indicadors<\/strong>\u00a0mensualment i semestralment; realitza\u00a0<strong>auditories internes i externes<\/strong>\u00a0com a eines de revisi\u00f3 de tots els seus processos; i\u00a0<strong>revisa anualment tota la seva gesti\u00f3<\/strong>\u00a0(revisi\u00f3 del sistema per part de la direcci\u00f3), que tamb\u00e9 \u00e9s instrument per prendre el pols de l\u2019organitzaci\u00f3.<\/li>\n\n\n\n<li><strong>Reacciona davant de les conclusions obtingudes<\/strong>\u00a0dels mesuraments efectuats per tal que tot el sistema de gesti\u00f3 obtingui uns resultats que compleixin amb les necessitats i expectatives de les parts interessades per haver pogut oferir un servei \u00f2ptim, excel\u00b7lent.<\/li>\n\n\n\n<li>La\u00a0<strong>Direcci\u00f3 del Centre est\u00e0 compromesa<\/strong>\u00a0i implicada amb el proc\u00e9s de gesti\u00f3 de la qualitat, ja que suposa un enfocament, per la seva banda, clarament cap a la millora cont\u00ednua, que \u00e9s, en definitiva, la fi de aquest sistema de gesti\u00f3 de la qualitat.<\/li>\n<\/ol>\n","protected":false},"excerpt":{"rendered":"<p>ISO 9001:2015 La certificadora \u201cBureau Veritas Certification\u201d, d\u2019\u00e0mbit internacional i prestigi consolidat garanteix el compliment dels principis de qualitat i per tant de tots els requisits que es deriven de la norma&nbsp;ISO 9001: 2015 \u201cSistemes de Gesti\u00f3 de la Qualitat: Requisits\u201d. Complir amb aquesta norma, significa que el Centre Fundaci\u00f3 Rafa Nadal, gestionat per&nbsp;Fundaci\u00f3 Diagrama:<\/p>\n","protected":false},"author":1,"featured_media":65150,"parent":0,"menu_order":0,"comment_status":"closed","ping_status":"closed","template":"templates\/template-small.php","meta":{"_acf_changed":false,"give_campaign_id":0,"inline_featured_image":false,"footnotes":""},"class_list":["post-65152","page","type-page","status-publish","has-post-thumbnail","hentry"],"acf":[],"yoast_head":"<!-- This site is optimized with the Yoast SEO plugin v27.3 - https:\/\/yoast.com\/product\/yoast-seo-wordpress\/ -->\n<title>Gesti\u00f3 de Qualitat - Fundaci\u00f3n Rafa Nadal<\/title>\n<meta name=\"robots\" content=\"index, follow, max-snippet:-1, max-image-preview:large, max-video-preview:-1\" \/>\n<link rel=\"canonical\" href=\"https:\/\/www.fundacionrafanadal.org\/ca\/gestio-de-qualitat\/\" \/>\n<meta property=\"og:locale\" content=\"ca_ES\" \/>\n<meta property=\"og:type\" content=\"article\" \/>\n<meta property=\"og:title\" content=\"Gesti\u00f3 de Qualitat - Fundaci\u00f3n Rafa Nadal\" \/>\n<meta property=\"og:description\" content=\"ISO 9001:2015 La certificadora \u201cBureau Veritas Certification\u201d, d\u2019\u00e0mbit internacional i prestigi consolidat garanteix el compliment dels principis de qualitat i per tant de tots els requisits que es deriven de la norma&nbsp;ISO 9001: 2015 \u201cSistemes de Gesti\u00f3 de la Qualitat: Requisits\u201d. Complir amb aquesta norma, significa que el Centre Fundaci\u00f3 Rafa Nadal, gestionat per&nbsp;Fundaci\u00f3 Diagrama:\" \/>\n<meta property=\"og:url\" content=\"https:\/\/www.fundacionrafanadal.org\/ca\/gestio-de-qualitat\/\" \/>\n<meta property=\"og:site_name\" content=\"Fundaci\u00f3n Rafa Nadal\" \/>\n<meta property=\"article:modified_time\" content=\"2026-01-20T09:53:51+00:00\" \/>\n<meta property=\"og:image\" content=\"https:\/\/www.fundacionrafanadal.org\/wp-content\/uploads\/2026\/01\/calidad-1024x258-1.jpg\" \/>\n\t<meta property=\"og:image:width\" content=\"1024\" \/>\n\t<meta property=\"og:image:height\" content=\"258\" \/>\n\t<meta property=\"og:image:type\" content=\"image\/jpeg\" \/>\n<meta name=\"twitter:card\" content=\"summary_large_image\" \/>\n<meta name=\"twitter:label1\" content=\"Temps estimat de lectura\" \/>\n\t<meta name=\"twitter:data1\" content=\"2 minuts\" \/>\n<script type=\"application\/ld+json\" class=\"yoast-schema-graph\">{\"@context\":\"https:\\\/\\\/schema.org\",\"@graph\":[{\"@type\":\"WebPage\",\"@id\":\"https:\\\/\\\/www.fundacionrafanadal.org\\\/ca\\\/gestio-de-qualitat\\\/\",\"url\":\"https:\\\/\\\/www.fundacionrafanadal.org\\\/ca\\\/gestio-de-qualitat\\\/\",\"name\":\"Gesti\u00f3 de Qualitat - Fundaci\u00f3n Rafa Nadal\",\"isPartOf\":{\"@id\":\"https:\\\/\\\/www.fundacionrafanadal.org\\\/ca\\\/#website\"},\"primaryImageOfPage\":{\"@id\":\"https:\\\/\\\/www.fundacionrafanadal.org\\\/ca\\\/gestio-de-qualitat\\\/#primaryimage\"},\"image\":{\"@id\":\"https:\\\/\\\/www.fundacionrafanadal.org\\\/ca\\\/gestio-de-qualitat\\\/#primaryimage\"},\"thumbnailUrl\":\"https:\\\/\\\/www.fundacionrafanadal.org\\\/wp-content\\\/uploads\\\/2026\\\/01\\\/calidad-1024x258-1.jpg\",\"datePublished\":\"2026-01-20T09:34:28+00:00\",\"dateModified\":\"2026-01-20T09:53:51+00:00\",\"breadcrumb\":{\"@id\":\"https:\\\/\\\/www.fundacionrafanadal.org\\\/ca\\\/gestio-de-qualitat\\\/#breadcrumb\"},\"inLanguage\":\"ca\",\"potentialAction\":[{\"@type\":\"ReadAction\",\"target\":[\"https:\\\/\\\/www.fundacionrafanadal.org\\\/ca\\\/gestio-de-qualitat\\\/\"]}]},{\"@type\":\"ImageObject\",\"inLanguage\":\"ca\",\"@id\":\"https:\\\/\\\/www.fundacionrafanadal.org\\\/ca\\\/gestio-de-qualitat\\\/#primaryimage\",\"url\":\"https:\\\/\\\/www.fundacionrafanadal.org\\\/wp-content\\\/uploads\\\/2026\\\/01\\\/calidad-1024x258-1.jpg\",\"contentUrl\":\"https:\\\/\\\/www.fundacionrafanadal.org\\\/wp-content\\\/uploads\\\/2026\\\/01\\\/calidad-1024x258-1.jpg\",\"width\":1024,\"height\":258},{\"@type\":\"BreadcrumbList\",\"@id\":\"https:\\\/\\\/www.fundacionrafanadal.org\\\/ca\\\/gestio-de-qualitat\\\/#breadcrumb\",\"itemListElement\":[{\"@type\":\"ListItem\",\"position\":1,\"name\":\"Portada\",\"item\":\"https:\\\/\\\/www.fundacionrafanadal.org\\\/ca\\\/\"},{\"@type\":\"ListItem\",\"position\":2,\"name\":\"Gesti\u00f3 de Qualitat\"}]},{\"@type\":\"WebSite\",\"@id\":\"https:\\\/\\\/www.fundacionrafanadal.org\\\/ca\\\/#website\",\"url\":\"https:\\\/\\\/www.fundacionrafanadal.org\\\/ca\\\/\",\"name\":\"Fundaci\u00f3n Rafa Nadal\",\"description\":\"\",\"potentialAction\":[{\"@type\":\"SearchAction\",\"target\":{\"@type\":\"EntryPoint\",\"urlTemplate\":\"https:\\\/\\\/www.fundacionrafanadal.org\\\/ca\\\/?s={search_term_string}\"},\"query-input\":{\"@type\":\"PropertyValueSpecification\",\"valueRequired\":true,\"valueName\":\"search_term_string\"}}],\"inLanguage\":\"ca\"}]}<\/script>\n<!-- \/ Yoast SEO plugin. -->","yoast_head_json":{"title":"Gesti\u00f3 de Qualitat - Fundaci\u00f3n Rafa Nadal","robots":{"index":"index","follow":"follow","max-snippet":"max-snippet:-1","max-image-preview":"max-image-preview:large","max-video-preview":"max-video-preview:-1"},"canonical":"https:\/\/www.fundacionrafanadal.org\/ca\/gestio-de-qualitat\/","og_locale":"ca_ES","og_type":"article","og_title":"Gesti\u00f3 de Qualitat - Fundaci\u00f3n Rafa Nadal","og_description":"ISO 9001:2015 La certificadora \u201cBureau Veritas Certification\u201d, d\u2019\u00e0mbit internacional i prestigi consolidat garanteix el compliment dels principis de qualitat i per tant de tots els requisits que es deriven de la norma&nbsp;ISO 9001: 2015 \u201cSistemes de Gesti\u00f3 de la Qualitat: Requisits\u201d. Complir amb aquesta norma, significa que el Centre Fundaci\u00f3 Rafa Nadal, gestionat per&nbsp;Fundaci\u00f3 Diagrama:","og_url":"https:\/\/www.fundacionrafanadal.org\/ca\/gestio-de-qualitat\/","og_site_name":"Fundaci\u00f3n Rafa Nadal","article_modified_time":"2026-01-20T09:53:51+00:00","og_image":[{"width":1024,"height":258,"url":"https:\/\/www.fundacionrafanadal.org\/wp-content\/uploads\/2026\/01\/calidad-1024x258-1.jpg","type":"image\/jpeg"}],"twitter_card":"summary_large_image","twitter_misc":{"Temps estimat de lectura":"2 minuts"},"schema":{"@context":"https:\/\/schema.org","@graph":[{"@type":"WebPage","@id":"https:\/\/www.fundacionrafanadal.org\/ca\/gestio-de-qualitat\/","url":"https:\/\/www.fundacionrafanadal.org\/ca\/gestio-de-qualitat\/","name":"Gesti\u00f3 de Qualitat - Fundaci\u00f3n Rafa Nadal","isPartOf":{"@id":"https:\/\/www.fundacionrafanadal.org\/ca\/#website"},"primaryImageOfPage":{"@id":"https:\/\/www.fundacionrafanadal.org\/ca\/gestio-de-qualitat\/#primaryimage"},"image":{"@id":"https:\/\/www.fundacionrafanadal.org\/ca\/gestio-de-qualitat\/#primaryimage"},"thumbnailUrl":"https:\/\/www.fundacionrafanadal.org\/wp-content\/uploads\/2026\/01\/calidad-1024x258-1.jpg","datePublished":"2026-01-20T09:34:28+00:00","dateModified":"2026-01-20T09:53:51+00:00","breadcrumb":{"@id":"https:\/\/www.fundacionrafanadal.org\/ca\/gestio-de-qualitat\/#breadcrumb"},"inLanguage":"ca","potentialAction":[{"@type":"ReadAction","target":["https:\/\/www.fundacionrafanadal.org\/ca\/gestio-de-qualitat\/"]}]},{"@type":"ImageObject","inLanguage":"ca","@id":"https:\/\/www.fundacionrafanadal.org\/ca\/gestio-de-qualitat\/#primaryimage","url":"https:\/\/www.fundacionrafanadal.org\/wp-content\/uploads\/2026\/01\/calidad-1024x258-1.jpg","contentUrl":"https:\/\/www.fundacionrafanadal.org\/wp-content\/uploads\/2026\/01\/calidad-1024x258-1.jpg","width":1024,"height":258},{"@type":"BreadcrumbList","@id":"https:\/\/www.fundacionrafanadal.org\/ca\/gestio-de-qualitat\/#breadcrumb","itemListElement":[{"@type":"ListItem","position":1,"name":"Portada","item":"https:\/\/www.fundacionrafanadal.org\/ca\/"},{"@type":"ListItem","position":2,"name":"Gesti\u00f3 de Qualitat"}]},{"@type":"WebSite","@id":"https:\/\/www.fundacionrafanadal.org\/ca\/#website","url":"https:\/\/www.fundacionrafanadal.org\/ca\/","name":"Fundaci\u00f3n Rafa Nadal","description":"","potentialAction":[{"@type":"SearchAction","target":{"@type":"EntryPoint","urlTemplate":"https:\/\/www.fundacionrafanadal.org\/ca\/?s={search_term_string}"},"query-input":{"@type":"PropertyValueSpecification","valueRequired":true,"valueName":"search_term_string"}}],"inLanguage":"ca"}]}},"campaignId":"","_links":{"self":[{"href":"https:\/\/www.fundacionrafanadal.org\/ca\/wp-json\/wp\/v2\/pages\/65152","targetHints":{"allow":["GET"]}}],"collection":[{"href":"https:\/\/www.fundacionrafanadal.org\/ca\/wp-json\/wp\/v2\/pages"}],"about":[{"href":"https:\/\/www.fundacionrafanadal.org\/ca\/wp-json\/wp\/v2\/types\/page"}],"author":[{"embeddable":true,"href":"https:\/\/www.fundacionrafanadal.org\/ca\/wp-json\/wp\/v2\/users\/1"}],"replies":[{"embeddable":true,"href":"https:\/\/www.fundacionrafanadal.org\/ca\/wp-json\/wp\/v2\/comments?post=65152"}],"version-history":[{"count":0,"href":"https:\/\/www.fundacionrafanadal.org\/ca\/wp-json\/wp\/v2\/pages\/65152\/revisions"}],"wp:featuredmedia":[{"embeddable":true,"href":"https:\/\/www.fundacionrafanadal.org\/ca\/wp-json\/wp\/v2\/media\/65150"}],"wp:attachment":[{"href":"https:\/\/www.fundacionrafanadal.org\/ca\/wp-json\/wp\/v2\/media?parent=65152"}],"curies":[{"name":"wp","href":"https:\/\/api.w.org\/{rel}","templated":true}]}}