{"id":65237,"date":"2026-01-21T09:47:34","date_gmt":"2026-01-21T09:47:34","guid":{"rendered":"https:\/\/fundacionrafanadal.quelinka.es\/?page_id=65237"},"modified":"2026-01-21T10:17:12","modified_gmt":"2026-01-21T10:17:12","slug":"actualitat","status":"publish","type":"page","link":"https:\/\/www.fundacionrafanadal.org\/ca\/actualitat\/","title":{"rendered":"Actualitat"},"content":{"rendered":"\n<div class=\"wp-block-columns are-vertically-aligned-center has-background is-layout-flex wp-container-core-columns-is-layout-274f0872 wp-block-columns-is-layout-flex\" style=\"background-color:#dceacc;margin-top:0;margin-bottom:0;padding-top:var(--wp--preset--spacing--60);padding-right:var(--wp--preset--spacing--60);padding-bottom:var(--wp--preset--spacing--60);padding-left:var(--wp--preset--spacing--60)\">\n<div class=\"wp-block-column is-vertically-aligned-center is-layout-flow wp-block-column-is-layout-flow\">\n<h2 class=\"wp-block-heading\">Blog<\/h2>\n\n\n\n<p>Segueix el dia a dia dels projectes de la Fundaci\u00f3 Rafa Nadal!<\/p>\n\n\n\n<div class=\"wp-block-query is-layout-flow wp-block-query-is-layout-flow\"><ul class=\"columns-3 wp-block-post-template is-layout-grid wp-container-core-post-template-is-layout-6d3fbd8f wp-block-post-template-is-layout-grid\"><li class=\"wp-block-post post-70441 post type-post status-publish format-standard has-post-thumbnail hentry category-benestar category-centre-fundacio-rafa-nadal category-educacio category-esport category-igualtat category-infancia category-salut category-sin-categoria category-valors\">\n<figure class=\"wp-block-post-featured-image\"><a href=\"https:\/\/www.fundacionrafanadal.org\/ca\/quan-les-paraules-pesen-una-activitat-per-reflexionar-sobre-lassetjament-escolar\/\" target=\"_self\"  ><img decoding=\"async\" width=\"900\" height=\"500\" src=\"https:\/\/www.fundacionrafanadal.org\/wp-content\/uploads\/2026\/05\/IMG_9451_b-900x500.jpg\" class=\"attachment-historia size-historia wp-post-image\" alt=\"Quan les paraules pesen: una activitat per reflexionar sobre l\u2019assetjament escolar\" style=\"object-fit:cover;\" \/><\/a><\/figure>\n\n<h3 class=\"has-link-color wp-elements-bf2fbf40c45a0f0e53c025a0cfa0e975 wp-block-post-title has-text-color has-black-color has-medium-font-size\"><a href=\"https:\/\/www.fundacionrafanadal.org\/ca\/quan-les-paraules-pesen-una-activitat-per-reflexionar-sobre-lassetjament-escolar\/\" target=\"_self\" >Quan les paraules pesen: una activitat per reflexionar sobre l\u2019assetjament escolar<\/a><\/h3>\n\n<a style=\"border-radius:0px;border-top-width:0px;border-top-style:none;border-right-width:0px;border-right-style:none;border-bottom-width:1px;border-left-width:0px;border-left-style:none; padding-top:0;padding-bottom:0;padding-left:0;padding-right:0;\" class=\"wp-elements-c7e9c770a702be00f745cafb218067be wp-block-read-more has-text-color has-black-color\" href=\"https:\/\/www.fundacionrafanadal.org\/ca\/quan-les-paraules-pesen-una-activitat-per-reflexionar-sobre-lassetjament-escolar\/\" target=\"_self\">Saber m\u00e9s<span class=\"screen-reader-text\">: Quan les paraules pesen: una activitat per reflexionar sobre l\u2019assetjament escolar<\/span><\/a>\n<\/li><li class=\"wp-block-post post-70375 post type-post status-publish format-standard has-post-thumbnail hentry category-benestar category-centre-fundacio-rafa-nadal category-educacio category-esport category-habits category-igualtat category-infancia category-projectes category-salut category-valors\">\n<figure class=\"wp-block-post-featured-image\"><a href=\"https:\/\/www.fundacionrafanadal.org\/ca\/activitats-esportives-amb-globus-joc-moviment-i-aprenentatge-per-als-mes-petits\/\" target=\"_self\"  ><img decoding=\"async\" width=\"900\" height=\"500\" src=\"https:\/\/www.fundacionrafanadal.org\/wp-content\/uploads\/2026\/05\/IMG_7712_b-900x500.jpg\" class=\"attachment-historia size-historia wp-post-image\" alt=\"Activitats esportives amb globus: joc, moviment i aprenentatge per als m\u00e9s petits\" style=\"object-fit:cover;\" \/><\/a><\/figure>\n\n<h3 class=\"has-link-color wp-elements-bf2fbf40c45a0f0e53c025a0cfa0e975 wp-block-post-title has-text-color has-black-color has-medium-font-size\"><a href=\"https:\/\/www.fundacionrafanadal.org\/ca\/activitats-esportives-amb-globus-joc-moviment-i-aprenentatge-per-als-mes-petits\/\" target=\"_self\" >Activitats esportives amb globus: joc, moviment i aprenentatge per als m\u00e9s petits<\/a><\/h3>\n\n<a style=\"border-radius:0px;border-top-width:0px;border-top-style:none;border-right-width:0px;border-right-style:none;border-bottom-width:1px;border-left-width:0px;border-left-style:none; padding-top:0;padding-bottom:0;padding-left:0;padding-right:0;\" class=\"wp-elements-c7e9c770a702be00f745cafb218067be wp-block-read-more has-text-color has-black-color\" href=\"https:\/\/www.fundacionrafanadal.org\/ca\/activitats-esportives-amb-globus-joc-moviment-i-aprenentatge-per-als-mes-petits\/\" target=\"_self\">Saber m\u00e9s<span class=\"screen-reader-text\">: Activitats esportives amb globus: joc, moviment i aprenentatge per als m\u00e9s petits<\/span><\/a>\n<\/li><li class=\"wp-block-post post-70301 post type-post status-publish format-standard has-post-thumbnail hentry category-benestar category-centre-fundacio-rafa-nadal category-educacio category-esport category-habits category-igualtat category-infancia category-integracio category-projectes category-salut category-sin-categoria\">\n<figure class=\"wp-block-post-featured-image\"><a href=\"https:\/\/www.fundacionrafanadal.org\/ca\/formacio-i-acompanyament-a-les-families-per-a-un-us-responsable-de-lentorn-digital\/\" target=\"_self\"  ><img decoding=\"async\" width=\"900\" height=\"500\" src=\"https:\/\/www.fundacionrafanadal.org\/wp-content\/uploads\/2026\/04\/IMG_9105_b-900x500.jpg\" class=\"attachment-historia size-historia wp-post-image\" alt=\"Formaci\u00f3 i acompanyament a les fam\u00edlies per a un \u00fas responsable de l\u2019entorn digital\" style=\"object-fit:cover;\" \/><\/a><\/figure>\n\n<h3 class=\"has-link-color wp-elements-bf2fbf40c45a0f0e53c025a0cfa0e975 wp-block-post-title has-text-color has-black-color has-medium-font-size\"><a href=\"https:\/\/www.fundacionrafanadal.org\/ca\/formacio-i-acompanyament-a-les-families-per-a-un-us-responsable-de-lentorn-digital\/\" target=\"_self\" >Formaci\u00f3 i acompanyament a les fam\u00edlies per a un \u00fas responsable de l\u2019entorn digital<\/a><\/h3>\n\n<a style=\"border-radius:0px;border-top-width:0px;border-top-style:none;border-right-width:0px;border-right-style:none;border-bottom-width:1px;border-left-width:0px;border-left-style:none; padding-top:0;padding-bottom:0;padding-left:0;padding-right:0;\" class=\"wp-elements-c7e9c770a702be00f745cafb218067be wp-block-read-more has-text-color has-black-color\" href=\"https:\/\/www.fundacionrafanadal.org\/ca\/formacio-i-acompanyament-a-les-families-per-a-un-us-responsable-de-lentorn-digital\/\" target=\"_self\">Saber m\u00e9s<span class=\"screen-reader-text\">: Formaci\u00f3 i acompanyament a les fam\u00edlies per a un \u00fas responsable de l\u2019entorn digital<\/span><\/a>\n<\/li><\/ul>\n\n<\/div>\n\n\n\n<div class=\"wp-block-buttons is-layout-flex wp-block-buttons-is-layout-flex\">\n<div class=\"wp-block-button\"><a class=\"wp-block-button__link wp-element-button\" href=\"https:\/\/www.fundacionrafanadal.org\/ca\/actualitat\/blog\/\">Veure totes<\/a><\/div>\n<\/div>\n<\/div>\n<\/div>\n\n\n\n<div style=\"height:50px\" aria-hidden=\"true\" class=\"wp-block-spacer\"><\/div>\n\n\n\n<div class=\"wp-block-columns are-vertically-aligned-center has-white-background-color has-background is-layout-flex wp-container-core-columns-is-layout-25f56bee wp-block-columns-is-layout-flex\" style=\"margin-top:0;margin-bottom:0;padding-top:0;padding-right:0;padding-bottom:0;padding-left:0\">\n<div class=\"wp-block-column is-vertically-aligned-center is-layout-flow wp-block-column-is-layout-flow\">\n<h2 class=\"wp-block-heading\">Not\u00edcies<\/h2>\n\n\n\n<p>Assabenta\u2019t de totes les not\u00edcies relacionades amb la fundaci\u00f3<\/p>\n\n\n\n<div class=\"wp-block-query is-layout-flow wp-block-query-is-layout-flow\"><ul class=\"columns-3 wp-block-post-template is-layout-grid wp-container-core-post-template-is-layout-6d3fbd8f wp-block-post-template-is-layout-grid\"><li class=\"wp-block-post post-70504 noticia type-noticia status-publish has-post-thumbnail hentry\">\n<figure class=\"wp-block-post-featured-image\"><a href=\"https:\/\/www.fundacionrafanadal.org\/ca\/noticies\/the-rafa-nadal-foundation-centre-in-palma-takes-part-in-the-fira-dentitats-in-the-nou-llevant-la-soledat-neighbourhood-promoting-multiculturalism-through-play\/\" target=\"_self\"  ><img decoding=\"async\" width=\"900\" height=\"500\" src=\"https:\/\/www.fundacionrafanadal.org\/wp-content\/uploads\/2026\/05\/CFRNPalma_fira006-900x500.jpg\" class=\"attachment-historia size-historia wp-post-image\" alt=\"The Rafa Nadal Foundation Centre in Palma takes part in the Fira d\u2019Entitats in the Nou Llevant \u2013 La Soledat neighbourhood, promoting multiculturalism through play\" style=\"object-fit:cover;\" \/><\/a><\/figure>\n\n<h3 class=\"has-link-color wp-elements-bf2fbf40c45a0f0e53c025a0cfa0e975 wp-block-post-title has-text-color has-black-color has-medium-font-size\"><a href=\"https:\/\/www.fundacionrafanadal.org\/ca\/noticies\/the-rafa-nadal-foundation-centre-in-palma-takes-part-in-the-fira-dentitats-in-the-nou-llevant-la-soledat-neighbourhood-promoting-multiculturalism-through-play\/\" target=\"_self\" >The Rafa Nadal Foundation Centre in Palma takes part in the Fira d\u2019Entitats in the Nou Llevant \u2013 La Soledat neighbourhood, promoting multiculturalism through play<\/a><\/h3>\n\n<a style=\"border-radius:0px;border-top-width:0px;border-top-style:none;border-right-width:0px;border-right-style:none;border-bottom-width:1px;border-left-width:0px;border-left-style:none; padding-top:0;padding-bottom:0;padding-left:0;padding-right:0;\" class=\"wp-elements-c7e9c770a702be00f745cafb218067be wp-block-read-more has-text-color has-black-color\" href=\"https:\/\/www.fundacionrafanadal.org\/ca\/noticies\/the-rafa-nadal-foundation-centre-in-palma-takes-part-in-the-fira-dentitats-in-the-nou-llevant-la-soledat-neighbourhood-promoting-multiculturalism-through-play\/\" target=\"_self\">Saber m\u00e9s<span class=\"screen-reader-text\">: The Rafa Nadal Foundation Centre in Palma takes part in the Fira d\u2019Entitats in the Nou Llevant \u2013 La Soledat neighbourhood, promoting multiculturalism through play<\/span><\/a>\n<\/li><li class=\"wp-block-post post-70264 noticia type-noticia status-publish has-post-thumbnail hentry\">\n<figure class=\"wp-block-post-featured-image\"><a href=\"https:\/\/www.fundacionrafanadal.org\/ca\/noticies\/la-fundacio-rafa-nadal-premiada-a-la-gala-somos-fanes-2026-pel-seu-compromis-amb-lesport-i-el-benestar\/\" target=\"_self\"  ><img decoding=\"async\" width=\"900\" height=\"500\" src=\"https:\/\/www.fundacionrafanadal.org\/wp-content\/uploads\/2026\/04\/Fundacion-Rafael-Nadal-900x500.jpg\" class=\"attachment-historia size-historia wp-post-image\" alt=\"La Fundaci\u00f3 Rafa Nadal, premiada a la Gala Somos Fanes 2026 pel seu comprom\u00eds amb l\u2019esport i el benestar\" style=\"object-fit:cover;\" \/><\/a><\/figure>\n\n<h3 class=\"has-link-color wp-elements-bf2fbf40c45a0f0e53c025a0cfa0e975 wp-block-post-title has-text-color has-black-color has-medium-font-size\"><a href=\"https:\/\/www.fundacionrafanadal.org\/ca\/noticies\/la-fundacio-rafa-nadal-premiada-a-la-gala-somos-fanes-2026-pel-seu-compromis-amb-lesport-i-el-benestar\/\" target=\"_self\" >La Fundaci\u00f3 Rafa Nadal, premiada a la Gala Somos Fanes 2026 pel seu comprom\u00eds amb l\u2019esport i el benestar<\/a><\/h3>\n\n<a style=\"border-radius:0px;border-top-width:0px;border-top-style:none;border-right-width:0px;border-right-style:none;border-bottom-width:1px;border-left-width:0px;border-left-style:none; padding-top:0;padding-bottom:0;padding-left:0;padding-right:0;\" class=\"wp-elements-c7e9c770a702be00f745cafb218067be wp-block-read-more has-text-color has-black-color\" href=\"https:\/\/www.fundacionrafanadal.org\/ca\/noticies\/la-fundacio-rafa-nadal-premiada-a-la-gala-somos-fanes-2026-pel-seu-compromis-amb-lesport-i-el-benestar\/\" target=\"_self\">Saber m\u00e9s<span class=\"screen-reader-text\">: La Fundaci\u00f3 Rafa Nadal, premiada a la Gala Somos Fanes 2026 pel seu comprom\u00eds amb l\u2019esport i el benestar<\/span><\/a>\n<\/li><li class=\"wp-block-post post-69875 noticia type-noticia status-publish has-post-thumbnail hentry\">\n<figure class=\"wp-block-post-featured-image\"><a href=\"https:\/\/www.fundacionrafanadal.org\/ca\/noticies\/els-iv-premis-fundacio-rafa-nadal-reconeixen-a-mallorca-limpacte-social-de-sis-projectes-transformadors\/\" target=\"_self\"  ><img decoding=\"async\" width=\"900\" height=\"500\" src=\"https:\/\/www.fundacionrafanadal.org\/wp-content\/uploads\/2026\/02\/IVPFRN_oficial-900x500.jpg\" class=\"attachment-historia size-historia wp-post-image\" alt=\"Els IV Premis Fundaci\u00f3 Rafa Nadal reconeixen a Mallorca l\u2019impacte social de sis projectes transformadors\" style=\"object-fit:cover;\" \/><\/a><\/figure>\n\n<h3 class=\"has-link-color wp-elements-bf2fbf40c45a0f0e53c025a0cfa0e975 wp-block-post-title has-text-color has-black-color has-medium-font-size\"><a href=\"https:\/\/www.fundacionrafanadal.org\/ca\/noticies\/els-iv-premis-fundacio-rafa-nadal-reconeixen-a-mallorca-limpacte-social-de-sis-projectes-transformadors\/\" target=\"_self\" >Els IV Premis Fundaci\u00f3 Rafa Nadal reconeixen a Mallorca l\u2019impacte social de sis projectes transformadors<\/a><\/h3>\n\n<a style=\"border-radius:0px;border-top-width:0px;border-top-style:none;border-right-width:0px;border-right-style:none;border-bottom-width:1px;border-left-width:0px;border-left-style:none; padding-top:0;padding-bottom:0;padding-left:0;padding-right:0;\" class=\"wp-elements-c7e9c770a702be00f745cafb218067be wp-block-read-more has-text-color has-black-color\" href=\"https:\/\/www.fundacionrafanadal.org\/ca\/noticies\/els-iv-premis-fundacio-rafa-nadal-reconeixen-a-mallorca-limpacte-social-de-sis-projectes-transformadors\/\" target=\"_self\">Saber m\u00e9s<span class=\"screen-reader-text\">: Els IV Premis Fundaci\u00f3 Rafa Nadal reconeixen a Mallorca l\u2019impacte social de sis projectes transformadors<\/span><\/a>\n<\/li><\/ul>\n\n<\/div>\n\n\n\n<div class=\"wp-block-buttons is-layout-flex wp-block-buttons-is-layout-flex\">\n<div class=\"wp-block-button\"><a class=\"wp-block-button__link wp-element-button\" href=\"https:\/\/www.fundacionrafanadal.org\/ca\/actualitat\/noticies\/\">Veure totes<\/a><\/div>\n<\/div>\n<\/div>\n<\/div>\n\n\n\n<div style=\"height:100px\" aria-hidden=\"true\" class=\"wp-block-spacer\"><\/div>\n\n\n<div class=\"wp-block-image circles--end\">\n<figure class=\"aligncenter size-full\"><img decoding=\"async\" width=\"820\" height=\"147\" src=\"https:\/\/www.fundacionrafanadal.org\/wp-content\/uploads\/2025\/10\/circles-end.jpg\" alt=\"\" class=\"wp-image-27101\" srcset=\"https:\/\/www.fundacionrafanadal.org\/wp-content\/uploads\/2025\/10\/circles-end.jpg 820w, https:\/\/www.fundacionrafanadal.org\/wp-content\/uploads\/2025\/10\/circles-end-300x54.jpg 300w, https:\/\/www.fundacionrafanadal.org\/wp-content\/uploads\/2025\/10\/circles-end-768x138.jpg 768w, https:\/\/www.fundacionrafanadal.org\/wp-content\/uploads\/2025\/10\/circles-end-44x8.jpg 44w\" sizes=\"(max-width: 820px) 100vw, 820px\" \/><\/figure>\n<\/div>","protected":false},"excerpt":{"rendered":"<p>Blog Segueix el dia a dia dels projectes de la Fundaci\u00f3 Rafa Nadal! Not\u00edcies Assabenta\u2019t de totes les not\u00edcies relacionades amb la fundaci\u00f3<\/p>\n","protected":false},"author":1,"featured_media":65236,"parent":0,"menu_order":0,"comment_status":"closed","ping_status":"closed","template":"","meta":{"_acf_changed":false,"give_campaign_id":0,"inline_featured_image":false,"footnotes":""},"class_list":["post-65237","page","type-page","status-publish","has-post-thumbnail","hentry"],"acf":[],"yoast_head":"<!-- This site is optimized with the Yoast SEO plugin v27.4 - https:\/\/yoast.com\/product\/yoast-seo-wordpress\/ -->\n<title>Actualitat - Fundaci\u00f3n Rafa Nadal<\/title>\n<meta name=\"robots\" content=\"index, follow, max-snippet:-1, max-image-preview:large, max-video-preview:-1\" \/>\n<link rel=\"canonical\" href=\"https:\/\/www.fundacionrafanadal.org\/ca\/actualitat\/\" \/>\n<meta property=\"og:locale\" content=\"ca_ES\" \/>\n<meta property=\"og:type\" content=\"article\" \/>\n<meta property=\"og:title\" content=\"Actualitat - Fundaci\u00f3n Rafa Nadal\" \/>\n<meta property=\"og:description\" content=\"Blog Segueix el dia a dia dels projectes de la Fundaci\u00f3 Rafa Nadal! Not\u00edcies Assabenta\u2019t de totes les not\u00edcies relacionades amb la fundaci\u00f3\" \/>\n<meta property=\"og:url\" content=\"https:\/\/www.fundacionrafanadal.org\/ca\/actualitat\/\" \/>\n<meta property=\"og:site_name\" content=\"Fundaci\u00f3n Rafa Nadal\" \/>\n<meta property=\"article:modified_time\" content=\"2026-01-21T10:17:12+00:00\" \/>\n<meta property=\"og:image\" content=\"https:\/\/www.fundacionrafanadal.org\/wp-content\/uploads\/2026\/01\/ifsvn82xfgo.jpg\" \/>\n\t<meta property=\"og:image:width\" content=\"1600\" \/>\n\t<meta property=\"og:image:height\" content=\"1067\" \/>\n\t<meta property=\"og:image:type\" content=\"image\/jpeg\" \/>\n<meta name=\"twitter:card\" content=\"summary_large_image\" \/>\n<meta name=\"twitter:label1\" content=\"Temps estimat de lectura\" \/>\n\t<meta name=\"twitter:data1\" content=\"1 minut\" \/>\n<script type=\"application\/ld+json\" class=\"yoast-schema-graph\">{\"@context\":\"https:\\\/\\\/schema.org\",\"@graph\":[{\"@type\":\"WebPage\",\"@id\":\"https:\\\/\\\/www.fundacionrafanadal.org\\\/ca\\\/actualitat\\\/\",\"url\":\"https:\\\/\\\/www.fundacionrafanadal.org\\\/ca\\\/actualitat\\\/\",\"name\":\"Actualitat - Fundaci\u00f3n Rafa Nadal\",\"isPartOf\":{\"@id\":\"https:\\\/\\\/www.fundacionrafanadal.org\\\/ca\\\/#website\"},\"primaryImageOfPage\":{\"@id\":\"https:\\\/\\\/www.fundacionrafanadal.org\\\/ca\\\/actualitat\\\/#primaryimage\"},\"image\":{\"@id\":\"https:\\\/\\\/www.fundacionrafanadal.org\\\/ca\\\/actualitat\\\/#primaryimage\"},\"thumbnailUrl\":\"https:\\\/\\\/www.fundacionrafanadal.org\\\/wp-content\\\/uploads\\\/2026\\\/01\\\/ifsvn82xfgo.jpg\",\"datePublished\":\"2026-01-21T09:47:34+00:00\",\"dateModified\":\"2026-01-21T10:17:12+00:00\",\"breadcrumb\":{\"@id\":\"https:\\\/\\\/www.fundacionrafanadal.org\\\/ca\\\/actualitat\\\/#breadcrumb\"},\"inLanguage\":\"ca\",\"potentialAction\":[{\"@type\":\"ReadAction\",\"target\":[\"https:\\\/\\\/www.fundacionrafanadal.org\\\/ca\\\/actualitat\\\/\"]}]},{\"@type\":\"ImageObject\",\"inLanguage\":\"ca\",\"@id\":\"https:\\\/\\\/www.fundacionrafanadal.org\\\/ca\\\/actualitat\\\/#primaryimage\",\"url\":\"https:\\\/\\\/www.fundacionrafanadal.org\\\/wp-content\\\/uploads\\\/2026\\\/01\\\/ifsvn82xfgo.jpg\",\"contentUrl\":\"https:\\\/\\\/www.fundacionrafanadal.org\\\/wp-content\\\/uploads\\\/2026\\\/01\\\/ifsvn82xfgo.jpg\",\"width\":1600,\"height\":1067,\"caption\":\"person holding black iPad\"},{\"@type\":\"BreadcrumbList\",\"@id\":\"https:\\\/\\\/www.fundacionrafanadal.org\\\/ca\\\/actualitat\\\/#breadcrumb\",\"itemListElement\":[{\"@type\":\"ListItem\",\"position\":1,\"name\":\"Portada\",\"item\":\"https:\\\/\\\/www.fundacionrafanadal.org\\\/ca\\\/\"},{\"@type\":\"ListItem\",\"position\":2,\"name\":\"Actualitat\"}]},{\"@type\":\"WebSite\",\"@id\":\"https:\\\/\\\/www.fundacionrafanadal.org\\\/ca\\\/#website\",\"url\":\"https:\\\/\\\/www.fundacionrafanadal.org\\\/ca\\\/\",\"name\":\"Fundaci\u00f3n Rafa Nadal\",\"description\":\"\",\"potentialAction\":[{\"@type\":\"SearchAction\",\"target\":{\"@type\":\"EntryPoint\",\"urlTemplate\":\"https:\\\/\\\/www.fundacionrafanadal.org\\\/ca\\\/?s={search_term_string}\"},\"query-input\":{\"@type\":\"PropertyValueSpecification\",\"valueRequired\":true,\"valueName\":\"search_term_string\"}}],\"inLanguage\":\"ca\"}]}<\/script>\n<!-- \/ Yoast SEO plugin. -->","yoast_head_json":{"title":"Actualitat - Fundaci\u00f3n Rafa Nadal","robots":{"index":"index","follow":"follow","max-snippet":"max-snippet:-1","max-image-preview":"max-image-preview:large","max-video-preview":"max-video-preview:-1"},"canonical":"https:\/\/www.fundacionrafanadal.org\/ca\/actualitat\/","og_locale":"ca_ES","og_type":"article","og_title":"Actualitat - Fundaci\u00f3n Rafa Nadal","og_description":"Blog Segueix el dia a dia dels projectes de la Fundaci\u00f3 Rafa Nadal! Not\u00edcies Assabenta\u2019t de totes les not\u00edcies relacionades amb la fundaci\u00f3","og_url":"https:\/\/www.fundacionrafanadal.org\/ca\/actualitat\/","og_site_name":"Fundaci\u00f3n Rafa Nadal","article_modified_time":"2026-01-21T10:17:12+00:00","og_image":[{"width":1600,"height":1067,"url":"https:\/\/www.fundacionrafanadal.org\/wp-content\/uploads\/2026\/01\/ifsvn82xfgo.jpg","type":"image\/jpeg"}],"twitter_card":"summary_large_image","twitter_misc":{"Temps estimat de lectura":"1 minut"},"schema":{"@context":"https:\/\/schema.org","@graph":[{"@type":"WebPage","@id":"https:\/\/www.fundacionrafanadal.org\/ca\/actualitat\/","url":"https:\/\/www.fundacionrafanadal.org\/ca\/actualitat\/","name":"Actualitat - Fundaci\u00f3n Rafa Nadal","isPartOf":{"@id":"https:\/\/www.fundacionrafanadal.org\/ca\/#website"},"primaryImageOfPage":{"@id":"https:\/\/www.fundacionrafanadal.org\/ca\/actualitat\/#primaryimage"},"image":{"@id":"https:\/\/www.fundacionrafanadal.org\/ca\/actualitat\/#primaryimage"},"thumbnailUrl":"https:\/\/www.fundacionrafanadal.org\/wp-content\/uploads\/2026\/01\/ifsvn82xfgo.jpg","datePublished":"2026-01-21T09:47:34+00:00","dateModified":"2026-01-21T10:17:12+00:00","breadcrumb":{"@id":"https:\/\/www.fundacionrafanadal.org\/ca\/actualitat\/#breadcrumb"},"inLanguage":"ca","potentialAction":[{"@type":"ReadAction","target":["https:\/\/www.fundacionrafanadal.org\/ca\/actualitat\/"]}]},{"@type":"ImageObject","inLanguage":"ca","@id":"https:\/\/www.fundacionrafanadal.org\/ca\/actualitat\/#primaryimage","url":"https:\/\/www.fundacionrafanadal.org\/wp-content\/uploads\/2026\/01\/ifsvn82xfgo.jpg","contentUrl":"https:\/\/www.fundacionrafanadal.org\/wp-content\/uploads\/2026\/01\/ifsvn82xfgo.jpg","width":1600,"height":1067,"caption":"person holding black iPad"},{"@type":"BreadcrumbList","@id":"https:\/\/www.fundacionrafanadal.org\/ca\/actualitat\/#breadcrumb","itemListElement":[{"@type":"ListItem","position":1,"name":"Portada","item":"https:\/\/www.fundacionrafanadal.org\/ca\/"},{"@type":"ListItem","position":2,"name":"Actualitat"}]},{"@type":"WebSite","@id":"https:\/\/www.fundacionrafanadal.org\/ca\/#website","url":"https:\/\/www.fundacionrafanadal.org\/ca\/","name":"Fundaci\u00f3n Rafa Nadal","description":"","potentialAction":[{"@type":"SearchAction","target":{"@type":"EntryPoint","urlTemplate":"https:\/\/www.fundacionrafanadal.org\/ca\/?s={search_term_string}"},"query-input":{"@type":"PropertyValueSpecification","valueRequired":true,"valueName":"search_term_string"}}],"inLanguage":"ca"}]}},"campaignId":"","_links":{"self":[{"href":"https:\/\/www.fundacionrafanadal.org\/ca\/wp-json\/wp\/v2\/pages\/65237","targetHints":{"allow":["GET"]}}],"collection":[{"href":"https:\/\/www.fundacionrafanadal.org\/ca\/wp-json\/wp\/v2\/pages"}],"about":[{"href":"https:\/\/www.fundacionrafanadal.org\/ca\/wp-json\/wp\/v2\/types\/page"}],"author":[{"embeddable":true,"href":"https:\/\/www.fundacionrafanadal.org\/ca\/wp-json\/wp\/v2\/users\/1"}],"replies":[{"embeddable":true,"href":"https:\/\/www.fundacionrafanadal.org\/ca\/wp-json\/wp\/v2\/comments?post=65237"}],"version-history":[{"count":0,"href":"https:\/\/www.fundacionrafanadal.org\/ca\/wp-json\/wp\/v2\/pages\/65237\/revisions"}],"wp:featuredmedia":[{"embeddable":true,"href":"https:\/\/www.fundacionrafanadal.org\/ca\/wp-json\/wp\/v2\/media\/65236"}],"wp:attachment":[{"href":"https:\/\/www.fundacionrafanadal.org\/ca\/wp-json\/wp\/v2\/media?parent=65237"}],"curies":[{"name":"wp","href":"https:\/\/api.w.org\/{rel}","templated":true}]}}