{"id":49184,"date":"2025-10-21T09:39:53","date_gmt":"2025-10-21T09:39:53","guid":{"rendered":"https:\/\/fundacionrafanadal.quelinka.es\/?page_id=49184"},"modified":"2026-05-12T13:23:17","modified_gmt":"2026-05-12T13:23:17","slug":"team","status":"publish","type":"page","link":"https:\/\/www.fundacionrafanadal.org\/en\/who-we-are\/team\/","title":{"rendered":"Team"},"content":{"rendered":"\n<h2 class=\"wp-block-heading\"><strong>People are always the most important<\/strong><\/h2>\n\n\n\n<p>We are a committed, motivated team with a shared sense of purpose. We work to ensure that we attend all the beneficiaries of our projects with the utmost responsibility.<\/p>\n\n\n<div class=\"wp-block-image\">\n<figure class=\"aligncenter size-full\"><img decoding=\"async\" width=\"1024\" height=\"457\" src=\"https:\/\/www.fundacionrafanadal.org\/wp-content\/uploads\/2025\/10\/image.png\" alt=\"\" class=\"wp-image-27453\" srcset=\"https:\/\/www.fundacionrafanadal.org\/wp-content\/uploads\/2025\/10\/image.png 1024w, https:\/\/www.fundacionrafanadal.org\/wp-content\/uploads\/2025\/10\/image-300x134.png 300w, https:\/\/www.fundacionrafanadal.org\/wp-content\/uploads\/2025\/10\/image-768x343.png 768w, https:\/\/www.fundacionrafanadal.org\/wp-content\/uploads\/2025\/10\/image-900x402.png 900w, https:\/\/www.fundacionrafanadal.org\/wp-content\/uploads\/2025\/10\/image-44x20.png 44w\" sizes=\"(max-width: 1024px) 100vw, 1024px\" \/><\/figure>\n<\/div>\n\n\n<div class=\"wp-block-group\" aria-labelledby=\"direccion--title\"><div class=\"wp-block-group__inner-container is-layout-constrained wp-block-group-is-layout-constrained\">\n<h2 class=\"wp-block-heading\"><strong>Executive Management<\/strong><\/h2>\n\n\n\n<div class=\"wp-block-group is-layout-grid wp-container-core-group-is-layout-8befe681 wp-block-group-is-layout-grid\">\n<div class=\"wp-block-group has-background is-vertical is-content-justification-left is-layout-flex wp-container-core-group-is-layout-dd225191 wp-block-group-is-layout-flex\" style=\"background-color:#00000008\">\n<h4 class=\"wp-block-heading\">Mar\u00eda Francisca Perell\u00f3<\/h4>\n\n\n\n<p>General Director<\/p>\n\n\n\n<ul class=\"wp-block-social-links is-layout-flex wp-block-social-links-is-layout-flex\"><li class=\"wp-social-link wp-social-link-linkedin  wp-block-social-link\"><a target=\"_blank\" rel=\"noopener noreferrer\" href=\"https:\/\/www.linkedin.com\/in\/maria-francisca-perell%C3%B3-a46b3aa7\/\" class=\"wp-block-social-link-anchor\"><svg width=\"24\" height=\"24\" viewBox=\"0 0 24 24\" version=\"1.1\" xmlns=\"http:\/\/www.w3.org\/2000\/svg\" aria-hidden=\"true\" focusable=\"false\"><path d=\"M19.7,3H4.3C3.582,3,3,3.582,3,4.3v15.4C3,20.418,3.582,21,4.3,21h15.4c0.718,0,1.3-0.582,1.3-1.3V4.3 C21,3.582,20.418,3,19.7,3z M8.339,18.338H5.667v-8.59h2.672V18.338z M7.004,8.574c-0.857,0-1.549-0.694-1.549-1.548 c0-0.855,0.691-1.548,1.549-1.548c0.854,0,1.547,0.694,1.547,1.548C8.551,7.881,7.858,8.574,7.004,8.574z M18.339,18.338h-2.669 v-4.177c0-0.996-0.017-2.278-1.387-2.278c-1.389,0-1.601,1.086-1.601,2.206v4.249h-2.667v-8.59h2.559v1.174h0.037 c0.356-0.675,1.227-1.387,2.526-1.387c2.703,0,3.203,1.779,3.203,4.092V18.338z\"><\/path><\/svg><span class=\"wp-block-social-link-label screen-reader-text\">LinkedIn<\/span><\/a><\/li><\/ul>\n<\/div>\n\n\n\n<div class=\"wp-block-group has-background is-vertical is-content-justification-left is-layout-flex wp-container-core-group-is-layout-dd225191 wp-block-group-is-layout-flex\" style=\"background-color:#00000008\">\n<h4 class=\"wp-block-heading\">Jos\u00e9 Antonio Ruiz<\/h4>\n\n\n\n<p>Deputy Director<\/p>\n\n\n\n<ul class=\"wp-block-social-links is-layout-flex wp-block-social-links-is-layout-flex\"><li class=\"wp-social-link wp-social-link-linkedin  wp-block-social-link\"><a target=\"_blank\" rel=\"noopener noreferrer\" href=\"https:\/\/www.linkedin.com\/in\/joseruizpulido\/\" class=\"wp-block-social-link-anchor\"><svg width=\"24\" height=\"24\" viewBox=\"0 0 24 24\" version=\"1.1\" xmlns=\"http:\/\/www.w3.org\/2000\/svg\" aria-hidden=\"true\" focusable=\"false\"><path d=\"M19.7,3H4.3C3.582,3,3,3.582,3,4.3v15.4C3,20.418,3.582,21,4.3,21h15.4c0.718,0,1.3-0.582,1.3-1.3V4.3 C21,3.582,20.418,3,19.7,3z M8.339,18.338H5.667v-8.59h2.672V18.338z M7.004,8.574c-0.857,0-1.549-0.694-1.549-1.548 c0-0.855,0.691-1.548,1.549-1.548c0.854,0,1.547,0.694,1.547,1.548C8.551,7.881,7.858,8.574,7.004,8.574z M18.339,18.338h-2.669 v-4.177c0-0.996-0.017-2.278-1.387-2.278c-1.389,0-1.601,1.086-1.601,2.206v4.249h-2.667v-8.59h2.559v1.174h0.037 c0.356-0.675,1.227-1.387,2.526-1.387c2.703,0,3.203,1.779,3.203,4.092V18.338z\"><\/path><\/svg><span class=\"wp-block-social-link-label screen-reader-text\">LinkedIn<\/span><\/a><\/li><\/ul>\n<\/div>\n\n\n\n<div class=\"wp-block-group has-background is-vertical is-content-justification-left is-layout-flex wp-container-core-group-is-layout-dd225191 wp-block-group-is-layout-flex\" style=\"background-color:#00000008\">\n<h4 class=\"wp-block-heading\">Isa P\u00e9rez<\/h4>\n\n\n\n<p>Head of Communication<\/p>\n\n\n\n<ul class=\"wp-block-social-links is-layout-flex wp-block-social-links-is-layout-flex\"><li class=\"wp-social-link wp-social-link-linkedin  wp-block-social-link\"><a target=\"_blank\" rel=\"noopener noreferrer\" href=\"https:\/\/www.linkedin.com\/in\/isa-perez-fernandez\/\" class=\"wp-block-social-link-anchor\"><svg width=\"24\" height=\"24\" viewBox=\"0 0 24 24\" version=\"1.1\" xmlns=\"http:\/\/www.w3.org\/2000\/svg\" aria-hidden=\"true\" focusable=\"false\"><path d=\"M19.7,3H4.3C3.582,3,3,3.582,3,4.3v15.4C3,20.418,3.582,21,4.3,21h15.4c0.718,0,1.3-0.582,1.3-1.3V4.3 C21,3.582,20.418,3,19.7,3z M8.339,18.338H5.667v-8.59h2.672V18.338z M7.004,8.574c-0.857,0-1.549-0.694-1.549-1.548 c0-0.855,0.691-1.548,1.549-1.548c0.854,0,1.547,0.694,1.547,1.548C8.551,7.881,7.858,8.574,7.004,8.574z M18.339,18.338h-2.669 v-4.177c0-0.996-0.017-2.278-1.387-2.278c-1.389,0-1.601,1.086-1.601,2.206v4.249h-2.667v-8.59h2.559v1.174h0.037 c0.356-0.675,1.227-1.387,2.526-1.387c2.703,0,3.203,1.779,3.203,4.092V18.338z\"><\/path><\/svg><span class=\"wp-block-social-link-label screen-reader-text\">LinkedIn<\/span><\/a><\/li><\/ul>\n<\/div>\n\n\n\n<div class=\"wp-block-group has-background is-vertical is-content-justification-left is-layout-flex wp-container-core-group-is-layout-dd225191 wp-block-group-is-layout-flex\" style=\"background-color:#00000008\">\n<h4 class=\"wp-block-heading\">Fani Ginard<\/h4>\n\n\n\n<p>Head of Estrategic Partnerships<\/p>\n\n\n\n<ul class=\"wp-block-social-links is-layout-flex wp-block-social-links-is-layout-flex\"><li class=\"wp-social-link wp-social-link-linkedin  wp-block-social-link\"><a target=\"_blank\" rel=\"noopener noreferrer\" href=\"https:\/\/www.linkedin.com\/in\/fani-ginard-ant%C3%B3n-a5384012a\/\" class=\"wp-block-social-link-anchor\"><svg width=\"24\" height=\"24\" viewBox=\"0 0 24 24\" version=\"1.1\" xmlns=\"http:\/\/www.w3.org\/2000\/svg\" aria-hidden=\"true\" focusable=\"false\"><path d=\"M19.7,3H4.3C3.582,3,3,3.582,3,4.3v15.4C3,20.418,3.582,21,4.3,21h15.4c0.718,0,1.3-0.582,1.3-1.3V4.3 C21,3.582,20.418,3,19.7,3z M8.339,18.338H5.667v-8.59h2.672V18.338z M7.004,8.574c-0.857,0-1.549-0.694-1.549-1.548 c0-0.855,0.691-1.548,1.549-1.548c0.854,0,1.547,0.694,1.547,1.548C8.551,7.881,7.858,8.574,7.004,8.574z M18.339,18.338h-2.669 v-4.177c0-0.996-0.017-2.278-1.387-2.278c-1.389,0-1.601,1.086-1.601,2.206v4.249h-2.667v-8.59h2.559v1.174h0.037 c0.356-0.675,1.227-1.387,2.526-1.387c2.703,0,3.203,1.779,3.203,4.092V18.338z\"><\/path><\/svg><span class=\"wp-block-social-link-label screen-reader-text\">LinkedIn<\/span><\/a><\/li><\/ul>\n<\/div>\n\n\n\n<div class=\"wp-block-group has-background is-vertical is-content-justification-left is-layout-flex wp-container-core-group-is-layout-dd225191 wp-block-group-is-layout-flex\" style=\"background-color:#00000008\">\n<h4 class=\"wp-block-heading\">Eunate G\u00f3mez<\/h4>\n\n\n\n<p>Head of Projects<\/p>\n\n\n\n<ul class=\"wp-block-social-links is-layout-flex wp-block-social-links-is-layout-flex\"><\/ul>\n<\/div>\n<\/div>\n\n\n\n<div style=\"height:60px\" aria-hidden=\"true\" class=\"wp-block-spacer\"><\/div>\n<\/div><\/div>\n\n\n\n<div class=\"wp-block-columns equipo is-layout-flex wp-container-core-columns-is-layout-28f84493 wp-block-columns-is-layout-flex\">\n<div class=\"wp-block-column has-white-background-color has-background is-layout-flow wp-block-column-is-layout-flow\">\n<p class=\"has-medium-font-size\">Our&nbsp;<strong>team<\/strong>&nbsp;is made up of&nbsp;<strong>professionals&nbsp;<\/strong>dedicated to&nbsp;<strong>driving change<\/strong>&nbsp;through&nbsp;<strong>sport<\/strong>&nbsp;and&nbsp;<strong>education<\/strong>.<\/p>\n\n\n\n<p class=\"has-medium-font-size\">.<\/p>\n<\/div>\n\n\n\n<div class=\"wp-block-column has-background is-layout-flow wp-block-column-is-layout-flow\" style=\"background-color:#677d70\">\n\n\r\n<div\r\n\t\tclass=\"align wp-block-ttb-text-typing\"\tid='ttbTextTyping-1'\r\n\tdata-attributes='{&quot;prefixText&quot;:&quot;#&quot;,&quot;typingContents&quot;:[{&quot;text&quot;:&quot;transformation&quot;,&quot;color&quot;:&quot;#ffffff&quot;},{&quot;text&quot;:&quot;commitment&quot;,&quot;color&quot;:&quot;#ffffff&quot;},{&quot;text&quot;:&quot;passion&quot;,&quot;color&quot;:&quot;#ffffff&quot;},{&quot;text&quot;:&quot;responsibility&quot;,&quot;color&quot;:&quot;#ffffff&quot;},{&quot;text&quot;:&quot;professional&quot;,&quot;color&quot;:&quot;#ffffff&quot;},{&quot;text&quot;:&quot;empathy&quot;,&quot;color&quot;:&quot;#ffffff&quot;},{&quot;text&quot;:&quot;innovation&quot;,&quot;color&quot;:&quot;#ffffff&quot;}],&quot;suffixText&quot;:&quot; &quot;,&quot;startDelay&quot;:0,&quot;backDelay&quot;:2000,&quot;prefixTypo&quot;:{&quot;fontSize&quot;:{&quot;desktop&quot;:&quot;2.5rem&quot;,&quot;tablet&quot;:&quot;20&quot;,&quot;mobile&quot;:&quot;18&quot;},&quot;fontWeight&quot;:400,&quot;fontVariant&quot;:400,&quot;fontFamily&quot;:&quot;Montserrat&quot;,&quot;fontCategory&quot;:&quot;sans-serif&quot;},&quot;prefixColor&quot;:&quot;#ffffff&quot;,&quot;typingContentsTypo&quot;:{&quot;fontSize&quot;:{&quot;desktop&quot;:&quot;2.5rem&quot;,&quot;tablet&quot;:&quot;20&quot;,&quot;mobile&quot;:&quot;18&quot;},&quot;fontWeight&quot;:400,&quot;isUploadFont&quot;:false,&quot;fontFamily&quot;:&quot;Montserrat&quot;,&quot;fontCategory&quot;:&quot;sans-serif&quot;,&quot;fontVariant&quot;:&quot;400&quot;},&quot;border&quot;:{&quot;radius&quot;:&quot;0px&quot;,&quot;width&quot;:&quot;0px&quot;,&quot;style&quot;:&quot;solid&quot;,&quot;color&quot;:&quot;#000000&quot;},&quot;align&quot;:&quot;&quot;,&quot;effects&quot;:{&quot;effect&quot;:&quot;matrix&quot;},&quot;themes&quot;:{&quot;theme&quot;:&quot;default&quot;},&quot;terminal&quot;:{&quot;headerText&quot;:&quot;developer@portfolio&quot;},&quot;typeSpeed&quot;:100,&quot;backSpeed&quot;:75,&quot;isShuffle&quot;:false,&quot;isFadeOut&quot;:false,&quot;fadeOutDelay&quot;:500,&quot;isLoop&quot;:true,&quot;loopCount&quot;:0,&quot;isCursor&quot;:true,&quot;cursorChar&quot;:&quot;|&quot;,&quot;textAlign&quot;:&quot;center&quot;,&quot;background&quot;:{&quot;color&quot;:&quot;transparent&quot;},&quot;terminalHeadingBg&quot;:{&quot;color&quot;:&quot;#2b2b3c&quot;},&quot;terminalHeadingTextColor&quot;:&quot;#ccc&quot;,&quot;terminalHeadTypo&quot;:{&quot;fontSize&quot;:{&quot;desktop&quot;:12,&quot;tablet&quot;:12,&quot;mobile&quot;:12}},&quot;isIcon&quot;:true,&quot;iconList&quot;:{&quot;size&quot;:60,&quot;uploadIconUrl&quot;:&quot;https:\\\/\\\/i.ibb.co.com\\\/Y4DRLrNL\\\/deciduous-tree-1f333.png&quot;},&quot;padding&quot;:{&quot;vertical&quot;:&quot;10px&quot;,&quot;horizontal&quot;:&quot;15px&quot;},&quot;content&quot;:&quot;Animated text for animation&quot;,&quot;textAlignment&quot;:&quot;center&quot;,&quot;color&quot;:&quot;#fff&quot;,&quot;repeat&quot;:true,&quot;suffixTypo&quot;:{&quot;fontSize&quot;:{&quot;desktop&quot;:22,&quot;tablet&quot;:20,&quot;mobile&quot;:18}},&quot;suffixColor&quot;:&quot;#333&quot;,&quot;isRandomColor&quot;:true,&quot;isCustomBG&quot;:false,&quot;animatedSize&quot;:{&quot;width&quot;:{&quot;desktop&quot;:&quot;100%&quot;,&quot;tablet&quot;:&quot;&quot;,&quot;mobile&quot;:&quot;&quot;},&quot;height&quot;:{&quot;desktop&quot;:&quot;200px&quot;,&quot;tablet&quot;:&quot;&quot;,&quot;mobile&quot;:&quot;&quot;}},&quot;iconSize&quot;:{&quot;width&quot;:{&quot;desktop&quot;:&quot;60px&quot;,&quot;tablet&quot;:&quot;&quot;,&quot;mobile&quot;:&quot;&quot;}},&quot;attributesForBlocks&quot;:[]}' data-ispremium=''\r\n><\/div><\/div>\n<\/div>\n\n\n\n<div style=\"height:100px\" aria-hidden=\"true\" class=\"wp-block-spacer\"><\/div>\n\n\n<div class=\"wp-block-image circles--end\">\n<figure class=\"aligncenter size-full\"><img decoding=\"async\" width=\"820\" height=\"147\" src=\"https:\/\/www.fundacionrafanadal.org\/wp-content\/uploads\/2025\/10\/circles-end.jpg\" alt=\"\" class=\"wp-image-27101\" srcset=\"https:\/\/www.fundacionrafanadal.org\/wp-content\/uploads\/2025\/10\/circles-end.jpg 820w, https:\/\/www.fundacionrafanadal.org\/wp-content\/uploads\/2025\/10\/circles-end-300x54.jpg 300w, https:\/\/www.fundacionrafanadal.org\/wp-content\/uploads\/2025\/10\/circles-end-768x138.jpg 768w, https:\/\/www.fundacionrafanadal.org\/wp-content\/uploads\/2025\/10\/circles-end-44x8.jpg 44w\" sizes=\"(max-width: 820px) 100vw, 820px\" \/><\/figure>\n<\/div>","protected":false},"excerpt":{"rendered":"<p>People are always the most important We are a committed, motivated team with a shared sense of purpose. We work to ensure that we attend all the beneficiaries of our projects with the utmost responsibility. Executive Management Mar\u00eda Francisca Perell\u00f3 General Director Jos\u00e9 Antonio Ruiz Deputy Director Isa P\u00e9rez Head of Communication Fani Ginard Head [&hellip;]<\/p>\n","protected":false},"author":1,"featured_media":65274,"parent":49125,"menu_order":0,"comment_status":"closed","ping_status":"closed","template":"","meta":{"_acf_changed":false,"give_campaign_id":0,"inline_featured_image":false,"footnotes":""},"class_list":["post-49184","page","type-page","status-publish","has-post-thumbnail","hentry"],"acf":[],"yoast_head":"<!-- This site is optimized with the Yoast SEO plugin v27.4 - https:\/\/yoast.com\/product\/yoast-seo-wordpress\/ -->\n<title>Team - Rafa Nadal Foundation<\/title>\n<meta name=\"robots\" content=\"index, follow, max-snippet:-1, max-image-preview:large, max-video-preview:-1\" \/>\n<link rel=\"canonical\" href=\"https:\/\/www.fundacionrafanadal.org\/en\/who-we-are\/team\/\" \/>\n<meta property=\"og:locale\" content=\"en_US\" \/>\n<meta property=\"og:type\" content=\"article\" \/>\n<meta property=\"og:title\" content=\"Team - Rafa Nadal Foundation\" \/>\n<meta property=\"og:description\" content=\"People are always the most important We are a committed, motivated team with a shared sense of purpose. We work to ensure that we attend all the beneficiaries of our projects with the utmost responsibility. Executive Management Mar\u00eda Francisca Perell\u00f3 General Director Jos\u00e9 Antonio Ruiz Deputy Director Isa P\u00e9rez Head of Communication Fani Ginard Head [&hellip;]\" \/>\n<meta property=\"og:url\" content=\"https:\/\/www.fundacionrafanadal.org\/en\/who-we-are\/team\/\" \/>\n<meta property=\"og:site_name\" content=\"Rafa Nadal Foundation\" \/>\n<meta property=\"article:modified_time\" content=\"2026-05-12T13:23:17+00:00\" \/>\n<meta property=\"og:image\" content=\"https:\/\/www.fundacionrafanadal.org\/wp-content\/uploads\/2026\/01\/zyx1bk9mqma.jpg\" \/>\n\t<meta property=\"og:image:width\" content=\"1600\" \/>\n\t<meta property=\"og:image:height\" content=\"1067\" \/>\n\t<meta property=\"og:image:type\" content=\"image\/jpeg\" \/>\n<meta name=\"twitter:card\" content=\"summary_large_image\" \/>\n<meta name=\"twitter:label1\" content=\"Est. reading time\" \/>\n\t<meta name=\"twitter:data1\" content=\"2 minutes\" \/>\n<script type=\"application\/ld+json\" class=\"yoast-schema-graph\">{\"@context\":\"https:\\\/\\\/schema.org\",\"@graph\":[{\"@type\":\"WebPage\",\"@id\":\"https:\\\/\\\/www.fundacionrafanadal.org\\\/en\\\/who-we-are\\\/team\\\/\",\"url\":\"https:\\\/\\\/www.fundacionrafanadal.org\\\/en\\\/who-we-are\\\/team\\\/\",\"name\":\"Team - Rafa Nadal Foundation\",\"isPartOf\":{\"@id\":\"https:\\\/\\\/www.fundacionrafanadal.org\\\/en\\\/#website\"},\"primaryImageOfPage\":{\"@id\":\"https:\\\/\\\/www.fundacionrafanadal.org\\\/en\\\/who-we-are\\\/team\\\/#primaryimage\"},\"image\":{\"@id\":\"https:\\\/\\\/www.fundacionrafanadal.org\\\/en\\\/who-we-are\\\/team\\\/#primaryimage\"},\"thumbnailUrl\":\"https:\\\/\\\/www.fundacionrafanadal.org\\\/wp-content\\\/uploads\\\/2026\\\/01\\\/zyx1bk9mqma.jpg\",\"datePublished\":\"2025-10-21T09:39:53+00:00\",\"dateModified\":\"2026-05-12T13:23:17+00:00\",\"breadcrumb\":{\"@id\":\"https:\\\/\\\/www.fundacionrafanadal.org\\\/en\\\/who-we-are\\\/team\\\/#breadcrumb\"},\"inLanguage\":\"en-US\",\"potentialAction\":[{\"@type\":\"ReadAction\",\"target\":[\"https:\\\/\\\/www.fundacionrafanadal.org\\\/en\\\/who-we-are\\\/team\\\/\"]}]},{\"@type\":\"ImageObject\",\"inLanguage\":\"en-US\",\"@id\":\"https:\\\/\\\/www.fundacionrafanadal.org\\\/en\\\/who-we-are\\\/team\\\/#primaryimage\",\"url\":\"https:\\\/\\\/www.fundacionrafanadal.org\\\/wp-content\\\/uploads\\\/2026\\\/01\\\/zyx1bk9mqma.jpg\",\"contentUrl\":\"https:\\\/\\\/www.fundacionrafanadal.org\\\/wp-content\\\/uploads\\\/2026\\\/01\\\/zyx1bk9mqma.jpg\",\"width\":1600,\"height\":1067,\"caption\":\"person in red sweater holding babys hand\"},{\"@type\":\"BreadcrumbList\",\"@id\":\"https:\\\/\\\/www.fundacionrafanadal.org\\\/en\\\/who-we-are\\\/team\\\/#breadcrumb\",\"itemListElement\":[{\"@type\":\"ListItem\",\"position\":1,\"name\":\"Portada\",\"item\":\"https:\\\/\\\/www.fundacionrafanadal.org\\\/en\\\/\"},{\"@type\":\"ListItem\",\"position\":2,\"name\":\"Who we are\",\"item\":\"https:\\\/\\\/www.fundacionrafanadal.org\\\/en\\\/who-we-are\\\/\"},{\"@type\":\"ListItem\",\"position\":3,\"name\":\"Team\"}]},{\"@type\":\"WebSite\",\"@id\":\"https:\\\/\\\/www.fundacionrafanadal.org\\\/en\\\/#website\",\"url\":\"https:\\\/\\\/www.fundacionrafanadal.org\\\/en\\\/\",\"name\":\"Rafa Nadal Foundation\",\"description\":\"\",\"potentialAction\":[{\"@type\":\"SearchAction\",\"target\":{\"@type\":\"EntryPoint\",\"urlTemplate\":\"https:\\\/\\\/www.fundacionrafanadal.org\\\/en\\\/?s={search_term_string}\"},\"query-input\":{\"@type\":\"PropertyValueSpecification\",\"valueRequired\":true,\"valueName\":\"search_term_string\"}}],\"inLanguage\":\"en-US\"}]}<\/script>\n<!-- \/ Yoast SEO plugin. -->","yoast_head_json":{"title":"Team - Rafa Nadal Foundation","robots":{"index":"index","follow":"follow","max-snippet":"max-snippet:-1","max-image-preview":"max-image-preview:large","max-video-preview":"max-video-preview:-1"},"canonical":"https:\/\/www.fundacionrafanadal.org\/en\/who-we-are\/team\/","og_locale":"en_US","og_type":"article","og_title":"Team - Rafa Nadal Foundation","og_description":"People are always the most important We are a committed, motivated team with a shared sense of purpose. We work to ensure that we attend all the beneficiaries of our projects with the utmost responsibility. Executive Management Mar\u00eda Francisca Perell\u00f3 General Director Jos\u00e9 Antonio Ruiz Deputy Director Isa P\u00e9rez Head of Communication Fani Ginard Head [&hellip;]","og_url":"https:\/\/www.fundacionrafanadal.org\/en\/who-we-are\/team\/","og_site_name":"Rafa Nadal Foundation","article_modified_time":"2026-05-12T13:23:17+00:00","og_image":[{"width":1600,"height":1067,"url":"https:\/\/www.fundacionrafanadal.org\/wp-content\/uploads\/2026\/01\/zyx1bk9mqma.jpg","type":"image\/jpeg"}],"twitter_card":"summary_large_image","twitter_misc":{"Est. reading time":"2 minutes"},"schema":{"@context":"https:\/\/schema.org","@graph":[{"@type":"WebPage","@id":"https:\/\/www.fundacionrafanadal.org\/en\/who-we-are\/team\/","url":"https:\/\/www.fundacionrafanadal.org\/en\/who-we-are\/team\/","name":"Team - Rafa Nadal Foundation","isPartOf":{"@id":"https:\/\/www.fundacionrafanadal.org\/en\/#website"},"primaryImageOfPage":{"@id":"https:\/\/www.fundacionrafanadal.org\/en\/who-we-are\/team\/#primaryimage"},"image":{"@id":"https:\/\/www.fundacionrafanadal.org\/en\/who-we-are\/team\/#primaryimage"},"thumbnailUrl":"https:\/\/www.fundacionrafanadal.org\/wp-content\/uploads\/2026\/01\/zyx1bk9mqma.jpg","datePublished":"2025-10-21T09:39:53+00:00","dateModified":"2026-05-12T13:23:17+00:00","breadcrumb":{"@id":"https:\/\/www.fundacionrafanadal.org\/en\/who-we-are\/team\/#breadcrumb"},"inLanguage":"en-US","potentialAction":[{"@type":"ReadAction","target":["https:\/\/www.fundacionrafanadal.org\/en\/who-we-are\/team\/"]}]},{"@type":"ImageObject","inLanguage":"en-US","@id":"https:\/\/www.fundacionrafanadal.org\/en\/who-we-are\/team\/#primaryimage","url":"https:\/\/www.fundacionrafanadal.org\/wp-content\/uploads\/2026\/01\/zyx1bk9mqma.jpg","contentUrl":"https:\/\/www.fundacionrafanadal.org\/wp-content\/uploads\/2026\/01\/zyx1bk9mqma.jpg","width":1600,"height":1067,"caption":"person in red sweater holding babys hand"},{"@type":"BreadcrumbList","@id":"https:\/\/www.fundacionrafanadal.org\/en\/who-we-are\/team\/#breadcrumb","itemListElement":[{"@type":"ListItem","position":1,"name":"Portada","item":"https:\/\/www.fundacionrafanadal.org\/en\/"},{"@type":"ListItem","position":2,"name":"Who we are","item":"https:\/\/www.fundacionrafanadal.org\/en\/who-we-are\/"},{"@type":"ListItem","position":3,"name":"Team"}]},{"@type":"WebSite","@id":"https:\/\/www.fundacionrafanadal.org\/en\/#website","url":"https:\/\/www.fundacionrafanadal.org\/en\/","name":"Rafa Nadal Foundation","description":"","potentialAction":[{"@type":"SearchAction","target":{"@type":"EntryPoint","urlTemplate":"https:\/\/www.fundacionrafanadal.org\/en\/?s={search_term_string}"},"query-input":{"@type":"PropertyValueSpecification","valueRequired":true,"valueName":"search_term_string"}}],"inLanguage":"en-US"}]}},"campaignId":"","_links":{"self":[{"href":"https:\/\/www.fundacionrafanadal.org\/en\/wp-json\/wp\/v2\/pages\/49184","targetHints":{"allow":["GET"]}}],"collection":[{"href":"https:\/\/www.fundacionrafanadal.org\/en\/wp-json\/wp\/v2\/pages"}],"about":[{"href":"https:\/\/www.fundacionrafanadal.org\/en\/wp-json\/wp\/v2\/types\/page"}],"author":[{"embeddable":true,"href":"https:\/\/www.fundacionrafanadal.org\/en\/wp-json\/wp\/v2\/users\/1"}],"replies":[{"embeddable":true,"href":"https:\/\/www.fundacionrafanadal.org\/en\/wp-json\/wp\/v2\/comments?post=49184"}],"version-history":[{"count":2,"href":"https:\/\/www.fundacionrafanadal.org\/en\/wp-json\/wp\/v2\/pages\/49184\/revisions"}],"predecessor-version":[{"id":70571,"href":"https:\/\/www.fundacionrafanadal.org\/en\/wp-json\/wp\/v2\/pages\/49184\/revisions\/70571"}],"up":[{"embeddable":true,"href":"https:\/\/www.fundacionrafanadal.org\/en\/wp-json\/wp\/v2\/pages\/49125"}],"wp:featuredmedia":[{"embeddable":true,"href":"https:\/\/www.fundacionrafanadal.org\/en\/wp-json\/wp\/v2\/media\/65274"}],"wp:attachment":[{"href":"https:\/\/www.fundacionrafanadal.org\/en\/wp-json\/wp\/v2\/media?parent=49184"}],"curies":[{"name":"wp","href":"https:\/\/api.w.org\/{rel}","templated":true}]}}