{"id":49195,"date":"2025-10-21T09:35:41","date_gmt":"2025-10-21T09:35:41","guid":{"rendered":"https:\/\/fundacionrafanadal.quelinka.es\/?page_id=49195"},"modified":"2025-12-09T10:01:54","modified_gmt":"2025-12-09T10:01:54","slug":"board-of-trustees","status":"publish","type":"page","link":"https:\/\/www.fundacionrafanadal.org\/en\/who-we-are\/board-of-trustees\/","title":{"rendered":"Board of trustees"},"content":{"rendered":"\n<h2 class=\"wp-block-heading\"><strong>Highest governing team<\/strong><\/h2>\n\n\n\n<p>A board of trustees that shares values \u200b\u200band philosophy, as well as family ties. He works with commitment and rigor so that the foundation\u2019s projects are carried out in the best possible way.<\/p>\n\n\n\n<div class=\"wp-block-group is-content-justification-center is-nowrap is-layout-flex wp-container-core-group-is-layout-23441af8 wp-block-group-is-layout-flex\" aria-labelledby=\"direccion--title\">\n<div class=\"wp-block-group is-content-justification-center is-layout-flex wp-container-core-group-is-layout-b02886af wp-block-group-is-layout-flex\">\n<div class=\"wp-block-group has-white-background-color has-background is-vertical is-content-justification-left is-layout-flex wp-container-core-group-is-layout-dd225191 wp-block-group-is-layout-flex\" style=\"border-width:2px\">\n<figure class=\"wp-block-image size-full is-resized\"><img decoding=\"async\" width=\"500\" height=\"450\" src=\"https:\/\/www.fundacionrafanadal.org\/wp-content\/uploads\/2025\/10\/anamaria-1.jpg\" alt=\"\" class=\"wp-image-27507\" style=\"object-fit:cover;width:300px;height:300px\" srcset=\"https:\/\/www.fundacionrafanadal.org\/wp-content\/uploads\/2025\/10\/anamaria-1.jpg 500w, https:\/\/www.fundacionrafanadal.org\/wp-content\/uploads\/2025\/10\/anamaria-1-300x270.jpg 300w, https:\/\/www.fundacionrafanadal.org\/wp-content\/uploads\/2025\/10\/anamaria-1-44x40.jpg 44w\" sizes=\"(max-width: 500px) 100vw, 500px\" \/><\/figure>\n\n\n\n<div style=\"height:0px\" aria-hidden=\"true\" class=\"wp-block-spacer wp-container-content-16d1eb73\"><\/div>\n\n\n\n<h4 class=\"wp-block-heading\">Ana Mar\u00eda Parera<\/h4>\n\n\n\n<p>President<\/p>\n<\/div>\n\n\n\n<div class=\"wp-block-group has-white-background-color has-background is-vertical is-content-justification-left is-layout-flex wp-container-core-group-is-layout-dd225191 wp-block-group-is-layout-flex\" style=\"border-width:2px\">\n<figure class=\"wp-block-image size-full is-resized\"><img decoding=\"async\" width=\"500\" height=\"450\" src=\"https:\/\/www.fundacionrafanadal.org\/wp-content\/uploads\/2025\/10\/RN_.jpg\" alt=\"\" class=\"wp-image-27505\" style=\"object-fit:cover;width:300px;height:300px\" srcset=\"https:\/\/www.fundacionrafanadal.org\/wp-content\/uploads\/2025\/10\/RN_.jpg 500w, https:\/\/www.fundacionrafanadal.org\/wp-content\/uploads\/2025\/10\/RN_-300x270.jpg 300w, https:\/\/www.fundacionrafanadal.org\/wp-content\/uploads\/2025\/10\/RN_-44x40.jpg 44w\" sizes=\"(max-width: 500px) 100vw, 500px\" \/><\/figure>\n\n\n\n<div style=\"height:0px\" aria-hidden=\"true\" class=\"wp-block-spacer wp-container-content-16d1eb73\"><\/div>\n\n\n\n<h4 class=\"wp-block-heading\">Rafael Nadal<\/h4>\n\n\n\n<p>Founding Patron<\/p>\n<\/div>\n\n\n\n<div class=\"wp-block-group has-white-background-color has-background is-vertical is-content-justification-left is-layout-flex wp-container-core-group-is-layout-dd225191 wp-block-group-is-layout-flex\" style=\"border-width:2px\">\n<figure class=\"wp-block-image size-full is-resized\"><img decoding=\"async\" width=\"300\" height=\"269\" src=\"https:\/\/www.fundacionrafanadal.org\/wp-content\/uploads\/2025\/10\/sebastian_frn-300x269-2.jpg\" alt=\"\" class=\"wp-image-27512\" style=\"object-fit:cover;width:300px;height:300px\" srcset=\"https:\/\/www.fundacionrafanadal.org\/wp-content\/uploads\/2025\/10\/sebastian_frn-300x269-2.jpg 300w, https:\/\/www.fundacionrafanadal.org\/wp-content\/uploads\/2025\/10\/sebastian_frn-300x269-2-44x39.jpg 44w\" sizes=\"(max-width: 300px) 100vw, 300px\" \/><\/figure>\n\n\n\n<div style=\"height:0px\" aria-hidden=\"true\" class=\"wp-block-spacer wp-container-content-16d1eb73\"><\/div>\n\n\n\n<h4 class=\"wp-block-heading\">Sebasti\u00e1n Nadal<\/h4>\n\n\n\n<p>Vice President<\/p>\n<\/div>\n<\/div>\n<\/div>\n\n\n\n<div style=\"height:20px\" aria-hidden=\"true\" class=\"wp-block-spacer\"><\/div>\n\n\n\n<div class=\"wp-block-group is-content-justification-center is-layout-flex wp-container-core-group-is-layout-b02886af wp-block-group-is-layout-flex\" aria-labelledby=\"direccion--title\">\n<div class=\"wp-block-group is-content-justification-center is-layout-flex wp-container-core-group-is-layout-b02886af wp-block-group-is-layout-flex\">\n<div class=\"wp-block-group has-background is-vertical is-content-justification-left is-layout-flex wp-container-core-group-is-layout-dd225191 wp-block-group-is-layout-flex\" style=\"background-color:#00000008\">\n<figure class=\"wp-block-image size-full is-resized\"><img decoding=\"async\" width=\"300\" height=\"270\" src=\"https:\/\/www.fundacionrafanadal.org\/wp-content\/uploads\/2025\/10\/juanjoseok-300x270-2.jpg\" alt=\"\" class=\"wp-image-27526\" style=\"object-fit:cover;width:200px;height:200px\" srcset=\"https:\/\/www.fundacionrafanadal.org\/wp-content\/uploads\/2025\/10\/juanjoseok-300x270-2.jpg 300w, https:\/\/www.fundacionrafanadal.org\/wp-content\/uploads\/2025\/10\/juanjoseok-300x270-2-44x40.jpg 44w\" sizes=\"(max-width: 300px) 100vw, 300px\" \/><\/figure>\n\n\n\n<div style=\"height:0px\" aria-hidden=\"true\" class=\"wp-block-spacer wp-container-content-16d1eb73\"><\/div>\n\n\n\n<h4 class=\"wp-block-heading\">Juan Jos\u00e9 Almagro<\/h4>\n\n\n\n<p>Vocal<\/p>\n<\/div>\n\n\n\n<div class=\"wp-block-group has-background is-vertical is-content-justification-left is-layout-flex wp-container-core-group-is-layout-dd225191 wp-block-group-is-layout-flex\" style=\"background-color:#00000008\">\n<figure class=\"wp-block-image size-full is-resized\"><img decoding=\"async\" width=\"300\" height=\"270\" src=\"https:\/\/www.fundacionrafanadal.org\/wp-content\/uploads\/2025\/10\/bergia-300x270-1.jpg\" alt=\"\" class=\"wp-image-27527\" style=\"object-fit:cover;width:200px;height:200px\" srcset=\"https:\/\/www.fundacionrafanadal.org\/wp-content\/uploads\/2025\/10\/bergia-300x270-1.jpg 300w, https:\/\/www.fundacionrafanadal.org\/wp-content\/uploads\/2025\/10\/bergia-300x270-1-44x40.jpg 44w\" sizes=\"(max-width: 300px) 100vw, 300px\" \/><\/figure>\n\n\n\n<div style=\"height:0px\" aria-hidden=\"true\" class=\"wp-block-spacer wp-container-content-16d1eb73\"><\/div>\n\n\n\n<h4 class=\"wp-block-heading\">Francisco De Bergia<\/h4>\n\n\n\n<p>Vocal<\/p>\n<\/div>\n\n\n\n<div class=\"wp-block-group has-background is-vertical is-content-justification-left is-layout-flex wp-container-core-group-is-layout-dd225191 wp-block-group-is-layout-flex\" style=\"background-color:#00000008\">\n<figure class=\"wp-block-image size-full is-resized\"><img decoding=\"async\" width=\"300\" height=\"271\" src=\"https:\/\/www.fundacionrafanadal.org\/wp-content\/uploads\/2025\/10\/ricardo-300x271-1.jpg\" alt=\"\" class=\"wp-image-27528\" style=\"object-fit:cover;width:200px;height:200px\" srcset=\"https:\/\/www.fundacionrafanadal.org\/wp-content\/uploads\/2025\/10\/ricardo-300x271-1.jpg 300w, https:\/\/www.fundacionrafanadal.org\/wp-content\/uploads\/2025\/10\/ricardo-300x271-1-44x40.jpg 44w\" sizes=\"(max-width: 300px) 100vw, 300px\" \/><\/figure>\n\n\n\n<div style=\"height:0px\" aria-hidden=\"true\" class=\"wp-block-spacer wp-container-content-16d1eb73\"><\/div>\n\n\n\n<h4 class=\"wp-block-heading\">Ricardo De Diego<\/h4>\n\n\n\n<p>Vocal<\/p>\n<\/div>\n\n\n\n<div class=\"wp-block-group has-background is-vertical is-content-justification-left is-layout-flex wp-container-core-group-is-layout-dd225191 wp-block-group-is-layout-flex\" style=\"background-color:#00000008\">\n<figure class=\"wp-block-image size-full is-resized\"><img decoding=\"async\" width=\"300\" height=\"271\" src=\"https:\/\/www.fundacionrafanadal.org\/wp-content\/uploads\/2025\/10\/Raquel-Gomez-Perez-1-1-300x271-1.png\" alt=\"\" class=\"wp-image-27529\" style=\"object-fit:cover;width:200px;height:200px\" srcset=\"https:\/\/www.fundacionrafanadal.org\/wp-content\/uploads\/2025\/10\/Raquel-Gomez-Perez-1-1-300x271-1.png 300w, https:\/\/www.fundacionrafanadal.org\/wp-content\/uploads\/2025\/10\/Raquel-Gomez-Perez-1-1-300x271-1-44x40.png 44w\" sizes=\"(max-width: 300px) 100vw, 300px\" \/><\/figure>\n\n\n\n<div style=\"height:0px\" aria-hidden=\"true\" class=\"wp-block-spacer wp-container-content-16d1eb73\"><\/div>\n\n\n\n<h4 class=\"wp-block-heading\">Raquel G\u00f3mez<\/h4>\n\n\n\n<p>Secretary<\/p>\n<\/div>\n<\/div>\n<\/div>\n\n\n\n<div style=\"height:150px;width:0px\" aria-hidden=\"true\" class=\"wp-block-spacer\"><\/div>\n\n\n<div class=\"wp-block-image circles--end\">\n<figure class=\"aligncenter size-full\"><img decoding=\"async\" width=\"820\" height=\"147\" src=\"https:\/\/www.fundacionrafanadal.org\/wp-content\/uploads\/2025\/10\/circles-end.jpg\" alt=\"\" class=\"wp-image-27101\" srcset=\"https:\/\/www.fundacionrafanadal.org\/wp-content\/uploads\/2025\/10\/circles-end.jpg 820w, https:\/\/www.fundacionrafanadal.org\/wp-content\/uploads\/2025\/10\/circles-end-300x54.jpg 300w, https:\/\/www.fundacionrafanadal.org\/wp-content\/uploads\/2025\/10\/circles-end-768x138.jpg 768w, https:\/\/www.fundacionrafanadal.org\/wp-content\/uploads\/2025\/10\/circles-end-44x8.jpg 44w\" sizes=\"(max-width: 820px) 100vw, 820px\" \/><\/figure>\n<\/div>","protected":false},"excerpt":{"rendered":"<p>Highest governing team A board of trustees that shares values \u200b\u200band philosophy, as well as family ties. He works with commitment and rigor so that the foundation\u2019s projects are carried out in the best possible way. Ana Mar\u00eda Parera President Rafael Nadal Founding Patron Sebasti\u00e1n Nadal Vice President Juan Jos\u00e9 Almagro Vocal Francisco De Bergia [&hellip;]<\/p>\n","protected":false},"author":1,"featured_media":49194,"parent":49125,"menu_order":0,"comment_status":"closed","ping_status":"closed","template":"","meta":{"_acf_changed":false,"give_campaign_id":0,"inline_featured_image":false,"footnotes":""},"class_list":["post-49195","page","type-page","status-publish","has-post-thumbnail","hentry"],"acf":[],"yoast_head":"<!-- This site is optimized with the Yoast SEO plugin v27.4 - https:\/\/yoast.com\/product\/yoast-seo-wordpress\/ -->\n<title>Board of trustees - Rafa Nadal Foundation<\/title>\n<meta name=\"robots\" content=\"index, follow, max-snippet:-1, max-image-preview:large, max-video-preview:-1\" \/>\n<link rel=\"canonical\" href=\"https:\/\/www.fundacionrafanadal.org\/en\/who-we-are\/board-of-trustees\/\" \/>\n<meta property=\"og:locale\" content=\"en_US\" \/>\n<meta property=\"og:type\" content=\"article\" \/>\n<meta property=\"og:title\" content=\"Board of trustees - Rafa Nadal Foundation\" \/>\n<meta property=\"og:description\" content=\"Highest governing team A board of trustees that shares values \u200b\u200band philosophy, as well as family ties. He works with commitment and rigor so that the foundation\u2019s projects are carried out in the best possible way. Ana Mar\u00eda Parera President Rafael Nadal Founding Patron Sebasti\u00e1n Nadal Vice President Juan Jos\u00e9 Almagro Vocal Francisco De Bergia [&hellip;]\" \/>\n<meta property=\"og:url\" content=\"https:\/\/www.fundacionrafanadal.org\/en\/who-we-are\/board-of-trustees\/\" \/>\n<meta property=\"og:site_name\" content=\"Rafa Nadal Foundation\" \/>\n<meta property=\"article:modified_time\" content=\"2025-12-09T10:01:54+00:00\" \/>\n<meta property=\"og:image\" content=\"https:\/\/www.fundacionrafanadal.org\/wp-content\/uploads\/2025\/10\/portada.png\" \/>\n\t<meta property=\"og:image:width\" content=\"942\" \/>\n\t<meta property=\"og:image:height\" content=\"452\" \/>\n\t<meta property=\"og:image:type\" content=\"image\/png\" \/>\n<meta name=\"twitter:card\" content=\"summary_large_image\" \/>\n<meta name=\"twitter:label1\" content=\"Est. reading time\" \/>\n\t<meta name=\"twitter:data1\" content=\"2 minutes\" \/>\n<script type=\"application\/ld+json\" class=\"yoast-schema-graph\">{\"@context\":\"https:\\\/\\\/schema.org\",\"@graph\":[{\"@type\":\"WebPage\",\"@id\":\"https:\\\/\\\/www.fundacionrafanadal.org\\\/en\\\/who-we-are\\\/board-of-trustees\\\/\",\"url\":\"https:\\\/\\\/www.fundacionrafanadal.org\\\/en\\\/who-we-are\\\/board-of-trustees\\\/\",\"name\":\"Board of trustees - Rafa Nadal Foundation\",\"isPartOf\":{\"@id\":\"https:\\\/\\\/www.fundacionrafanadal.org\\\/en\\\/#website\"},\"primaryImageOfPage\":{\"@id\":\"https:\\\/\\\/www.fundacionrafanadal.org\\\/en\\\/who-we-are\\\/board-of-trustees\\\/#primaryimage\"},\"image\":{\"@id\":\"https:\\\/\\\/www.fundacionrafanadal.org\\\/en\\\/who-we-are\\\/board-of-trustees\\\/#primaryimage\"},\"thumbnailUrl\":\"https:\\\/\\\/www.fundacionrafanadal.org\\\/wp-content\\\/uploads\\\/2025\\\/10\\\/portada.png\",\"datePublished\":\"2025-10-21T09:35:41+00:00\",\"dateModified\":\"2025-12-09T10:01:54+00:00\",\"breadcrumb\":{\"@id\":\"https:\\\/\\\/www.fundacionrafanadal.org\\\/en\\\/who-we-are\\\/board-of-trustees\\\/#breadcrumb\"},\"inLanguage\":\"en-US\",\"potentialAction\":[{\"@type\":\"ReadAction\",\"target\":[\"https:\\\/\\\/www.fundacionrafanadal.org\\\/en\\\/who-we-are\\\/board-of-trustees\\\/\"]}]},{\"@type\":\"ImageObject\",\"inLanguage\":\"en-US\",\"@id\":\"https:\\\/\\\/www.fundacionrafanadal.org\\\/en\\\/who-we-are\\\/board-of-trustees\\\/#primaryimage\",\"url\":\"https:\\\/\\\/www.fundacionrafanadal.org\\\/wp-content\\\/uploads\\\/2025\\\/10\\\/portada.png\",\"contentUrl\":\"https:\\\/\\\/www.fundacionrafanadal.org\\\/wp-content\\\/uploads\\\/2025\\\/10\\\/portada.png\",\"width\":942,\"height\":452},{\"@type\":\"BreadcrumbList\",\"@id\":\"https:\\\/\\\/www.fundacionrafanadal.org\\\/en\\\/who-we-are\\\/board-of-trustees\\\/#breadcrumb\",\"itemListElement\":[{\"@type\":\"ListItem\",\"position\":1,\"name\":\"Portada\",\"item\":\"https:\\\/\\\/www.fundacionrafanadal.org\\\/en\\\/\"},{\"@type\":\"ListItem\",\"position\":2,\"name\":\"Who we are\",\"item\":\"https:\\\/\\\/www.fundacionrafanadal.org\\\/en\\\/who-we-are\\\/\"},{\"@type\":\"ListItem\",\"position\":3,\"name\":\"Board of trustees\"}]},{\"@type\":\"WebSite\",\"@id\":\"https:\\\/\\\/www.fundacionrafanadal.org\\\/en\\\/#website\",\"url\":\"https:\\\/\\\/www.fundacionrafanadal.org\\\/en\\\/\",\"name\":\"Rafa Nadal Foundation\",\"description\":\"\",\"potentialAction\":[{\"@type\":\"SearchAction\",\"target\":{\"@type\":\"EntryPoint\",\"urlTemplate\":\"https:\\\/\\\/www.fundacionrafanadal.org\\\/en\\\/?s={search_term_string}\"},\"query-input\":{\"@type\":\"PropertyValueSpecification\",\"valueRequired\":true,\"valueName\":\"search_term_string\"}}],\"inLanguage\":\"en-US\"}]}<\/script>\n<!-- \/ Yoast SEO plugin. -->","yoast_head_json":{"title":"Board of trustees - Rafa Nadal Foundation","robots":{"index":"index","follow":"follow","max-snippet":"max-snippet:-1","max-image-preview":"max-image-preview:large","max-video-preview":"max-video-preview:-1"},"canonical":"https:\/\/www.fundacionrafanadal.org\/en\/who-we-are\/board-of-trustees\/","og_locale":"en_US","og_type":"article","og_title":"Board of trustees - Rafa Nadal Foundation","og_description":"Highest governing team A board of trustees that shares values \u200b\u200band philosophy, as well as family ties. He works with commitment and rigor so that the foundation\u2019s projects are carried out in the best possible way. Ana Mar\u00eda Parera President Rafael Nadal Founding Patron Sebasti\u00e1n Nadal Vice President Juan Jos\u00e9 Almagro Vocal Francisco De Bergia [&hellip;]","og_url":"https:\/\/www.fundacionrafanadal.org\/en\/who-we-are\/board-of-trustees\/","og_site_name":"Rafa Nadal Foundation","article_modified_time":"2025-12-09T10:01:54+00:00","og_image":[{"width":942,"height":452,"url":"https:\/\/www.fundacionrafanadal.org\/wp-content\/uploads\/2025\/10\/portada.png","type":"image\/png"}],"twitter_card":"summary_large_image","twitter_misc":{"Est. reading time":"2 minutes"},"schema":{"@context":"https:\/\/schema.org","@graph":[{"@type":"WebPage","@id":"https:\/\/www.fundacionrafanadal.org\/en\/who-we-are\/board-of-trustees\/","url":"https:\/\/www.fundacionrafanadal.org\/en\/who-we-are\/board-of-trustees\/","name":"Board of trustees - Rafa Nadal Foundation","isPartOf":{"@id":"https:\/\/www.fundacionrafanadal.org\/en\/#website"},"primaryImageOfPage":{"@id":"https:\/\/www.fundacionrafanadal.org\/en\/who-we-are\/board-of-trustees\/#primaryimage"},"image":{"@id":"https:\/\/www.fundacionrafanadal.org\/en\/who-we-are\/board-of-trustees\/#primaryimage"},"thumbnailUrl":"https:\/\/www.fundacionrafanadal.org\/wp-content\/uploads\/2025\/10\/portada.png","datePublished":"2025-10-21T09:35:41+00:00","dateModified":"2025-12-09T10:01:54+00:00","breadcrumb":{"@id":"https:\/\/www.fundacionrafanadal.org\/en\/who-we-are\/board-of-trustees\/#breadcrumb"},"inLanguage":"en-US","potentialAction":[{"@type":"ReadAction","target":["https:\/\/www.fundacionrafanadal.org\/en\/who-we-are\/board-of-trustees\/"]}]},{"@type":"ImageObject","inLanguage":"en-US","@id":"https:\/\/www.fundacionrafanadal.org\/en\/who-we-are\/board-of-trustees\/#primaryimage","url":"https:\/\/www.fundacionrafanadal.org\/wp-content\/uploads\/2025\/10\/portada.png","contentUrl":"https:\/\/www.fundacionrafanadal.org\/wp-content\/uploads\/2025\/10\/portada.png","width":942,"height":452},{"@type":"BreadcrumbList","@id":"https:\/\/www.fundacionrafanadal.org\/en\/who-we-are\/board-of-trustees\/#breadcrumb","itemListElement":[{"@type":"ListItem","position":1,"name":"Portada","item":"https:\/\/www.fundacionrafanadal.org\/en\/"},{"@type":"ListItem","position":2,"name":"Who we are","item":"https:\/\/www.fundacionrafanadal.org\/en\/who-we-are\/"},{"@type":"ListItem","position":3,"name":"Board of trustees"}]},{"@type":"WebSite","@id":"https:\/\/www.fundacionrafanadal.org\/en\/#website","url":"https:\/\/www.fundacionrafanadal.org\/en\/","name":"Rafa Nadal Foundation","description":"","potentialAction":[{"@type":"SearchAction","target":{"@type":"EntryPoint","urlTemplate":"https:\/\/www.fundacionrafanadal.org\/en\/?s={search_term_string}"},"query-input":{"@type":"PropertyValueSpecification","valueRequired":true,"valueName":"search_term_string"}}],"inLanguage":"en-US"}]}},"campaignId":"","_links":{"self":[{"href":"https:\/\/www.fundacionrafanadal.org\/en\/wp-json\/wp\/v2\/pages\/49195","targetHints":{"allow":["GET"]}}],"collection":[{"href":"https:\/\/www.fundacionrafanadal.org\/en\/wp-json\/wp\/v2\/pages"}],"about":[{"href":"https:\/\/www.fundacionrafanadal.org\/en\/wp-json\/wp\/v2\/types\/page"}],"author":[{"embeddable":true,"href":"https:\/\/www.fundacionrafanadal.org\/en\/wp-json\/wp\/v2\/users\/1"}],"replies":[{"embeddable":true,"href":"https:\/\/www.fundacionrafanadal.org\/en\/wp-json\/wp\/v2\/comments?post=49195"}],"version-history":[{"count":0,"href":"https:\/\/www.fundacionrafanadal.org\/en\/wp-json\/wp\/v2\/pages\/49195\/revisions"}],"up":[{"embeddable":true,"href":"https:\/\/www.fundacionrafanadal.org\/en\/wp-json\/wp\/v2\/pages\/49125"}],"wp:featuredmedia":[{"embeddable":true,"href":"https:\/\/www.fundacionrafanadal.org\/en\/wp-json\/wp\/v2\/media\/49194"}],"wp:attachment":[{"href":"https:\/\/www.fundacionrafanadal.org\/en\/wp-json\/wp\/v2\/media?parent=49195"}],"curies":[{"name":"wp","href":"https:\/\/api.w.org\/{rel}","templated":true}]}}